{"id":8714,"date":"2026-04-24T14:26:49","date_gmt":"2026-04-24T19:26:49","guid":{"rendered":"https:\/\/www.synthec.com\/peru\/?post_type=product&#038;p=8714"},"modified":"2026-05-06T11:48:08","modified_gmt":"2026-05-06T16:48:08","slug":"lubricante-equipos-electricos-lubriplate-ds-es","status":"publish","type":"product","link":"https:\/\/www.synthec.com\/peru\/producto\/lubricante-equipos-electricos-lubriplate-ds-es\/","title":{"rendered":"Lubriplate DS-ES Lubricant"},"content":{"rendered":"<p data-start=\"35\" data-end=\"391\">LUBRIPLATE DS-ES es un lubricante para equipos el\u00e9ctricos y electr\u00f3nicos dise\u00f1ado para ofrecer un desempe\u00f1o confiable en aplicaciones donde la precisi\u00f3n, la seguridad y la durabilidad son cr\u00edticas. Es ampliamente utilizado en interruptores automotrices y unidades de contacto, cumpliendo con exigentes est\u00e1ndares de seguridad para este tipo de equipos.<\/p>\n<p data-start=\"393\" data-end=\"798\">Este lubricante para equipos el\u00e9ctricos y electr\u00f3nicos tambi\u00e9n es ideal para cojinetes de motores el\u00e9ctricos, husillos y otros componentes mec\u00e1nicos que operan a altas velocidades y requieren bajo par de arranque. Su formulaci\u00f3n contribuye a una larga vida \u00fatil del equipo, mientras que su adecuado punto de anilina asegura una excelente compatibilidad con sellos, reduciendo el riesgo de degradaci\u00f3n.<\/p>\n","protected":false},"excerpt":{"rendered":"<p>LUBRIPLATE DS-ES es un lubricante para equipos el\u00e9ctricos y electr\u00f3nicos dise\u00f1ado para ofrecer un desempe\u00f1o confiable en aplicaciones donde la precisi\u00f3n, la seguridad y la durabilidad son cr\u00edticas. Es ampliamente utilizado en interruptores automotrices y unidades de contacto, cumpliendo con exigentes est\u00e1ndares de seguridad para este tipo de equipos. Este lubricante para equipos el\u00e9ctricos y [&hellip;]<\/p>\n","protected":false},"featured_media":8715,"comment_status":"open","ping_status":"closed","template":"","meta":{"_acf_changed":false},"product_brand":[],"product_cat":[30,35],"product_tag":[],"product_line":[],"brand":[274],"class_list":{"0":"post-8714","1":"product","2":"type-product","3":"status-publish","4":"has-post-thumbnail","6":"product_cat-lubricacion","7":"product_cat-electrico","8":"brand-lubriplate-lubricants-co","10":"first","11":"instock","12":"shipping-taxable","13":"product-type-simple"},"acf":[],"yoast_head":"<!-- This site is optimized with the Yoast SEO plugin v27.0 - https:\/\/yoast.com\/product\/yoast-seo-wordpress\/ -->\n<title>LUBRIPLATE DS-ES - Lubricante para equipos el\u00e9ctricos<\/title>\n<meta name=\"description\" content=\"Lubricante para equipos el\u00e9ctricos LUBRIPLATE DS-ES: alto rendimiento, baja fricci\u00f3n y larga vida \u00fatil en componentes electr\u00f3nicos.\" \/>\n<meta name=\"robots\" content=\"index, follow, max-snippet:-1, max-image-preview:large, max-video-preview:-1\" \/>\n<link rel=\"canonical\" href=\"https:\/\/www.synthec.com\/peru\/producto\/lubricante-equipos-electricos-lubriplate-ds-es\/\" \/>\n<meta property=\"og:locale\" content=\"es_ES\" \/>\n<meta property=\"og:type\" content=\"article\" \/>\n<meta property=\"og:title\" content=\"LUBRIPLATE DS-ES - Lubricante para equipos el\u00e9ctricos\" \/>\n<meta property=\"og:description\" content=\"Lubricante para equipos el\u00e9ctricos LUBRIPLATE DS-ES: alto rendimiento, baja fricci\u00f3n y larga vida \u00fatil en componentes electr\u00f3nicos.\" \/>\n<meta property=\"og:url\" content=\"https:\/\/www.synthec.com\/peru\/producto\/lubricante-equipos-electricos-lubriplate-ds-es\/\" \/>\n<meta property=\"og:site_name\" content=\"Synthec.com\" \/>\n<meta property=\"article:modified_time\" content=\"2026-05-06T16:48:08+00:00\" \/>\n<meta property=\"og:image\" content=\"https:\/\/www.synthec.com\/peru\/wp-content\/uploads\/2026\/04\/LUBRIPLATE-DS-ES-Lubricant.jpg\" \/>\n\t<meta property=\"og:image:width\" content=\"850\" \/>\n\t<meta property=\"og:image:height\" content=\"1000\" \/>\n\t<meta property=\"og:image:type\" content=\"image\/jpeg\" \/>\n<meta name=\"twitter:card\" content=\"summary_large_image\" \/>\n<meta name=\"twitter:label1\" content=\"Est. reading time\" \/>\n\t<meta name=\"twitter:data1\" content=\"1 minuto\" \/>\n<script type=\"application\/ld+json\" class=\"yoast-schema-graph\">{\"@context\":\"https:\/\/schema.org\",\"@graph\":[{\"@type\":\"WebPage\",\"@id\":\"https:\/\/www.synthec.com\/peru\/producto\/lubricante-equipos-electricos-lubriplate-ds-es\/\",\"url\":\"https:\/\/www.synthec.com\/peru\/producto\/lubricante-equipos-electricos-lubriplate-ds-es\/\",\"name\":\"LUBRIPLATE DS-ES - Lubricante para equipos el\u00e9ctricos\",\"isPartOf\":{\"@id\":\"https:\/\/www.synthec.com\/peru\/#website\"},\"primaryImageOfPage\":{\"@id\":\"https:\/\/www.synthec.com\/peru\/producto\/lubricante-equipos-electricos-lubriplate-ds-es\/#primaryimage\"},\"image\":{\"@id\":\"https:\/\/www.synthec.com\/peru\/producto\/lubricante-equipos-electricos-lubriplate-ds-es\/#primaryimage\"},\"thumbnailUrl\":\"https:\/\/www.synthec.com\/peru\/wp-content\/uploads\/2026\/04\/LUBRIPLATE-DS-ES-Lubricant.jpg\",\"datePublished\":\"2026-04-24T19:26:49+00:00\",\"dateModified\":\"2026-05-06T16:48:08+00:00\",\"description\":\"Lubricante para equipos el\u00e9ctricos LUBRIPLATE DS-ES: alto rendimiento, baja fricci\u00f3n y larga vida \u00fatil en componentes electr\u00f3nicos.\",\"breadcrumb\":{\"@id\":\"https:\/\/www.synthec.com\/peru\/producto\/lubricante-equipos-electricos-lubriplate-ds-es\/#breadcrumb\"},\"inLanguage\":\"es-PE\",\"potentialAction\":[{\"@type\":\"ReadAction\",\"target\":[\"https:\/\/www.synthec.com\/peru\/producto\/lubricante-equipos-electricos-lubriplate-ds-es\/\"]}]},{\"@type\":\"ImageObject\",\"inLanguage\":\"es-PE\",\"@id\":\"https:\/\/www.synthec.com\/peru\/producto\/lubricante-equipos-electricos-lubriplate-ds-es\/#primaryimage\",\"url\":\"https:\/\/www.synthec.com\/peru\/wp-content\/uploads\/2026\/04\/LUBRIPLATE-DS-ES-Lubricant.jpg\",\"contentUrl\":\"https:\/\/www.synthec.com\/peru\/wp-content\/uploads\/2026\/04\/LUBRIPLATE-DS-ES-Lubricant.jpg\",\"width\":850,\"height\":1000},{\"@type\":\"BreadcrumbList\",\"@id\":\"https:\/\/www.synthec.com\/peru\/producto\/lubricante-equipos-electricos-lubriplate-ds-es\/#breadcrumb\",\"itemListElement\":[{\"@type\":\"ListItem\",\"position\":1,\"name\":\"Home\",\"item\":\"https:\/\/www.synthec.com\/peru\/\"},{\"@type\":\"ListItem\",\"position\":2,\"name\":\"Shop\",\"item\":\"https:\/\/www.synthec.com\/peru\/shop\/\"},{\"@type\":\"ListItem\",\"position\":3,\"name\":\"Lubriplate DS-ES Lubricant\"}]},{\"@type\":\"WebSite\",\"@id\":\"https:\/\/www.synthec.com\/peru\/#website\",\"url\":\"https:\/\/www.synthec.com\/peru\/\",\"name\":\"Synthec.com\",\"description\":\"Contribuimos con soluciones y productos de alta especialidad a la generaci\u00f3n de un futuro sostenible.\",\"potentialAction\":[{\"@type\":\"SearchAction\",\"target\":{\"@type\":\"EntryPoint\",\"urlTemplate\":\"https:\/\/www.synthec.com\/peru\/?s={search_term_string}\"},\"query-input\":{\"@type\":\"PropertyValueSpecification\",\"valueRequired\":true,\"valueName\":\"search_term_string\"}}],\"inLanguage\":\"es-PE\"}]}<\/script>\n<!-- \/ Yoast SEO plugin. -->","yoast_head_json":{"title":"LUBRIPLATE DS-ES - Lubricante para equipos el\u00e9ctricos","description":"Lubricante para equipos el\u00e9ctricos LUBRIPLATE DS-ES: alto rendimiento, baja fricci\u00f3n y larga vida \u00fatil en componentes electr\u00f3nicos.","robots":{"index":"index","follow":"follow","max-snippet":"max-snippet:-1","max-image-preview":"max-image-preview:large","max-video-preview":"max-video-preview:-1"},"canonical":"https:\/\/www.synthec.com\/peru\/producto\/lubricante-equipos-electricos-lubriplate-ds-es\/","og_locale":"es_ES","og_type":"article","og_title":"LUBRIPLATE DS-ES - Lubricante para equipos el\u00e9ctricos","og_description":"Lubricante para equipos el\u00e9ctricos LUBRIPLATE DS-ES: alto rendimiento, baja fricci\u00f3n y larga vida \u00fatil en componentes electr\u00f3nicos.","og_url":"https:\/\/www.synthec.com\/peru\/producto\/lubricante-equipos-electricos-lubriplate-ds-es\/","og_site_name":"Synthec.com","article_modified_time":"2026-05-06T16:48:08+00:00","og_image":[{"width":850,"height":1000,"url":"https:\/\/www.synthec.com\/peru\/wp-content\/uploads\/2026\/04\/LUBRIPLATE-DS-ES-Lubricant.jpg","type":"image\/jpeg"}],"twitter_card":"summary_large_image","twitter_misc":{"Est. reading time":"1 minuto"},"schema":{"@context":"https:\/\/schema.org","@graph":[{"@type":"WebPage","@id":"https:\/\/www.synthec.com\/peru\/producto\/lubricante-equipos-electricos-lubriplate-ds-es\/","url":"https:\/\/www.synthec.com\/peru\/producto\/lubricante-equipos-electricos-lubriplate-ds-es\/","name":"LUBRIPLATE DS-ES - Lubricante para equipos el\u00e9ctricos","isPartOf":{"@id":"https:\/\/www.synthec.com\/peru\/#website"},"primaryImageOfPage":{"@id":"https:\/\/www.synthec.com\/peru\/producto\/lubricante-equipos-electricos-lubriplate-ds-es\/#primaryimage"},"image":{"@id":"https:\/\/www.synthec.com\/peru\/producto\/lubricante-equipos-electricos-lubriplate-ds-es\/#primaryimage"},"thumbnailUrl":"https:\/\/www.synthec.com\/peru\/wp-content\/uploads\/2026\/04\/LUBRIPLATE-DS-ES-Lubricant.jpg","datePublished":"2026-04-24T19:26:49+00:00","dateModified":"2026-05-06T16:48:08+00:00","description":"Lubricante para equipos el\u00e9ctricos LUBRIPLATE DS-ES: alto rendimiento, baja fricci\u00f3n y larga vida \u00fatil en componentes electr\u00f3nicos.","breadcrumb":{"@id":"https:\/\/www.synthec.com\/peru\/producto\/lubricante-equipos-electricos-lubriplate-ds-es\/#breadcrumb"},"inLanguage":"es-PE","potentialAction":[{"@type":"ReadAction","target":["https:\/\/www.synthec.com\/peru\/producto\/lubricante-equipos-electricos-lubriplate-ds-es\/"]}]},{"@type":"ImageObject","inLanguage":"es-PE","@id":"https:\/\/www.synthec.com\/peru\/producto\/lubricante-equipos-electricos-lubriplate-ds-es\/#primaryimage","url":"https:\/\/www.synthec.com\/peru\/wp-content\/uploads\/2026\/04\/LUBRIPLATE-DS-ES-Lubricant.jpg","contentUrl":"https:\/\/www.synthec.com\/peru\/wp-content\/uploads\/2026\/04\/LUBRIPLATE-DS-ES-Lubricant.jpg","width":850,"height":1000},{"@type":"BreadcrumbList","@id":"https:\/\/www.synthec.com\/peru\/producto\/lubricante-equipos-electricos-lubriplate-ds-es\/#breadcrumb","itemListElement":[{"@type":"ListItem","position":1,"name":"Home","item":"https:\/\/www.synthec.com\/peru\/"},{"@type":"ListItem","position":2,"name":"Shop","item":"https:\/\/www.synthec.com\/peru\/shop\/"},{"@type":"ListItem","position":3,"name":"Lubriplate DS-ES Lubricant"}]},{"@type":"WebSite","@id":"https:\/\/www.synthec.com\/peru\/#website","url":"https:\/\/www.synthec.com\/peru\/","name":"Synthec.com","description":"Contribuimos con soluciones y productos de alta especialidad a la generaci\u00f3n de un futuro sostenible.","potentialAction":[{"@type":"SearchAction","target":{"@type":"EntryPoint","urlTemplate":"https:\/\/www.synthec.com\/peru\/?s={search_term_string}"},"query-input":{"@type":"PropertyValueSpecification","valueRequired":true,"valueName":"search_term_string"}}],"inLanguage":"es-PE"}]}},"_links":{"self":[{"href":"https:\/\/www.synthec.com\/peru\/wp-json\/wp\/v2\/product\/8714","targetHints":{"allow":["GET"]}}],"collection":[{"href":"https:\/\/www.synthec.com\/peru\/wp-json\/wp\/v2\/product"}],"about":[{"href":"https:\/\/www.synthec.com\/peru\/wp-json\/wp\/v2\/types\/product"}],"replies":[{"embeddable":true,"href":"https:\/\/www.synthec.com\/peru\/wp-json\/wp\/v2\/comments?post=8714"}],"wp:featuredmedia":[{"embeddable":true,"href":"https:\/\/www.synthec.com\/peru\/wp-json\/wp\/v2\/media\/8715"}],"wp:attachment":[{"href":"https:\/\/www.synthec.com\/peru\/wp-json\/wp\/v2\/media?parent=8714"}],"wp:term":[{"taxonomy":"product_brand","embeddable":true,"href":"https:\/\/www.synthec.com\/peru\/wp-json\/wp\/v2\/product_brand?post=8714"},{"taxonomy":"product_cat","embeddable":true,"href":"https:\/\/www.synthec.com\/peru\/wp-json\/wp\/v2\/product_cat?post=8714"},{"taxonomy":"product_tag","embeddable":true,"href":"https:\/\/www.synthec.com\/peru\/wp-json\/wp\/v2\/product_tag?post=8714"},{"taxonomy":"product_line","embeddable":true,"href":"https:\/\/www.synthec.com\/peru\/wp-json\/wp\/v2\/product_line?post=8714"},{"taxonomy":"brand","embeddable":true,"href":"https:\/\/www.synthec.com\/peru\/wp-json\/wp\/v2\/brand?post=8714"}],"curies":[{"name":"wp","href":"https:\/\/api.w.org\/{rel}","templated":true}]}}