{"id":8447,"date":"2026-03-27T17:01:22","date_gmt":"2026-03-27T22:01:22","guid":{"rendered":"https:\/\/www.synthec.com\/peru\/?post_type=product&#038;p=8447"},"modified":"2026-03-27T17:03:26","modified_gmt":"2026-03-27T22:03:26","slug":"sealweld-equa-lube-80","status":"publish","type":"product","link":"https:\/\/www.synthec.com\/peru\/producto\/sealweld-equa-lube-80\/","title":{"rendered":"SEALWELD Equa-Lube 80"},"content":{"rendered":"<p>Es un lubricante sint\u00e9tico de alto rendimiento que crea una pel\u00edcula protectora insoluble para resguardar las superficies de sellado y reducir el torque de operaci\u00f3n. Su aplicaci\u00f3n inmediata tras pruebas hidrost\u00e1ticas es clave para desplazar el agua residual y prevenir la corrosi\u00f3n interna. Adem\u00e1s, blinda la v\u00e1lvula contra da\u00f1os por contaminantes como arena y escoria de soldadura durante la puesta en marcha. Al ser resistente al agua, petr\u00f3leo crudo y gas natural, es la soluci\u00f3n ideal para maximizar la vida \u00fatil de v\u00e1lvulas nuevas en refiner\u00edas, cabezales de pozo y sistemas de distribuci\u00f3n.<\/p>\n","protected":false},"excerpt":{"rendered":"<p>Es un lubricante sint\u00e9tico de alto rendimiento que crea una pel\u00edcula protectora insoluble para resguardar las superficies de sellado y reducir el torque de operaci\u00f3n. Su aplicaci\u00f3n inmediata tras pruebas hidrost\u00e1ticas es clave para desplazar el agua residual y prevenir la corrosi\u00f3n interna. Adem\u00e1s, blinda la v\u00e1lvula contra da\u00f1os por contaminantes como arena y escoria [&hellip;]<\/p>\n","protected":false},"featured_media":8448,"comment_status":"open","ping_status":"closed","template":"","meta":{"_acf_changed":false},"product_brand":[],"product_cat":[38],"product_tag":[],"product_line":[],"brand":[273],"class_list":{"0":"post-8447","1":"product","2":"type-product","3":"status-publish","4":"has-post-thumbnail","6":"product_cat-marina","7":"brand-sealweld","9":"first","10":"instock","11":"shipping-taxable","12":"product-type-simple"},"acf":[],"yoast_head":"<!-- This site is optimized with the Yoast SEO plugin v27.0 - https:\/\/yoast.com\/product\/yoast-seo-wordpress\/ -->\n<title>SEALWELD Equa-Lube 80 - Synthec.com<\/title>\n<meta name=\"robots\" content=\"index, follow, max-snippet:-1, max-image-preview:large, max-video-preview:-1\" \/>\n<link rel=\"canonical\" href=\"https:\/\/www.synthec.com\/peru\/producto\/sealweld-equa-lube-80\/\" \/>\n<meta property=\"og:locale\" content=\"es_ES\" \/>\n<meta property=\"og:type\" content=\"article\" \/>\n<meta property=\"og:title\" content=\"SEALWELD Equa-Lube 80 - Synthec.com\" \/>\n<meta property=\"og:description\" content=\"Es un lubricante sint\u00e9tico de alto rendimiento que crea una pel\u00edcula protectora insoluble para resguardar las superficies de sellado y reducir el torque de operaci\u00f3n. Su aplicaci\u00f3n inmediata tras pruebas hidrost\u00e1ticas es clave para desplazar el agua residual y prevenir la corrosi\u00f3n interna. Adem\u00e1s, blinda la v\u00e1lvula contra da\u00f1os por contaminantes como arena y escoria [&hellip;]\" \/>\n<meta property=\"og:url\" content=\"https:\/\/www.synthec.com\/peru\/producto\/sealweld-equa-lube-80\/\" \/>\n<meta property=\"og:site_name\" content=\"Synthec.com\" \/>\n<meta property=\"article:modified_time\" content=\"2026-03-27T22:03:26+00:00\" \/>\n<meta property=\"og:image\" content=\"https:\/\/www.synthec.com\/peru\/wp-content\/uploads\/2026\/03\/SEALWELD-Equa-Lube-80.webp\" \/>\n\t<meta property=\"og:image:width\" content=\"777\" \/>\n\t<meta property=\"og:image:height\" content=\"777\" \/>\n\t<meta property=\"og:image:type\" content=\"image\/webp\" \/>\n<meta name=\"twitter:card\" content=\"summary_large_image\" \/>\n<meta name=\"twitter:label1\" content=\"Est. reading time\" \/>\n\t<meta name=\"twitter:data1\" content=\"1 minuto\" \/>\n<script type=\"application\/ld+json\" class=\"yoast-schema-graph\">{\"@context\":\"https:\/\/schema.org\",\"@graph\":[{\"@type\":\"WebPage\",\"@id\":\"https:\/\/www.synthec.com\/peru\/producto\/sealweld-equa-lube-80\/\",\"url\":\"https:\/\/www.synthec.com\/peru\/producto\/sealweld-equa-lube-80\/\",\"name\":\"SEALWELD Equa-Lube 80 - Synthec.com\",\"isPartOf\":{\"@id\":\"https:\/\/www.synthec.com\/peru\/#website\"},\"primaryImageOfPage\":{\"@id\":\"https:\/\/www.synthec.com\/peru\/producto\/sealweld-equa-lube-80\/#primaryimage\"},\"image\":{\"@id\":\"https:\/\/www.synthec.com\/peru\/producto\/sealweld-equa-lube-80\/#primaryimage\"},\"thumbnailUrl\":\"https:\/\/www.synthec.com\/peru\/wp-content\/uploads\/2026\/03\/SEALWELD-Equa-Lube-80.webp\",\"datePublished\":\"2026-03-27T22:01:22+00:00\",\"dateModified\":\"2026-03-27T22:03:26+00:00\",\"breadcrumb\":{\"@id\":\"https:\/\/www.synthec.com\/peru\/producto\/sealweld-equa-lube-80\/#breadcrumb\"},\"inLanguage\":\"es-PE\",\"potentialAction\":[{\"@type\":\"ReadAction\",\"target\":[\"https:\/\/www.synthec.com\/peru\/producto\/sealweld-equa-lube-80\/\"]}]},{\"@type\":\"ImageObject\",\"inLanguage\":\"es-PE\",\"@id\":\"https:\/\/www.synthec.com\/peru\/producto\/sealweld-equa-lube-80\/#primaryimage\",\"url\":\"https:\/\/www.synthec.com\/peru\/wp-content\/uploads\/2026\/03\/SEALWELD-Equa-Lube-80.webp\",\"contentUrl\":\"https:\/\/www.synthec.com\/peru\/wp-content\/uploads\/2026\/03\/SEALWELD-Equa-Lube-80.webp\",\"width\":777,\"height\":777},{\"@type\":\"BreadcrumbList\",\"@id\":\"https:\/\/www.synthec.com\/peru\/producto\/sealweld-equa-lube-80\/#breadcrumb\",\"itemListElement\":[{\"@type\":\"ListItem\",\"position\":1,\"name\":\"Home\",\"item\":\"https:\/\/www.synthec.com\/peru\/\"},{\"@type\":\"ListItem\",\"position\":2,\"name\":\"Shop\",\"item\":\"https:\/\/www.synthec.com\/peru\/shop\/\"},{\"@type\":\"ListItem\",\"position\":3,\"name\":\"SEALWELD Equa-Lube 80\"}]},{\"@type\":\"WebSite\",\"@id\":\"https:\/\/www.synthec.com\/peru\/#website\",\"url\":\"https:\/\/www.synthec.com\/peru\/\",\"name\":\"Synthec.com\",\"description\":\"Contribuimos con soluciones y productos de alta especialidad a la generaci\u00f3n de un futuro sostenible.\",\"potentialAction\":[{\"@type\":\"SearchAction\",\"target\":{\"@type\":\"EntryPoint\",\"urlTemplate\":\"https:\/\/www.synthec.com\/peru\/?s={search_term_string}\"},\"query-input\":{\"@type\":\"PropertyValueSpecification\",\"valueRequired\":true,\"valueName\":\"search_term_string\"}}],\"inLanguage\":\"es-PE\"}]}<\/script>\n<!-- \/ Yoast SEO plugin. -->","yoast_head_json":{"title":"SEALWELD Equa-Lube 80 - Synthec.com","robots":{"index":"index","follow":"follow","max-snippet":"max-snippet:-1","max-image-preview":"max-image-preview:large","max-video-preview":"max-video-preview:-1"},"canonical":"https:\/\/www.synthec.com\/peru\/producto\/sealweld-equa-lube-80\/","og_locale":"es_ES","og_type":"article","og_title":"SEALWELD Equa-Lube 80 - Synthec.com","og_description":"Es un lubricante sint\u00e9tico de alto rendimiento que crea una pel\u00edcula protectora insoluble para resguardar las superficies de sellado y reducir el torque de operaci\u00f3n. Su aplicaci\u00f3n inmediata tras pruebas hidrost\u00e1ticas es clave para desplazar el agua residual y prevenir la corrosi\u00f3n interna. Adem\u00e1s, blinda la v\u00e1lvula contra da\u00f1os por contaminantes como arena y escoria [&hellip;]","og_url":"https:\/\/www.synthec.com\/peru\/producto\/sealweld-equa-lube-80\/","og_site_name":"Synthec.com","article_modified_time":"2026-03-27T22:03:26+00:00","og_image":[{"width":777,"height":777,"url":"https:\/\/www.synthec.com\/peru\/wp-content\/uploads\/2026\/03\/SEALWELD-Equa-Lube-80.webp","type":"image\/webp"}],"twitter_card":"summary_large_image","twitter_misc":{"Est. reading time":"1 minuto"},"schema":{"@context":"https:\/\/schema.org","@graph":[{"@type":"WebPage","@id":"https:\/\/www.synthec.com\/peru\/producto\/sealweld-equa-lube-80\/","url":"https:\/\/www.synthec.com\/peru\/producto\/sealweld-equa-lube-80\/","name":"SEALWELD Equa-Lube 80 - Synthec.com","isPartOf":{"@id":"https:\/\/www.synthec.com\/peru\/#website"},"primaryImageOfPage":{"@id":"https:\/\/www.synthec.com\/peru\/producto\/sealweld-equa-lube-80\/#primaryimage"},"image":{"@id":"https:\/\/www.synthec.com\/peru\/producto\/sealweld-equa-lube-80\/#primaryimage"},"thumbnailUrl":"https:\/\/www.synthec.com\/peru\/wp-content\/uploads\/2026\/03\/SEALWELD-Equa-Lube-80.webp","datePublished":"2026-03-27T22:01:22+00:00","dateModified":"2026-03-27T22:03:26+00:00","breadcrumb":{"@id":"https:\/\/www.synthec.com\/peru\/producto\/sealweld-equa-lube-80\/#breadcrumb"},"inLanguage":"es-PE","potentialAction":[{"@type":"ReadAction","target":["https:\/\/www.synthec.com\/peru\/producto\/sealweld-equa-lube-80\/"]}]},{"@type":"ImageObject","inLanguage":"es-PE","@id":"https:\/\/www.synthec.com\/peru\/producto\/sealweld-equa-lube-80\/#primaryimage","url":"https:\/\/www.synthec.com\/peru\/wp-content\/uploads\/2026\/03\/SEALWELD-Equa-Lube-80.webp","contentUrl":"https:\/\/www.synthec.com\/peru\/wp-content\/uploads\/2026\/03\/SEALWELD-Equa-Lube-80.webp","width":777,"height":777},{"@type":"BreadcrumbList","@id":"https:\/\/www.synthec.com\/peru\/producto\/sealweld-equa-lube-80\/#breadcrumb","itemListElement":[{"@type":"ListItem","position":1,"name":"Home","item":"https:\/\/www.synthec.com\/peru\/"},{"@type":"ListItem","position":2,"name":"Shop","item":"https:\/\/www.synthec.com\/peru\/shop\/"},{"@type":"ListItem","position":3,"name":"SEALWELD Equa-Lube 80"}]},{"@type":"WebSite","@id":"https:\/\/www.synthec.com\/peru\/#website","url":"https:\/\/www.synthec.com\/peru\/","name":"Synthec.com","description":"Contribuimos con soluciones y productos de alta especialidad a la generaci\u00f3n de un futuro sostenible.","potentialAction":[{"@type":"SearchAction","target":{"@type":"EntryPoint","urlTemplate":"https:\/\/www.synthec.com\/peru\/?s={search_term_string}"},"query-input":{"@type":"PropertyValueSpecification","valueRequired":true,"valueName":"search_term_string"}}],"inLanguage":"es-PE"}]}},"_links":{"self":[{"href":"https:\/\/www.synthec.com\/peru\/wp-json\/wp\/v2\/product\/8447","targetHints":{"allow":["GET"]}}],"collection":[{"href":"https:\/\/www.synthec.com\/peru\/wp-json\/wp\/v2\/product"}],"about":[{"href":"https:\/\/www.synthec.com\/peru\/wp-json\/wp\/v2\/types\/product"}],"replies":[{"embeddable":true,"href":"https:\/\/www.synthec.com\/peru\/wp-json\/wp\/v2\/comments?post=8447"}],"wp:featuredmedia":[{"embeddable":true,"href":"https:\/\/www.synthec.com\/peru\/wp-json\/wp\/v2\/media\/8448"}],"wp:attachment":[{"href":"https:\/\/www.synthec.com\/peru\/wp-json\/wp\/v2\/media?parent=8447"}],"wp:term":[{"taxonomy":"product_brand","embeddable":true,"href":"https:\/\/www.synthec.com\/peru\/wp-json\/wp\/v2\/product_brand?post=8447"},{"taxonomy":"product_cat","embeddable":true,"href":"https:\/\/www.synthec.com\/peru\/wp-json\/wp\/v2\/product_cat?post=8447"},{"taxonomy":"product_tag","embeddable":true,"href":"https:\/\/www.synthec.com\/peru\/wp-json\/wp\/v2\/product_tag?post=8447"},{"taxonomy":"product_line","embeddable":true,"href":"https:\/\/www.synthec.com\/peru\/wp-json\/wp\/v2\/product_line?post=8447"},{"taxonomy":"brand","embeddable":true,"href":"https:\/\/www.synthec.com\/peru\/wp-json\/wp\/v2\/brand?post=8447"}],"curies":[{"name":"wp","href":"https:\/\/api.w.org\/{rel}","templated":true}]}}