{"id":8445,"date":"2026-03-27T16:51:18","date_gmt":"2026-03-27T21:51:18","guid":{"rendered":"https:\/\/www.synthec.com\/peru\/?post_type=product&#038;p=8445"},"modified":"2026-03-27T17:04:20","modified_gmt":"2026-03-27T22:04:20","slug":"sealweld-5050-ball-valve-sealant","status":"publish","type":"product","link":"https:\/\/www.synthec.com\/peru\/producto\/sealweld-5050-ball-valve-sealant\/","title":{"rendered":"SEALWELD #5050 Ball Valve Sealant"},"content":{"rendered":"<p>Es una soluci\u00f3n de alto rendimiento dise\u00f1ada para proteger superficies de sellado y facilitar la operaci\u00f3n de v\u00e1lvulas al reducir el par de apriete necesario. Gracias a su avanzada formulaci\u00f3n con part\u00edculas de PTFE, este producto es capaz de sellar microrrayaduras de hasta <b data-path-to-node=\"0\" data-index-in-node=\"312\">0.030&#8243;<\/b> sin endurecerse ni obstruir los accesorios de inyecci\u00f3n convencionales. Es el aliado ideal para detener fugas leves o graves en v\u00e1lvulas de bola, compuerta y tap\u00f3n dentro de entornos exigentes como refiner\u00edas, cabezales de pozo y estaciones de compresi\u00f3n. Su versatilidad lo hace compatible con una amplia gama de fluidos, incluyendo gas natural, petr\u00f3leo crudo, gas \u00e1cido, CO2 y soluciones salinas, garantizando la integridad de sus equipos en sistemas de distribuci\u00f3n y oleoductos.<\/p>\n","protected":false},"excerpt":{"rendered":"<p>Es una soluci\u00f3n de alto rendimiento dise\u00f1ada para proteger superficies de sellado y facilitar la operaci\u00f3n de v\u00e1lvulas al reducir el par de apriete necesario. Gracias a su avanzada formulaci\u00f3n con part\u00edculas de PTFE, este producto es capaz de sellar microrrayaduras de hasta 0.030&#8243; sin endurecerse ni obstruir los accesorios de inyecci\u00f3n convencionales. Es el [&hellip;]<\/p>\n","protected":false},"featured_media":8446,"comment_status":"open","ping_status":"closed","template":"","meta":{"_acf_changed":false},"product_brand":[],"product_cat":[38],"product_tag":[],"product_line":[],"brand":[273],"class_list":{"0":"post-8445","1":"product","2":"type-product","3":"status-publish","4":"has-post-thumbnail","6":"product_cat-marina","7":"brand-sealweld","9":"first","10":"instock","11":"shipping-taxable","12":"product-type-simple"},"acf":[],"yoast_head":"<!-- This site is optimized with the Yoast SEO plugin v27.0 - https:\/\/yoast.com\/product\/yoast-seo-wordpress\/ -->\n<title>SEALWELD #5050 Ball Valve Sealant - Synthec.com<\/title>\n<meta name=\"robots\" content=\"index, follow, max-snippet:-1, max-image-preview:large, max-video-preview:-1\" \/>\n<link rel=\"canonical\" href=\"https:\/\/www.synthec.com\/peru\/producto\/sealweld-5050-ball-valve-sealant\/\" \/>\n<meta property=\"og:locale\" content=\"es_ES\" \/>\n<meta property=\"og:type\" content=\"article\" \/>\n<meta property=\"og:title\" content=\"SEALWELD #5050 Ball Valve Sealant - Synthec.com\" \/>\n<meta property=\"og:description\" content=\"Es una soluci\u00f3n de alto rendimiento dise\u00f1ada para proteger superficies de sellado y facilitar la operaci\u00f3n de v\u00e1lvulas al reducir el par de apriete necesario. Gracias a su avanzada formulaci\u00f3n con part\u00edculas de PTFE, este producto es capaz de sellar microrrayaduras de hasta 0.030&#8243; sin endurecerse ni obstruir los accesorios de inyecci\u00f3n convencionales. Es el [&hellip;]\" \/>\n<meta property=\"og:url\" content=\"https:\/\/www.synthec.com\/peru\/producto\/sealweld-5050-ball-valve-sealant\/\" \/>\n<meta property=\"og:site_name\" content=\"Synthec.com\" \/>\n<meta property=\"article:modified_time\" content=\"2026-03-27T22:04:20+00:00\" \/>\n<meta property=\"og:image\" content=\"https:\/\/www.synthec.com\/peru\/wp-content\/uploads\/2026\/03\/Sealweld-5050.webp\" \/>\n\t<meta property=\"og:image:width\" content=\"1178\" \/>\n\t<meta property=\"og:image:height\" content=\"1302\" \/>\n\t<meta property=\"og:image:type\" content=\"image\/webp\" \/>\n<meta name=\"twitter:card\" content=\"summary_large_image\" \/>\n<meta name=\"twitter:label1\" content=\"Est. reading time\" \/>\n\t<meta name=\"twitter:data1\" content=\"1 minuto\" \/>\n<script type=\"application\/ld+json\" class=\"yoast-schema-graph\">{\"@context\":\"https:\/\/schema.org\",\"@graph\":[{\"@type\":\"WebPage\",\"@id\":\"https:\/\/www.synthec.com\/peru\/producto\/sealweld-5050-ball-valve-sealant\/\",\"url\":\"https:\/\/www.synthec.com\/peru\/producto\/sealweld-5050-ball-valve-sealant\/\",\"name\":\"SEALWELD #5050 Ball Valve Sealant - Synthec.com\",\"isPartOf\":{\"@id\":\"https:\/\/www.synthec.com\/peru\/#website\"},\"primaryImageOfPage\":{\"@id\":\"https:\/\/www.synthec.com\/peru\/producto\/sealweld-5050-ball-valve-sealant\/#primaryimage\"},\"image\":{\"@id\":\"https:\/\/www.synthec.com\/peru\/producto\/sealweld-5050-ball-valve-sealant\/#primaryimage\"},\"thumbnailUrl\":\"https:\/\/www.synthec.com\/peru\/wp-content\/uploads\/2026\/03\/Sealweld-5050.webp\",\"datePublished\":\"2026-03-27T21:51:18+00:00\",\"dateModified\":\"2026-03-27T22:04:20+00:00\",\"breadcrumb\":{\"@id\":\"https:\/\/www.synthec.com\/peru\/producto\/sealweld-5050-ball-valve-sealant\/#breadcrumb\"},\"inLanguage\":\"es-PE\",\"potentialAction\":[{\"@type\":\"ReadAction\",\"target\":[\"https:\/\/www.synthec.com\/peru\/producto\/sealweld-5050-ball-valve-sealant\/\"]}]},{\"@type\":\"ImageObject\",\"inLanguage\":\"es-PE\",\"@id\":\"https:\/\/www.synthec.com\/peru\/producto\/sealweld-5050-ball-valve-sealant\/#primaryimage\",\"url\":\"https:\/\/www.synthec.com\/peru\/wp-content\/uploads\/2026\/03\/Sealweld-5050.webp\",\"contentUrl\":\"https:\/\/www.synthec.com\/peru\/wp-content\/uploads\/2026\/03\/Sealweld-5050.webp\",\"width\":1178,\"height\":1302},{\"@type\":\"BreadcrumbList\",\"@id\":\"https:\/\/www.synthec.com\/peru\/producto\/sealweld-5050-ball-valve-sealant\/#breadcrumb\",\"itemListElement\":[{\"@type\":\"ListItem\",\"position\":1,\"name\":\"Home\",\"item\":\"https:\/\/www.synthec.com\/peru\/\"},{\"@type\":\"ListItem\",\"position\":2,\"name\":\"Shop\",\"item\":\"https:\/\/www.synthec.com\/peru\/shop\/\"},{\"@type\":\"ListItem\",\"position\":3,\"name\":\"SEALWELD #5050 Ball Valve Sealant\"}]},{\"@type\":\"WebSite\",\"@id\":\"https:\/\/www.synthec.com\/peru\/#website\",\"url\":\"https:\/\/www.synthec.com\/peru\/\",\"name\":\"Synthec.com\",\"description\":\"Contribuimos con soluciones y productos de alta especialidad a la generaci\u00f3n de un futuro sostenible.\",\"potentialAction\":[{\"@type\":\"SearchAction\",\"target\":{\"@type\":\"EntryPoint\",\"urlTemplate\":\"https:\/\/www.synthec.com\/peru\/?s={search_term_string}\"},\"query-input\":{\"@type\":\"PropertyValueSpecification\",\"valueRequired\":true,\"valueName\":\"search_term_string\"}}],\"inLanguage\":\"es-PE\"}]}<\/script>\n<!-- \/ Yoast SEO plugin. -->","yoast_head_json":{"title":"SEALWELD #5050 Ball Valve Sealant - Synthec.com","robots":{"index":"index","follow":"follow","max-snippet":"max-snippet:-1","max-image-preview":"max-image-preview:large","max-video-preview":"max-video-preview:-1"},"canonical":"https:\/\/www.synthec.com\/peru\/producto\/sealweld-5050-ball-valve-sealant\/","og_locale":"es_ES","og_type":"article","og_title":"SEALWELD #5050 Ball Valve Sealant - Synthec.com","og_description":"Es una soluci\u00f3n de alto rendimiento dise\u00f1ada para proteger superficies de sellado y facilitar la operaci\u00f3n de v\u00e1lvulas al reducir el par de apriete necesario. Gracias a su avanzada formulaci\u00f3n con part\u00edculas de PTFE, este producto es capaz de sellar microrrayaduras de hasta 0.030&#8243; sin endurecerse ni obstruir los accesorios de inyecci\u00f3n convencionales. Es el [&hellip;]","og_url":"https:\/\/www.synthec.com\/peru\/producto\/sealweld-5050-ball-valve-sealant\/","og_site_name":"Synthec.com","article_modified_time":"2026-03-27T22:04:20+00:00","og_image":[{"width":1178,"height":1302,"url":"https:\/\/www.synthec.com\/peru\/wp-content\/uploads\/2026\/03\/Sealweld-5050.webp","type":"image\/webp"}],"twitter_card":"summary_large_image","twitter_misc":{"Est. reading time":"1 minuto"},"schema":{"@context":"https:\/\/schema.org","@graph":[{"@type":"WebPage","@id":"https:\/\/www.synthec.com\/peru\/producto\/sealweld-5050-ball-valve-sealant\/","url":"https:\/\/www.synthec.com\/peru\/producto\/sealweld-5050-ball-valve-sealant\/","name":"SEALWELD #5050 Ball Valve Sealant - Synthec.com","isPartOf":{"@id":"https:\/\/www.synthec.com\/peru\/#website"},"primaryImageOfPage":{"@id":"https:\/\/www.synthec.com\/peru\/producto\/sealweld-5050-ball-valve-sealant\/#primaryimage"},"image":{"@id":"https:\/\/www.synthec.com\/peru\/producto\/sealweld-5050-ball-valve-sealant\/#primaryimage"},"thumbnailUrl":"https:\/\/www.synthec.com\/peru\/wp-content\/uploads\/2026\/03\/Sealweld-5050.webp","datePublished":"2026-03-27T21:51:18+00:00","dateModified":"2026-03-27T22:04:20+00:00","breadcrumb":{"@id":"https:\/\/www.synthec.com\/peru\/producto\/sealweld-5050-ball-valve-sealant\/#breadcrumb"},"inLanguage":"es-PE","potentialAction":[{"@type":"ReadAction","target":["https:\/\/www.synthec.com\/peru\/producto\/sealweld-5050-ball-valve-sealant\/"]}]},{"@type":"ImageObject","inLanguage":"es-PE","@id":"https:\/\/www.synthec.com\/peru\/producto\/sealweld-5050-ball-valve-sealant\/#primaryimage","url":"https:\/\/www.synthec.com\/peru\/wp-content\/uploads\/2026\/03\/Sealweld-5050.webp","contentUrl":"https:\/\/www.synthec.com\/peru\/wp-content\/uploads\/2026\/03\/Sealweld-5050.webp","width":1178,"height":1302},{"@type":"BreadcrumbList","@id":"https:\/\/www.synthec.com\/peru\/producto\/sealweld-5050-ball-valve-sealant\/#breadcrumb","itemListElement":[{"@type":"ListItem","position":1,"name":"Home","item":"https:\/\/www.synthec.com\/peru\/"},{"@type":"ListItem","position":2,"name":"Shop","item":"https:\/\/www.synthec.com\/peru\/shop\/"},{"@type":"ListItem","position":3,"name":"SEALWELD #5050 Ball Valve Sealant"}]},{"@type":"WebSite","@id":"https:\/\/www.synthec.com\/peru\/#website","url":"https:\/\/www.synthec.com\/peru\/","name":"Synthec.com","description":"Contribuimos con soluciones y productos de alta especialidad a la generaci\u00f3n de un futuro sostenible.","potentialAction":[{"@type":"SearchAction","target":{"@type":"EntryPoint","urlTemplate":"https:\/\/www.synthec.com\/peru\/?s={search_term_string}"},"query-input":{"@type":"PropertyValueSpecification","valueRequired":true,"valueName":"search_term_string"}}],"inLanguage":"es-PE"}]}},"_links":{"self":[{"href":"https:\/\/www.synthec.com\/peru\/wp-json\/wp\/v2\/product\/8445","targetHints":{"allow":["GET"]}}],"collection":[{"href":"https:\/\/www.synthec.com\/peru\/wp-json\/wp\/v2\/product"}],"about":[{"href":"https:\/\/www.synthec.com\/peru\/wp-json\/wp\/v2\/types\/product"}],"replies":[{"embeddable":true,"href":"https:\/\/www.synthec.com\/peru\/wp-json\/wp\/v2\/comments?post=8445"}],"wp:featuredmedia":[{"embeddable":true,"href":"https:\/\/www.synthec.com\/peru\/wp-json\/wp\/v2\/media\/8446"}],"wp:attachment":[{"href":"https:\/\/www.synthec.com\/peru\/wp-json\/wp\/v2\/media?parent=8445"}],"wp:term":[{"taxonomy":"product_brand","embeddable":true,"href":"https:\/\/www.synthec.com\/peru\/wp-json\/wp\/v2\/product_brand?post=8445"},{"taxonomy":"product_cat","embeddable":true,"href":"https:\/\/www.synthec.com\/peru\/wp-json\/wp\/v2\/product_cat?post=8445"},{"taxonomy":"product_tag","embeddable":true,"href":"https:\/\/www.synthec.com\/peru\/wp-json\/wp\/v2\/product_tag?post=8445"},{"taxonomy":"product_line","embeddable":true,"href":"https:\/\/www.synthec.com\/peru\/wp-json\/wp\/v2\/product_line?post=8445"},{"taxonomy":"brand","embeddable":true,"href":"https:\/\/www.synthec.com\/peru\/wp-json\/wp\/v2\/brand?post=8445"}],"curies":[{"name":"wp","href":"https:\/\/api.w.org\/{rel}","templated":true}]}}