{"id":7381,"date":"2025-12-19T20:42:38","date_gmt":"2025-12-20T01:42:38","guid":{"rendered":"https:\/\/www.synthec.com\/peru\/?post_type=product&#038;p=7381"},"modified":"2026-03-06T10:17:40","modified_gmt":"2026-03-06T15:17:40","slug":"suvinil-toque-mate","status":"publish","type":"product","link":"https:\/\/www.synthec.com\/peru\/producto\/suvinil-toque-mate\/","title":{"rendered":"SUVINIL TOQUE MATE"},"content":{"rendered":"<p>\u00abEsta segunda pintura mate de la l\u00ednea Suvinil Toque ofrece una pintura uniforme incluso en los rincones m\u00e1s dif\u00edciles. Facilita el retoque y el recorte, adem\u00e1s de disimular peque\u00f1as imperfecciones, caracter\u00edstico del acabado<br \/>\nDisponible en:<br \/>\nSUVINIL TOQUE MATE BLANCO NIEVE LATX3.6 LT (CL\u00c1SICA)<br \/>\nSUVINIL TOQUE MATE BASE A2 LATX0.8 LT<br \/>\nSUVINIL TOQUE MATE BASE A2 LATX16 LT<br \/>\nSUVINIL TOQUE MATE BASE A2 LATX3.2 LT<br \/>\nSUVINIL TOQUE MATE BASE B2 LATX0.8 LT<br \/>\nSUVINIL TOQUE MATE BASE B2 LATX3.2 LT<br \/>\nSUVINIL TOQUE MATE BASE C2 LATX0.8 LT<br \/>\nSUVINIL TOQUE MATE BASE C2 LATX3.2 LT<br \/>\nSUVINIL TOQUE MATE BLANCO NIEVE BALX18 LT<br \/>\nContamos con Matizado de Colores con m\u00e1s de 1,700 Opciones<br \/>\nPresentaci\u00f3n en: 0.8 LT \/ 16 LT \/ 3.2 LT\/ 18 Lt. \/\u00bb<\/p>\n","protected":false},"excerpt":{"rendered":"<p>\u00abEsta segunda pintura mate de la l\u00ednea Suvinil Toque ofrece una pintura uniforme incluso en los rincones m\u00e1s dif\u00edciles. Facilita el retoque y el recorte, adem\u00e1s de disimular peque\u00f1as imperfecciones, caracter\u00edstico del acabado Disponible en: SUVINIL TOQUE MATE BLANCO NIEVE LATX3.6 LT (CL\u00c1SICA) SUVINIL TOQUE MATE BASE A2 LATX0.8 LT SUVINIL TOQUE MATE BASE A2 [&hellip;]<\/p>\n","protected":false},"featured_media":8232,"comment_status":"open","ping_status":"closed","template":"","meta":{"_acf_changed":false},"product_brand":[],"product_cat":[229,40],"product_tag":[],"product_line":[],"brand":[129],"class_list":{"0":"post-7381","1":"product","2":"type-product","3":"status-publish","4":"has-post-thumbnail","6":"product_cat-pintura-para-paredes","7":"product_cat-pinturas-decorativas","8":"brand-suvinil","10":"first","11":"instock","12":"shipping-taxable","13":"product-type-simple"},"acf":[],"yoast_head":"<!-- This site is optimized with the Yoast SEO plugin v27.0 - https:\/\/yoast.com\/product\/yoast-seo-wordpress\/ -->\n<title>SUVINIL TOQUE MATE - Synthec.com<\/title>\n<meta name=\"robots\" content=\"index, follow, max-snippet:-1, max-image-preview:large, max-video-preview:-1\" \/>\n<link rel=\"canonical\" href=\"https:\/\/www.synthec.com\/peru\/producto\/suvinil-toque-mate\/\" \/>\n<meta property=\"og:locale\" content=\"es_ES\" \/>\n<meta property=\"og:type\" content=\"article\" \/>\n<meta property=\"og:title\" content=\"SUVINIL TOQUE MATE - Synthec.com\" \/>\n<meta property=\"og:description\" content=\"\u00abEsta segunda pintura mate de la l\u00ednea Suvinil Toque ofrece una pintura uniforme incluso en los rincones m\u00e1s dif\u00edciles. Facilita el retoque y el recorte, adem\u00e1s de disimular peque\u00f1as imperfecciones, caracter\u00edstico del acabado Disponible en: SUVINIL TOQUE MATE BLANCO NIEVE LATX3.6 LT (CL\u00c1SICA) SUVINIL TOQUE MATE BASE A2 LATX0.8 LT SUVINIL TOQUE MATE BASE A2 [&hellip;]\" \/>\n<meta property=\"og:url\" content=\"https:\/\/www.synthec.com\/peru\/producto\/suvinil-toque-mate\/\" \/>\n<meta property=\"og:site_name\" content=\"Synthec.com\" \/>\n<meta property=\"article:modified_time\" content=\"2026-03-06T15:17:40+00:00\" \/>\n<meta property=\"og:image\" content=\"https:\/\/www.synthec.com\/peru\/wp-content\/uploads\/2025\/12\/TOQUE-MATE-900ML-LATA_SUVINIL_2024_sin-fondo.png\" \/>\n\t<meta property=\"og:image:width\" content=\"527\" \/>\n\t<meta property=\"og:image:height\" content=\"616\" \/>\n\t<meta property=\"og:image:type\" content=\"image\/png\" \/>\n<meta name=\"twitter:card\" content=\"summary_large_image\" \/>\n<meta name=\"twitter:label1\" content=\"Est. reading time\" \/>\n\t<meta name=\"twitter:data1\" content=\"1 minuto\" \/>\n<script type=\"application\/ld+json\" class=\"yoast-schema-graph\">{\"@context\":\"https:\/\/schema.org\",\"@graph\":[{\"@type\":\"WebPage\",\"@id\":\"https:\/\/www.synthec.com\/peru\/producto\/suvinil-toque-mate\/\",\"url\":\"https:\/\/www.synthec.com\/peru\/producto\/suvinil-toque-mate\/\",\"name\":\"SUVINIL TOQUE MATE - Synthec.com\",\"isPartOf\":{\"@id\":\"https:\/\/www.synthec.com\/peru\/#website\"},\"primaryImageOfPage\":{\"@id\":\"https:\/\/www.synthec.com\/peru\/producto\/suvinil-toque-mate\/#primaryimage\"},\"image\":{\"@id\":\"https:\/\/www.synthec.com\/peru\/producto\/suvinil-toque-mate\/#primaryimage\"},\"thumbnailUrl\":\"https:\/\/www.synthec.com\/peru\/wp-content\/uploads\/2025\/12\/TOQUE-MATE-900ML-LATA_SUVINIL_2024_sin-fondo.png\",\"datePublished\":\"2025-12-20T01:42:38+00:00\",\"dateModified\":\"2026-03-06T15:17:40+00:00\",\"breadcrumb\":{\"@id\":\"https:\/\/www.synthec.com\/peru\/producto\/suvinil-toque-mate\/#breadcrumb\"},\"inLanguage\":\"es-PE\",\"potentialAction\":[{\"@type\":\"ReadAction\",\"target\":[\"https:\/\/www.synthec.com\/peru\/producto\/suvinil-toque-mate\/\"]}]},{\"@type\":\"ImageObject\",\"inLanguage\":\"es-PE\",\"@id\":\"https:\/\/www.synthec.com\/peru\/producto\/suvinil-toque-mate\/#primaryimage\",\"url\":\"https:\/\/www.synthec.com\/peru\/wp-content\/uploads\/2025\/12\/TOQUE-MATE-900ML-LATA_SUVINIL_2024_sin-fondo.png\",\"contentUrl\":\"https:\/\/www.synthec.com\/peru\/wp-content\/uploads\/2025\/12\/TOQUE-MATE-900ML-LATA_SUVINIL_2024_sin-fondo.png\",\"width\":527,\"height\":616},{\"@type\":\"BreadcrumbList\",\"@id\":\"https:\/\/www.synthec.com\/peru\/producto\/suvinil-toque-mate\/#breadcrumb\",\"itemListElement\":[{\"@type\":\"ListItem\",\"position\":1,\"name\":\"Home\",\"item\":\"https:\/\/www.synthec.com\/peru\/\"},{\"@type\":\"ListItem\",\"position\":2,\"name\":\"Shop\",\"item\":\"https:\/\/www.synthec.com\/peru\/shop\/\"},{\"@type\":\"ListItem\",\"position\":3,\"name\":\"SUVINIL TOQUE MATE\"}]},{\"@type\":\"WebSite\",\"@id\":\"https:\/\/www.synthec.com\/peru\/#website\",\"url\":\"https:\/\/www.synthec.com\/peru\/\",\"name\":\"Synthec.com\",\"description\":\"Contribuimos con soluciones y productos de alta especialidad a la generaci\u00f3n de un futuro sostenible.\",\"potentialAction\":[{\"@type\":\"SearchAction\",\"target\":{\"@type\":\"EntryPoint\",\"urlTemplate\":\"https:\/\/www.synthec.com\/peru\/?s={search_term_string}\"},\"query-input\":{\"@type\":\"PropertyValueSpecification\",\"valueRequired\":true,\"valueName\":\"search_term_string\"}}],\"inLanguage\":\"es-PE\"}]}<\/script>\n<!-- \/ Yoast SEO plugin. -->","yoast_head_json":{"title":"SUVINIL TOQUE MATE - Synthec.com","robots":{"index":"index","follow":"follow","max-snippet":"max-snippet:-1","max-image-preview":"max-image-preview:large","max-video-preview":"max-video-preview:-1"},"canonical":"https:\/\/www.synthec.com\/peru\/producto\/suvinil-toque-mate\/","og_locale":"es_ES","og_type":"article","og_title":"SUVINIL TOQUE MATE - Synthec.com","og_description":"\u00abEsta segunda pintura mate de la l\u00ednea Suvinil Toque ofrece una pintura uniforme incluso en los rincones m\u00e1s dif\u00edciles. Facilita el retoque y el recorte, adem\u00e1s de disimular peque\u00f1as imperfecciones, caracter\u00edstico del acabado Disponible en: SUVINIL TOQUE MATE BLANCO NIEVE LATX3.6 LT (CL\u00c1SICA) SUVINIL TOQUE MATE BASE A2 LATX0.8 LT SUVINIL TOQUE MATE BASE A2 [&hellip;]","og_url":"https:\/\/www.synthec.com\/peru\/producto\/suvinil-toque-mate\/","og_site_name":"Synthec.com","article_modified_time":"2026-03-06T15:17:40+00:00","og_image":[{"width":527,"height":616,"url":"https:\/\/www.synthec.com\/peru\/wp-content\/uploads\/2025\/12\/TOQUE-MATE-900ML-LATA_SUVINIL_2024_sin-fondo.png","type":"image\/png"}],"twitter_card":"summary_large_image","twitter_misc":{"Est. reading time":"1 minuto"},"schema":{"@context":"https:\/\/schema.org","@graph":[{"@type":"WebPage","@id":"https:\/\/www.synthec.com\/peru\/producto\/suvinil-toque-mate\/","url":"https:\/\/www.synthec.com\/peru\/producto\/suvinil-toque-mate\/","name":"SUVINIL TOQUE MATE - Synthec.com","isPartOf":{"@id":"https:\/\/www.synthec.com\/peru\/#website"},"primaryImageOfPage":{"@id":"https:\/\/www.synthec.com\/peru\/producto\/suvinil-toque-mate\/#primaryimage"},"image":{"@id":"https:\/\/www.synthec.com\/peru\/producto\/suvinil-toque-mate\/#primaryimage"},"thumbnailUrl":"https:\/\/www.synthec.com\/peru\/wp-content\/uploads\/2025\/12\/TOQUE-MATE-900ML-LATA_SUVINIL_2024_sin-fondo.png","datePublished":"2025-12-20T01:42:38+00:00","dateModified":"2026-03-06T15:17:40+00:00","breadcrumb":{"@id":"https:\/\/www.synthec.com\/peru\/producto\/suvinil-toque-mate\/#breadcrumb"},"inLanguage":"es-PE","potentialAction":[{"@type":"ReadAction","target":["https:\/\/www.synthec.com\/peru\/producto\/suvinil-toque-mate\/"]}]},{"@type":"ImageObject","inLanguage":"es-PE","@id":"https:\/\/www.synthec.com\/peru\/producto\/suvinil-toque-mate\/#primaryimage","url":"https:\/\/www.synthec.com\/peru\/wp-content\/uploads\/2025\/12\/TOQUE-MATE-900ML-LATA_SUVINIL_2024_sin-fondo.png","contentUrl":"https:\/\/www.synthec.com\/peru\/wp-content\/uploads\/2025\/12\/TOQUE-MATE-900ML-LATA_SUVINIL_2024_sin-fondo.png","width":527,"height":616},{"@type":"BreadcrumbList","@id":"https:\/\/www.synthec.com\/peru\/producto\/suvinil-toque-mate\/#breadcrumb","itemListElement":[{"@type":"ListItem","position":1,"name":"Home","item":"https:\/\/www.synthec.com\/peru\/"},{"@type":"ListItem","position":2,"name":"Shop","item":"https:\/\/www.synthec.com\/peru\/shop\/"},{"@type":"ListItem","position":3,"name":"SUVINIL TOQUE MATE"}]},{"@type":"WebSite","@id":"https:\/\/www.synthec.com\/peru\/#website","url":"https:\/\/www.synthec.com\/peru\/","name":"Synthec.com","description":"Contribuimos con soluciones y productos de alta especialidad a la generaci\u00f3n de un futuro sostenible.","potentialAction":[{"@type":"SearchAction","target":{"@type":"EntryPoint","urlTemplate":"https:\/\/www.synthec.com\/peru\/?s={search_term_string}"},"query-input":{"@type":"PropertyValueSpecification","valueRequired":true,"valueName":"search_term_string"}}],"inLanguage":"es-PE"}]}},"_links":{"self":[{"href":"https:\/\/www.synthec.com\/peru\/wp-json\/wp\/v2\/product\/7381","targetHints":{"allow":["GET"]}}],"collection":[{"href":"https:\/\/www.synthec.com\/peru\/wp-json\/wp\/v2\/product"}],"about":[{"href":"https:\/\/www.synthec.com\/peru\/wp-json\/wp\/v2\/types\/product"}],"replies":[{"embeddable":true,"href":"https:\/\/www.synthec.com\/peru\/wp-json\/wp\/v2\/comments?post=7381"}],"wp:featuredmedia":[{"embeddable":true,"href":"https:\/\/www.synthec.com\/peru\/wp-json\/wp\/v2\/media\/8232"}],"wp:attachment":[{"href":"https:\/\/www.synthec.com\/peru\/wp-json\/wp\/v2\/media?parent=7381"}],"wp:term":[{"taxonomy":"product_brand","embeddable":true,"href":"https:\/\/www.synthec.com\/peru\/wp-json\/wp\/v2\/product_brand?post=7381"},{"taxonomy":"product_cat","embeddable":true,"href":"https:\/\/www.synthec.com\/peru\/wp-json\/wp\/v2\/product_cat?post=7381"},{"taxonomy":"product_tag","embeddable":true,"href":"https:\/\/www.synthec.com\/peru\/wp-json\/wp\/v2\/product_tag?post=7381"},{"taxonomy":"product_line","embeddable":true,"href":"https:\/\/www.synthec.com\/peru\/wp-json\/wp\/v2\/product_line?post=7381"},{"taxonomy":"brand","embeddable":true,"href":"https:\/\/www.synthec.com\/peru\/wp-json\/wp\/v2\/brand?post=7381"}],"curies":[{"name":"wp","href":"https:\/\/api.w.org\/{rel}","templated":true}]}}