{"id":7171,"date":"2025-12-17T20:30:19","date_gmt":"2025-12-18T01:30:19","guid":{"rendered":"https:\/\/www.synthec.com\/peru\/?post_type=product&#038;p=7171"},"modified":"2026-02-24T11:52:56","modified_gmt":"2026-02-24T16:52:56","slug":"dowsil-tc-5026-cmpd","status":"publish","type":"product","link":"https:\/\/www.synthec.com\/peru\/producto\/dowsil-tc-5026-cmpd\/","title":{"rendered":"DOWSIL TC 5026 CMPD"},"content":{"rendered":"<p>Compuesto termo conductor monocomponente, gris, de 2,9 W\/mK, formulado para disipar el calor en aplicaciones electr\u00f3nicas, como chips desnudos, transistores bipolares de puerta aislada (IGBT) y veh\u00edculos el\u00e9ctricos (VE). El compuesto termo conductor DOWSIL\u2122 TC-5026 no cura y presenta baja resistencia t\u00e9rmica.<\/p>\n","protected":false},"excerpt":{"rendered":"<p>Compuesto termo conductor monocomponente, gris, de 2,9 W\/mK, formulado para disipar el calor en aplicaciones electr\u00f3nicas, como chips desnudos, transistores bipolares de puerta aislada (IGBT) y veh\u00edculos el\u00e9ctricos (VE). El compuesto termo conductor DOWSIL\u2122 TC-5026 no cura y presenta baja resistencia t\u00e9rmica.<\/p>\n","protected":false},"featured_media":7794,"comment_status":"open","ping_status":"closed","template":"","meta":{"_acf_changed":false},"product_brand":[],"product_cat":[60,270],"product_tag":[],"product_line":[],"brand":[97],"class_list":{"0":"post-7171","1":"product","2":"type-product","3":"status-publish","4":"has-post-thumbnail","6":"product_cat-sellantes-y-adhesivos","7":"product_cat-electronica","8":"brand-dow","10":"first","11":"instock","12":"shipping-taxable","13":"product-type-simple"},"acf":[],"yoast_head":"<!-- This site is optimized with the Yoast SEO plugin v27.0 - https:\/\/yoast.com\/product\/yoast-seo-wordpress\/ -->\n<title>DOWSIL TC 5026 CMPD - Synthec.com<\/title>\n<meta name=\"robots\" content=\"index, follow, max-snippet:-1, max-image-preview:large, max-video-preview:-1\" \/>\n<link rel=\"canonical\" href=\"https:\/\/www.synthec.com\/peru\/producto\/dowsil-tc-5026-cmpd\/\" \/>\n<meta property=\"og:locale\" content=\"es_ES\" \/>\n<meta property=\"og:type\" content=\"article\" \/>\n<meta property=\"og:title\" content=\"DOWSIL TC 5026 CMPD - Synthec.com\" \/>\n<meta property=\"og:description\" content=\"Compuesto termo conductor monocomponente, gris, de 2,9 W\/mK, formulado para disipar el calor en aplicaciones electr\u00f3nicas, como chips desnudos, transistores bipolares de puerta aislada (IGBT) y veh\u00edculos el\u00e9ctricos (VE). El compuesto termo conductor DOWSIL\u2122 TC-5026 no cura y presenta baja resistencia t\u00e9rmica.\" \/>\n<meta property=\"og:url\" content=\"https:\/\/www.synthec.com\/peru\/producto\/dowsil-tc-5026-cmpd\/\" \/>\n<meta property=\"og:site_name\" content=\"Synthec.com\" \/>\n<meta property=\"article:modified_time\" content=\"2026-02-24T16:52:56+00:00\" \/>\n<meta property=\"og:image\" content=\"https:\/\/www.synthec.com\/peru\/wp-content\/uploads\/2025\/12\/DOWSIL-TC-5026_sin-fondo.png\" \/>\n\t<meta property=\"og:image:width\" content=\"1024\" \/>\n\t<meta property=\"og:image:height\" content=\"1024\" \/>\n\t<meta property=\"og:image:type\" content=\"image\/png\" \/>\n<meta name=\"twitter:card\" content=\"summary_large_image\" \/>\n<meta name=\"twitter:label1\" content=\"Est. reading time\" \/>\n\t<meta name=\"twitter:data1\" content=\"1 minuto\" \/>\n<script type=\"application\/ld+json\" class=\"yoast-schema-graph\">{\"@context\":\"https:\/\/schema.org\",\"@graph\":[{\"@type\":\"WebPage\",\"@id\":\"https:\/\/www.synthec.com\/peru\/producto\/dowsil-tc-5026-cmpd\/\",\"url\":\"https:\/\/www.synthec.com\/peru\/producto\/dowsil-tc-5026-cmpd\/\",\"name\":\"DOWSIL TC 5026 CMPD - Synthec.com\",\"isPartOf\":{\"@id\":\"https:\/\/www.synthec.com\/peru\/#website\"},\"primaryImageOfPage\":{\"@id\":\"https:\/\/www.synthec.com\/peru\/producto\/dowsil-tc-5026-cmpd\/#primaryimage\"},\"image\":{\"@id\":\"https:\/\/www.synthec.com\/peru\/producto\/dowsil-tc-5026-cmpd\/#primaryimage\"},\"thumbnailUrl\":\"https:\/\/www.synthec.com\/peru\/wp-content\/uploads\/2025\/12\/DOWSIL-TC-5026_sin-fondo.png\",\"datePublished\":\"2025-12-18T01:30:19+00:00\",\"dateModified\":\"2026-02-24T16:52:56+00:00\",\"breadcrumb\":{\"@id\":\"https:\/\/www.synthec.com\/peru\/producto\/dowsil-tc-5026-cmpd\/#breadcrumb\"},\"inLanguage\":\"es-PE\",\"potentialAction\":[{\"@type\":\"ReadAction\",\"target\":[\"https:\/\/www.synthec.com\/peru\/producto\/dowsil-tc-5026-cmpd\/\"]}]},{\"@type\":\"ImageObject\",\"inLanguage\":\"es-PE\",\"@id\":\"https:\/\/www.synthec.com\/peru\/producto\/dowsil-tc-5026-cmpd\/#primaryimage\",\"url\":\"https:\/\/www.synthec.com\/peru\/wp-content\/uploads\/2025\/12\/DOWSIL-TC-5026_sin-fondo.png\",\"contentUrl\":\"https:\/\/www.synthec.com\/peru\/wp-content\/uploads\/2025\/12\/DOWSIL-TC-5026_sin-fondo.png\",\"width\":1024,\"height\":1024},{\"@type\":\"BreadcrumbList\",\"@id\":\"https:\/\/www.synthec.com\/peru\/producto\/dowsil-tc-5026-cmpd\/#breadcrumb\",\"itemListElement\":[{\"@type\":\"ListItem\",\"position\":1,\"name\":\"Home\",\"item\":\"https:\/\/www.synthec.com\/peru\/\"},{\"@type\":\"ListItem\",\"position\":2,\"name\":\"Shop\",\"item\":\"https:\/\/www.synthec.com\/peru\/shop\/\"},{\"@type\":\"ListItem\",\"position\":3,\"name\":\"DOWSIL TC 5026 CMPD\"}]},{\"@type\":\"WebSite\",\"@id\":\"https:\/\/www.synthec.com\/peru\/#website\",\"url\":\"https:\/\/www.synthec.com\/peru\/\",\"name\":\"Synthec.com\",\"description\":\"Contribuimos con soluciones y productos de alta especialidad a la generaci\u00f3n de un futuro sostenible.\",\"potentialAction\":[{\"@type\":\"SearchAction\",\"target\":{\"@type\":\"EntryPoint\",\"urlTemplate\":\"https:\/\/www.synthec.com\/peru\/?s={search_term_string}\"},\"query-input\":{\"@type\":\"PropertyValueSpecification\",\"valueRequired\":true,\"valueName\":\"search_term_string\"}}],\"inLanguage\":\"es-PE\"}]}<\/script>\n<!-- \/ Yoast SEO plugin. -->","yoast_head_json":{"title":"DOWSIL TC 5026 CMPD - Synthec.com","robots":{"index":"index","follow":"follow","max-snippet":"max-snippet:-1","max-image-preview":"max-image-preview:large","max-video-preview":"max-video-preview:-1"},"canonical":"https:\/\/www.synthec.com\/peru\/producto\/dowsil-tc-5026-cmpd\/","og_locale":"es_ES","og_type":"article","og_title":"DOWSIL TC 5026 CMPD - Synthec.com","og_description":"Compuesto termo conductor monocomponente, gris, de 2,9 W\/mK, formulado para disipar el calor en aplicaciones electr\u00f3nicas, como chips desnudos, transistores bipolares de puerta aislada (IGBT) y veh\u00edculos el\u00e9ctricos (VE). El compuesto termo conductor DOWSIL\u2122 TC-5026 no cura y presenta baja resistencia t\u00e9rmica.","og_url":"https:\/\/www.synthec.com\/peru\/producto\/dowsil-tc-5026-cmpd\/","og_site_name":"Synthec.com","article_modified_time":"2026-02-24T16:52:56+00:00","og_image":[{"width":1024,"height":1024,"url":"https:\/\/www.synthec.com\/peru\/wp-content\/uploads\/2025\/12\/DOWSIL-TC-5026_sin-fondo.png","type":"image\/png"}],"twitter_card":"summary_large_image","twitter_misc":{"Est. reading time":"1 minuto"},"schema":{"@context":"https:\/\/schema.org","@graph":[{"@type":"WebPage","@id":"https:\/\/www.synthec.com\/peru\/producto\/dowsil-tc-5026-cmpd\/","url":"https:\/\/www.synthec.com\/peru\/producto\/dowsil-tc-5026-cmpd\/","name":"DOWSIL TC 5026 CMPD - Synthec.com","isPartOf":{"@id":"https:\/\/www.synthec.com\/peru\/#website"},"primaryImageOfPage":{"@id":"https:\/\/www.synthec.com\/peru\/producto\/dowsil-tc-5026-cmpd\/#primaryimage"},"image":{"@id":"https:\/\/www.synthec.com\/peru\/producto\/dowsil-tc-5026-cmpd\/#primaryimage"},"thumbnailUrl":"https:\/\/www.synthec.com\/peru\/wp-content\/uploads\/2025\/12\/DOWSIL-TC-5026_sin-fondo.png","datePublished":"2025-12-18T01:30:19+00:00","dateModified":"2026-02-24T16:52:56+00:00","breadcrumb":{"@id":"https:\/\/www.synthec.com\/peru\/producto\/dowsil-tc-5026-cmpd\/#breadcrumb"},"inLanguage":"es-PE","potentialAction":[{"@type":"ReadAction","target":["https:\/\/www.synthec.com\/peru\/producto\/dowsil-tc-5026-cmpd\/"]}]},{"@type":"ImageObject","inLanguage":"es-PE","@id":"https:\/\/www.synthec.com\/peru\/producto\/dowsil-tc-5026-cmpd\/#primaryimage","url":"https:\/\/www.synthec.com\/peru\/wp-content\/uploads\/2025\/12\/DOWSIL-TC-5026_sin-fondo.png","contentUrl":"https:\/\/www.synthec.com\/peru\/wp-content\/uploads\/2025\/12\/DOWSIL-TC-5026_sin-fondo.png","width":1024,"height":1024},{"@type":"BreadcrumbList","@id":"https:\/\/www.synthec.com\/peru\/producto\/dowsil-tc-5026-cmpd\/#breadcrumb","itemListElement":[{"@type":"ListItem","position":1,"name":"Home","item":"https:\/\/www.synthec.com\/peru\/"},{"@type":"ListItem","position":2,"name":"Shop","item":"https:\/\/www.synthec.com\/peru\/shop\/"},{"@type":"ListItem","position":3,"name":"DOWSIL TC 5026 CMPD"}]},{"@type":"WebSite","@id":"https:\/\/www.synthec.com\/peru\/#website","url":"https:\/\/www.synthec.com\/peru\/","name":"Synthec.com","description":"Contribuimos con soluciones y productos de alta especialidad a la generaci\u00f3n de un futuro sostenible.","potentialAction":[{"@type":"SearchAction","target":{"@type":"EntryPoint","urlTemplate":"https:\/\/www.synthec.com\/peru\/?s={search_term_string}"},"query-input":{"@type":"PropertyValueSpecification","valueRequired":true,"valueName":"search_term_string"}}],"inLanguage":"es-PE"}]}},"_links":{"self":[{"href":"https:\/\/www.synthec.com\/peru\/wp-json\/wp\/v2\/product\/7171","targetHints":{"allow":["GET"]}}],"collection":[{"href":"https:\/\/www.synthec.com\/peru\/wp-json\/wp\/v2\/product"}],"about":[{"href":"https:\/\/www.synthec.com\/peru\/wp-json\/wp\/v2\/types\/product"}],"replies":[{"embeddable":true,"href":"https:\/\/www.synthec.com\/peru\/wp-json\/wp\/v2\/comments?post=7171"}],"wp:featuredmedia":[{"embeddable":true,"href":"https:\/\/www.synthec.com\/peru\/wp-json\/wp\/v2\/media\/7794"}],"wp:attachment":[{"href":"https:\/\/www.synthec.com\/peru\/wp-json\/wp\/v2\/media?parent=7171"}],"wp:term":[{"taxonomy":"product_brand","embeddable":true,"href":"https:\/\/www.synthec.com\/peru\/wp-json\/wp\/v2\/product_brand?post=7171"},{"taxonomy":"product_cat","embeddable":true,"href":"https:\/\/www.synthec.com\/peru\/wp-json\/wp\/v2\/product_cat?post=7171"},{"taxonomy":"product_tag","embeddable":true,"href":"https:\/\/www.synthec.com\/peru\/wp-json\/wp\/v2\/product_tag?post=7171"},{"taxonomy":"product_line","embeddable":true,"href":"https:\/\/www.synthec.com\/peru\/wp-json\/wp\/v2\/product_line?post=7171"},{"taxonomy":"brand","embeddable":true,"href":"https:\/\/www.synthec.com\/peru\/wp-json\/wp\/v2\/brand?post=7171"}],"curies":[{"name":"wp","href":"https:\/\/api.w.org\/{rel}","templated":true}]}}