{"id":6139,"date":"2025-11-29T18:28:26","date_gmt":"2025-11-29T23:28:26","guid":{"rendered":"https:\/\/www.synthec.com\/peru\/?post_type=product&#038;p=6139"},"modified":"2026-01-20T16:53:57","modified_gmt":"2026-01-20T21:53:57","slug":"therminol-62-heat-transfer-fluid","status":"publish","type":"product","link":"https:\/\/www.synthec.com\/peru\/producto\/therminol-62-heat-transfer-fluid\/","title":{"rendered":"Therminol\u00ae 62 Heat Transfer Fluid"},"content":{"rendered":"<p>El fluido de transferencia de calor Therminol 62 ofrece un rendimiento excepcional a 325 \u00b0 C (620 \u00b0 F), incluida una excelente estabilidad t\u00e9rmica y baja presi\u00f3n de vapor. Estas propiedades dan como resultado un rendimiento confiable y constante de los sistemas de transferencia de calor durante largos per\u00edodos de tiempo. El rendimiento de los fluidos de transferencia de calor Therminol se ha demostrado a trav\u00e9s de muchos a\u00f1os de experiencia industrial en una amplia gama de condiciones de funcionamiento.<\/p>\n","protected":false},"excerpt":{"rendered":"<p>El fluido de transferencia de calor Therminol 62 ofrece un rendimiento excepcional a 325 \u00b0 C (620 \u00b0 F), incluida una excelente estabilidad t\u00e9rmica y baja presi\u00f3n de vapor. Estas propiedades dan como resultado un rendimiento confiable y constante de los sistemas de transferencia de calor durante largos per\u00edodos de tiempo. El rendimiento de los [&hellip;]<\/p>\n","protected":false},"featured_media":6142,"comment_status":"open","ping_status":"closed","template":"","meta":{"_acf_changed":false},"product_brand":[],"product_cat":[30,33],"product_tag":[],"product_line":[],"brand":[131],"class_list":{"0":"post-6139","1":"product","2":"type-product","3":"status-publish","4":"has-post-thumbnail","6":"product_cat-lubricacion","7":"product_cat-lubricantes-de-alto-desempeno","8":"brand-therminol","10":"first","11":"instock","12":"shipping-taxable","13":"product-type-simple"},"acf":[],"yoast_head":"<!-- This site is optimized with the Yoast SEO plugin v27.0 - https:\/\/yoast.com\/product\/yoast-seo-wordpress\/ -->\n<title>Therminol\u00ae 62 Heat Transfer Fluid - Synthec.com<\/title>\n<meta name=\"robots\" content=\"index, follow, max-snippet:-1, max-image-preview:large, max-video-preview:-1\" \/>\n<link rel=\"canonical\" href=\"https:\/\/www.synthec.com\/peru\/producto\/therminol-62-heat-transfer-fluid\/\" \/>\n<meta property=\"og:locale\" content=\"es_ES\" \/>\n<meta property=\"og:type\" content=\"article\" \/>\n<meta property=\"og:title\" content=\"Therminol\u00ae 62 Heat Transfer Fluid - Synthec.com\" \/>\n<meta property=\"og:description\" content=\"El fluido de transferencia de calor Therminol 62 ofrece un rendimiento excepcional a 325 \u00b0 C (620 \u00b0 F), incluida una excelente estabilidad t\u00e9rmica y baja presi\u00f3n de vapor. Estas propiedades dan como resultado un rendimiento confiable y constante de los sistemas de transferencia de calor durante largos per\u00edodos de tiempo. El rendimiento de los [&hellip;]\" \/>\n<meta property=\"og:url\" content=\"https:\/\/www.synthec.com\/peru\/producto\/therminol-62-heat-transfer-fluid\/\" \/>\n<meta property=\"og:site_name\" content=\"Synthec.com\" \/>\n<meta property=\"article:modified_time\" content=\"2026-01-20T21:53:57+00:00\" \/>\n<meta property=\"og:image\" content=\"https:\/\/www.synthec.com\/peru\/wp-content\/uploads\/2025\/11\/THERMINOL-62.png\" \/>\n\t<meta property=\"og:image:width\" content=\"564\" \/>\n\t<meta property=\"og:image:height\" content=\"544\" \/>\n\t<meta property=\"og:image:type\" content=\"image\/png\" \/>\n<meta name=\"twitter:card\" content=\"summary_large_image\" \/>\n<meta name=\"twitter:label1\" content=\"Est. reading time\" \/>\n\t<meta name=\"twitter:data1\" content=\"1 minuto\" \/>\n<script type=\"application\/ld+json\" class=\"yoast-schema-graph\">{\"@context\":\"https:\/\/schema.org\",\"@graph\":[{\"@type\":\"WebPage\",\"@id\":\"https:\/\/www.synthec.com\/peru\/producto\/therminol-62-heat-transfer-fluid\/\",\"url\":\"https:\/\/www.synthec.com\/peru\/producto\/therminol-62-heat-transfer-fluid\/\",\"name\":\"Therminol\u00ae 62 Heat Transfer Fluid - Synthec.com\",\"isPartOf\":{\"@id\":\"https:\/\/www.synthec.com\/peru\/#website\"},\"primaryImageOfPage\":{\"@id\":\"https:\/\/www.synthec.com\/peru\/producto\/therminol-62-heat-transfer-fluid\/#primaryimage\"},\"image\":{\"@id\":\"https:\/\/www.synthec.com\/peru\/producto\/therminol-62-heat-transfer-fluid\/#primaryimage\"},\"thumbnailUrl\":\"https:\/\/www.synthec.com\/peru\/wp-content\/uploads\/2025\/11\/THERMINOL-62.png\",\"datePublished\":\"2025-11-29T23:28:26+00:00\",\"dateModified\":\"2026-01-20T21:53:57+00:00\",\"breadcrumb\":{\"@id\":\"https:\/\/www.synthec.com\/peru\/producto\/therminol-62-heat-transfer-fluid\/#breadcrumb\"},\"inLanguage\":\"es-PE\",\"potentialAction\":[{\"@type\":\"ReadAction\",\"target\":[\"https:\/\/www.synthec.com\/peru\/producto\/therminol-62-heat-transfer-fluid\/\"]}]},{\"@type\":\"ImageObject\",\"inLanguage\":\"es-PE\",\"@id\":\"https:\/\/www.synthec.com\/peru\/producto\/therminol-62-heat-transfer-fluid\/#primaryimage\",\"url\":\"https:\/\/www.synthec.com\/peru\/wp-content\/uploads\/2025\/11\/THERMINOL-62.png\",\"contentUrl\":\"https:\/\/www.synthec.com\/peru\/wp-content\/uploads\/2025\/11\/THERMINOL-62.png\",\"width\":564,\"height\":544},{\"@type\":\"BreadcrumbList\",\"@id\":\"https:\/\/www.synthec.com\/peru\/producto\/therminol-62-heat-transfer-fluid\/#breadcrumb\",\"itemListElement\":[{\"@type\":\"ListItem\",\"position\":1,\"name\":\"Home\",\"item\":\"https:\/\/www.synthec.com\/peru\/\"},{\"@type\":\"ListItem\",\"position\":2,\"name\":\"Shop\",\"item\":\"https:\/\/www.synthec.com\/peru\/shop\/\"},{\"@type\":\"ListItem\",\"position\":3,\"name\":\"Therminol\u00ae 62 Heat Transfer Fluid\"}]},{\"@type\":\"WebSite\",\"@id\":\"https:\/\/www.synthec.com\/peru\/#website\",\"url\":\"https:\/\/www.synthec.com\/peru\/\",\"name\":\"Synthec.com\",\"description\":\"Contribuimos con soluciones y productos de alta especialidad a la generaci\u00f3n de un futuro sostenible.\",\"potentialAction\":[{\"@type\":\"SearchAction\",\"target\":{\"@type\":\"EntryPoint\",\"urlTemplate\":\"https:\/\/www.synthec.com\/peru\/?s={search_term_string}\"},\"query-input\":{\"@type\":\"PropertyValueSpecification\",\"valueRequired\":true,\"valueName\":\"search_term_string\"}}],\"inLanguage\":\"es-PE\"}]}<\/script>\n<!-- \/ Yoast SEO plugin. -->","yoast_head_json":{"title":"Therminol\u00ae 62 Heat Transfer Fluid - Synthec.com","robots":{"index":"index","follow":"follow","max-snippet":"max-snippet:-1","max-image-preview":"max-image-preview:large","max-video-preview":"max-video-preview:-1"},"canonical":"https:\/\/www.synthec.com\/peru\/producto\/therminol-62-heat-transfer-fluid\/","og_locale":"es_ES","og_type":"article","og_title":"Therminol\u00ae 62 Heat Transfer Fluid - Synthec.com","og_description":"El fluido de transferencia de calor Therminol 62 ofrece un rendimiento excepcional a 325 \u00b0 C (620 \u00b0 F), incluida una excelente estabilidad t\u00e9rmica y baja presi\u00f3n de vapor. Estas propiedades dan como resultado un rendimiento confiable y constante de los sistemas de transferencia de calor durante largos per\u00edodos de tiempo. El rendimiento de los [&hellip;]","og_url":"https:\/\/www.synthec.com\/peru\/producto\/therminol-62-heat-transfer-fluid\/","og_site_name":"Synthec.com","article_modified_time":"2026-01-20T21:53:57+00:00","og_image":[{"width":564,"height":544,"url":"https:\/\/www.synthec.com\/peru\/wp-content\/uploads\/2025\/11\/THERMINOL-62.png","type":"image\/png"}],"twitter_card":"summary_large_image","twitter_misc":{"Est. reading time":"1 minuto"},"schema":{"@context":"https:\/\/schema.org","@graph":[{"@type":"WebPage","@id":"https:\/\/www.synthec.com\/peru\/producto\/therminol-62-heat-transfer-fluid\/","url":"https:\/\/www.synthec.com\/peru\/producto\/therminol-62-heat-transfer-fluid\/","name":"Therminol\u00ae 62 Heat Transfer Fluid - Synthec.com","isPartOf":{"@id":"https:\/\/www.synthec.com\/peru\/#website"},"primaryImageOfPage":{"@id":"https:\/\/www.synthec.com\/peru\/producto\/therminol-62-heat-transfer-fluid\/#primaryimage"},"image":{"@id":"https:\/\/www.synthec.com\/peru\/producto\/therminol-62-heat-transfer-fluid\/#primaryimage"},"thumbnailUrl":"https:\/\/www.synthec.com\/peru\/wp-content\/uploads\/2025\/11\/THERMINOL-62.png","datePublished":"2025-11-29T23:28:26+00:00","dateModified":"2026-01-20T21:53:57+00:00","breadcrumb":{"@id":"https:\/\/www.synthec.com\/peru\/producto\/therminol-62-heat-transfer-fluid\/#breadcrumb"},"inLanguage":"es-PE","potentialAction":[{"@type":"ReadAction","target":["https:\/\/www.synthec.com\/peru\/producto\/therminol-62-heat-transfer-fluid\/"]}]},{"@type":"ImageObject","inLanguage":"es-PE","@id":"https:\/\/www.synthec.com\/peru\/producto\/therminol-62-heat-transfer-fluid\/#primaryimage","url":"https:\/\/www.synthec.com\/peru\/wp-content\/uploads\/2025\/11\/THERMINOL-62.png","contentUrl":"https:\/\/www.synthec.com\/peru\/wp-content\/uploads\/2025\/11\/THERMINOL-62.png","width":564,"height":544},{"@type":"BreadcrumbList","@id":"https:\/\/www.synthec.com\/peru\/producto\/therminol-62-heat-transfer-fluid\/#breadcrumb","itemListElement":[{"@type":"ListItem","position":1,"name":"Home","item":"https:\/\/www.synthec.com\/peru\/"},{"@type":"ListItem","position":2,"name":"Shop","item":"https:\/\/www.synthec.com\/peru\/shop\/"},{"@type":"ListItem","position":3,"name":"Therminol\u00ae 62 Heat Transfer Fluid"}]},{"@type":"WebSite","@id":"https:\/\/www.synthec.com\/peru\/#website","url":"https:\/\/www.synthec.com\/peru\/","name":"Synthec.com","description":"Contribuimos con soluciones y productos de alta especialidad a la generaci\u00f3n de un futuro sostenible.","potentialAction":[{"@type":"SearchAction","target":{"@type":"EntryPoint","urlTemplate":"https:\/\/www.synthec.com\/peru\/?s={search_term_string}"},"query-input":{"@type":"PropertyValueSpecification","valueRequired":true,"valueName":"search_term_string"}}],"inLanguage":"es-PE"}]}},"_links":{"self":[{"href":"https:\/\/www.synthec.com\/peru\/wp-json\/wp\/v2\/product\/6139","targetHints":{"allow":["GET"]}}],"collection":[{"href":"https:\/\/www.synthec.com\/peru\/wp-json\/wp\/v2\/product"}],"about":[{"href":"https:\/\/www.synthec.com\/peru\/wp-json\/wp\/v2\/types\/product"}],"replies":[{"embeddable":true,"href":"https:\/\/www.synthec.com\/peru\/wp-json\/wp\/v2\/comments?post=6139"}],"wp:featuredmedia":[{"embeddable":true,"href":"https:\/\/www.synthec.com\/peru\/wp-json\/wp\/v2\/media\/6142"}],"wp:attachment":[{"href":"https:\/\/www.synthec.com\/peru\/wp-json\/wp\/v2\/media?parent=6139"}],"wp:term":[{"taxonomy":"product_brand","embeddable":true,"href":"https:\/\/www.synthec.com\/peru\/wp-json\/wp\/v2\/product_brand?post=6139"},{"taxonomy":"product_cat","embeddable":true,"href":"https:\/\/www.synthec.com\/peru\/wp-json\/wp\/v2\/product_cat?post=6139"},{"taxonomy":"product_tag","embeddable":true,"href":"https:\/\/www.synthec.com\/peru\/wp-json\/wp\/v2\/product_tag?post=6139"},{"taxonomy":"product_line","embeddable":true,"href":"https:\/\/www.synthec.com\/peru\/wp-json\/wp\/v2\/product_line?post=6139"},{"taxonomy":"brand","embeddable":true,"href":"https:\/\/www.synthec.com\/peru\/wp-json\/wp\/v2\/brand?post=6139"}],"curies":[{"name":"wp","href":"https:\/\/api.w.org\/{rel}","templated":true}]}}