{"id":5485,"date":"2024-12-06T16:46:54","date_gmt":"2024-12-06T21:46:54","guid":{"rendered":"https:\/\/www.synthec.com\/peru\/?post_type=product&#038;p=5485"},"modified":"2026-02-24T11:54:36","modified_gmt":"2026-02-24T16:54:36","slug":"dowsil-340-heat-sink-compound-tubx142-gr","status":"publish","type":"product","link":"https:\/\/www.synthec.com\/peru\/producto\/dowsil-340-heat-sink-compound-tubx142-gr\/","title":{"rendered":"DOWSIL 340 HEAT SINK COMPOUND TUBX142 GR"},"content":{"rendered":"<p>El compuesto disipador de calor Dow DOWSIL\u2122 340 blanco es una silicona monocomponente similar a la grasa, utilizada para el acoplamiento t\u00e9rmico de componentes el\u00e9ctricos a disipadores de calor. No fluye, no cura, es termoconductor, presenta baja p\u00e9rdida de fluido y alta estabilidad t\u00e9rmica. Tubo de 142 g.<\/p>\n","protected":false},"excerpt":{"rendered":"<p>El compuesto disipador de calor Dow DOWSIL\u2122 340 blanco es una silicona monocomponente similar a la grasa, utilizada para el acoplamiento t\u00e9rmico de componentes el\u00e9ctricos a disipadores de calor. No fluye, no cura, es termoconductor, presenta baja p\u00e9rdida de fluido y alta estabilidad t\u00e9rmica. Tubo de 142 g.<\/p>\n","protected":false},"featured_media":7795,"comment_status":"open","ping_status":"closed","template":"","meta":{"_acf_changed":false},"product_brand":[],"product_cat":[60,270],"product_tag":[],"product_line":[],"brand":[98],"class_list":{"0":"post-5485","1":"product","2":"type-product","3":"status-publish","4":"has-post-thumbnail","6":"product_cat-sellantes-y-adhesivos","7":"product_cat-electronica","8":"brand-dowsil","10":"first","11":"instock","12":"shipping-taxable","13":"product-type-simple"},"acf":[],"yoast_head":"<!-- This site is optimized with the Yoast SEO plugin v27.0 - https:\/\/yoast.com\/product\/yoast-seo-wordpress\/ -->\n<title>DOWSIL 340 HEAT SINK COMPOUND TUBX142 GR - Synthec.com<\/title>\n<meta name=\"robots\" content=\"index, follow, max-snippet:-1, max-image-preview:large, max-video-preview:-1\" \/>\n<link rel=\"canonical\" href=\"https:\/\/www.synthec.com\/peru\/producto\/dowsil-340-heat-sink-compound-tubx142-gr\/\" \/>\n<meta property=\"og:locale\" content=\"es_ES\" \/>\n<meta property=\"og:type\" content=\"article\" \/>\n<meta property=\"og:title\" content=\"DOWSIL 340 HEAT SINK COMPOUND TUBX142 GR - Synthec.com\" \/>\n<meta property=\"og:description\" content=\"El compuesto disipador de calor Dow DOWSIL\u2122 340 blanco es una silicona monocomponente similar a la grasa, utilizada para el acoplamiento t\u00e9rmico de componentes el\u00e9ctricos a disipadores de calor. No fluye, no cura, es termoconductor, presenta baja p\u00e9rdida de fluido y alta estabilidad t\u00e9rmica. Tubo de 142 g.\" \/>\n<meta property=\"og:url\" content=\"https:\/\/www.synthec.com\/peru\/producto\/dowsil-340-heat-sink-compound-tubx142-gr\/\" \/>\n<meta property=\"og:site_name\" content=\"Synthec.com\" \/>\n<meta property=\"article:modified_time\" content=\"2026-02-24T16:54:36+00:00\" \/>\n<meta property=\"og:image\" content=\"https:\/\/www.synthec.com\/peru\/wp-content\/uploads\/2024\/12\/DOWSIL\u2122-340-Heat-Sink-Compound_sin-fondo.png\" \/>\n\t<meta property=\"og:image:width\" content=\"1000\" \/>\n\t<meta property=\"og:image:height\" content=\"1000\" \/>\n\t<meta property=\"og:image:type\" content=\"image\/png\" \/>\n<meta name=\"twitter:card\" content=\"summary_large_image\" \/>\n<meta name=\"twitter:label1\" content=\"Est. reading time\" \/>\n\t<meta name=\"twitter:data1\" content=\"1 minuto\" \/>\n<script type=\"application\/ld+json\" class=\"yoast-schema-graph\">{\"@context\":\"https:\/\/schema.org\",\"@graph\":[{\"@type\":\"WebPage\",\"@id\":\"https:\/\/www.synthec.com\/peru\/producto\/dowsil-340-heat-sink-compound-tubx142-gr\/\",\"url\":\"https:\/\/www.synthec.com\/peru\/producto\/dowsil-340-heat-sink-compound-tubx142-gr\/\",\"name\":\"DOWSIL 340 HEAT SINK COMPOUND TUBX142 GR - Synthec.com\",\"isPartOf\":{\"@id\":\"https:\/\/www.synthec.com\/peru\/#website\"},\"primaryImageOfPage\":{\"@id\":\"https:\/\/www.synthec.com\/peru\/producto\/dowsil-340-heat-sink-compound-tubx142-gr\/#primaryimage\"},\"image\":{\"@id\":\"https:\/\/www.synthec.com\/peru\/producto\/dowsil-340-heat-sink-compound-tubx142-gr\/#primaryimage\"},\"thumbnailUrl\":\"https:\/\/www.synthec.com\/peru\/wp-content\/uploads\/2024\/12\/DOWSIL\u2122-340-Heat-Sink-Compound_sin-fondo.png\",\"datePublished\":\"2024-12-06T21:46:54+00:00\",\"dateModified\":\"2026-02-24T16:54:36+00:00\",\"breadcrumb\":{\"@id\":\"https:\/\/www.synthec.com\/peru\/producto\/dowsil-340-heat-sink-compound-tubx142-gr\/#breadcrumb\"},\"inLanguage\":\"es-PE\",\"potentialAction\":[{\"@type\":\"ReadAction\",\"target\":[\"https:\/\/www.synthec.com\/peru\/producto\/dowsil-340-heat-sink-compound-tubx142-gr\/\"]}]},{\"@type\":\"ImageObject\",\"inLanguage\":\"es-PE\",\"@id\":\"https:\/\/www.synthec.com\/peru\/producto\/dowsil-340-heat-sink-compound-tubx142-gr\/#primaryimage\",\"url\":\"https:\/\/www.synthec.com\/peru\/wp-content\/uploads\/2024\/12\/DOWSIL\u2122-340-Heat-Sink-Compound_sin-fondo.png\",\"contentUrl\":\"https:\/\/www.synthec.com\/peru\/wp-content\/uploads\/2024\/12\/DOWSIL\u2122-340-Heat-Sink-Compound_sin-fondo.png\",\"width\":1000,\"height\":1000},{\"@type\":\"BreadcrumbList\",\"@id\":\"https:\/\/www.synthec.com\/peru\/producto\/dowsil-340-heat-sink-compound-tubx142-gr\/#breadcrumb\",\"itemListElement\":[{\"@type\":\"ListItem\",\"position\":1,\"name\":\"Home\",\"item\":\"https:\/\/www.synthec.com\/peru\/\"},{\"@type\":\"ListItem\",\"position\":2,\"name\":\"Shop\",\"item\":\"https:\/\/www.synthec.com\/peru\/shop\/\"},{\"@type\":\"ListItem\",\"position\":3,\"name\":\"DOWSIL 340 HEAT SINK COMPOUND TUBX142 GR\"}]},{\"@type\":\"WebSite\",\"@id\":\"https:\/\/www.synthec.com\/peru\/#website\",\"url\":\"https:\/\/www.synthec.com\/peru\/\",\"name\":\"Synthec.com\",\"description\":\"Contribuimos con soluciones y productos de alta especialidad a la generaci\u00f3n de un futuro sostenible.\",\"potentialAction\":[{\"@type\":\"SearchAction\",\"target\":{\"@type\":\"EntryPoint\",\"urlTemplate\":\"https:\/\/www.synthec.com\/peru\/?s={search_term_string}\"},\"query-input\":{\"@type\":\"PropertyValueSpecification\",\"valueRequired\":true,\"valueName\":\"search_term_string\"}}],\"inLanguage\":\"es-PE\"}]}<\/script>\n<!-- \/ Yoast SEO plugin. -->","yoast_head_json":{"title":"DOWSIL 340 HEAT SINK COMPOUND TUBX142 GR - Synthec.com","robots":{"index":"index","follow":"follow","max-snippet":"max-snippet:-1","max-image-preview":"max-image-preview:large","max-video-preview":"max-video-preview:-1"},"canonical":"https:\/\/www.synthec.com\/peru\/producto\/dowsil-340-heat-sink-compound-tubx142-gr\/","og_locale":"es_ES","og_type":"article","og_title":"DOWSIL 340 HEAT SINK COMPOUND TUBX142 GR - Synthec.com","og_description":"El compuesto disipador de calor Dow DOWSIL\u2122 340 blanco es una silicona monocomponente similar a la grasa, utilizada para el acoplamiento t\u00e9rmico de componentes el\u00e9ctricos a disipadores de calor. No fluye, no cura, es termoconductor, presenta baja p\u00e9rdida de fluido y alta estabilidad t\u00e9rmica. Tubo de 142 g.","og_url":"https:\/\/www.synthec.com\/peru\/producto\/dowsil-340-heat-sink-compound-tubx142-gr\/","og_site_name":"Synthec.com","article_modified_time":"2026-02-24T16:54:36+00:00","og_image":[{"width":1000,"height":1000,"url":"https:\/\/www.synthec.com\/peru\/wp-content\/uploads\/2024\/12\/DOWSIL\u2122-340-Heat-Sink-Compound_sin-fondo.png","type":"image\/png"}],"twitter_card":"summary_large_image","twitter_misc":{"Est. reading time":"1 minuto"},"schema":{"@context":"https:\/\/schema.org","@graph":[{"@type":"WebPage","@id":"https:\/\/www.synthec.com\/peru\/producto\/dowsil-340-heat-sink-compound-tubx142-gr\/","url":"https:\/\/www.synthec.com\/peru\/producto\/dowsil-340-heat-sink-compound-tubx142-gr\/","name":"DOWSIL 340 HEAT SINK COMPOUND TUBX142 GR - Synthec.com","isPartOf":{"@id":"https:\/\/www.synthec.com\/peru\/#website"},"primaryImageOfPage":{"@id":"https:\/\/www.synthec.com\/peru\/producto\/dowsil-340-heat-sink-compound-tubx142-gr\/#primaryimage"},"image":{"@id":"https:\/\/www.synthec.com\/peru\/producto\/dowsil-340-heat-sink-compound-tubx142-gr\/#primaryimage"},"thumbnailUrl":"https:\/\/www.synthec.com\/peru\/wp-content\/uploads\/2024\/12\/DOWSIL\u2122-340-Heat-Sink-Compound_sin-fondo.png","datePublished":"2024-12-06T21:46:54+00:00","dateModified":"2026-02-24T16:54:36+00:00","breadcrumb":{"@id":"https:\/\/www.synthec.com\/peru\/producto\/dowsil-340-heat-sink-compound-tubx142-gr\/#breadcrumb"},"inLanguage":"es-PE","potentialAction":[{"@type":"ReadAction","target":["https:\/\/www.synthec.com\/peru\/producto\/dowsil-340-heat-sink-compound-tubx142-gr\/"]}]},{"@type":"ImageObject","inLanguage":"es-PE","@id":"https:\/\/www.synthec.com\/peru\/producto\/dowsil-340-heat-sink-compound-tubx142-gr\/#primaryimage","url":"https:\/\/www.synthec.com\/peru\/wp-content\/uploads\/2024\/12\/DOWSIL\u2122-340-Heat-Sink-Compound_sin-fondo.png","contentUrl":"https:\/\/www.synthec.com\/peru\/wp-content\/uploads\/2024\/12\/DOWSIL\u2122-340-Heat-Sink-Compound_sin-fondo.png","width":1000,"height":1000},{"@type":"BreadcrumbList","@id":"https:\/\/www.synthec.com\/peru\/producto\/dowsil-340-heat-sink-compound-tubx142-gr\/#breadcrumb","itemListElement":[{"@type":"ListItem","position":1,"name":"Home","item":"https:\/\/www.synthec.com\/peru\/"},{"@type":"ListItem","position":2,"name":"Shop","item":"https:\/\/www.synthec.com\/peru\/shop\/"},{"@type":"ListItem","position":3,"name":"DOWSIL 340 HEAT SINK COMPOUND TUBX142 GR"}]},{"@type":"WebSite","@id":"https:\/\/www.synthec.com\/peru\/#website","url":"https:\/\/www.synthec.com\/peru\/","name":"Synthec.com","description":"Contribuimos con soluciones y productos de alta especialidad a la generaci\u00f3n de un futuro sostenible.","potentialAction":[{"@type":"SearchAction","target":{"@type":"EntryPoint","urlTemplate":"https:\/\/www.synthec.com\/peru\/?s={search_term_string}"},"query-input":{"@type":"PropertyValueSpecification","valueRequired":true,"valueName":"search_term_string"}}],"inLanguage":"es-PE"}]}},"_links":{"self":[{"href":"https:\/\/www.synthec.com\/peru\/wp-json\/wp\/v2\/product\/5485","targetHints":{"allow":["GET"]}}],"collection":[{"href":"https:\/\/www.synthec.com\/peru\/wp-json\/wp\/v2\/product"}],"about":[{"href":"https:\/\/www.synthec.com\/peru\/wp-json\/wp\/v2\/types\/product"}],"replies":[{"embeddable":true,"href":"https:\/\/www.synthec.com\/peru\/wp-json\/wp\/v2\/comments?post=5485"}],"wp:featuredmedia":[{"embeddable":true,"href":"https:\/\/www.synthec.com\/peru\/wp-json\/wp\/v2\/media\/7795"}],"wp:attachment":[{"href":"https:\/\/www.synthec.com\/peru\/wp-json\/wp\/v2\/media?parent=5485"}],"wp:term":[{"taxonomy":"product_brand","embeddable":true,"href":"https:\/\/www.synthec.com\/peru\/wp-json\/wp\/v2\/product_brand?post=5485"},{"taxonomy":"product_cat","embeddable":true,"href":"https:\/\/www.synthec.com\/peru\/wp-json\/wp\/v2\/product_cat?post=5485"},{"taxonomy":"product_tag","embeddable":true,"href":"https:\/\/www.synthec.com\/peru\/wp-json\/wp\/v2\/product_tag?post=5485"},{"taxonomy":"product_line","embeddable":true,"href":"https:\/\/www.synthec.com\/peru\/wp-json\/wp\/v2\/product_line?post=5485"},{"taxonomy":"brand","embeddable":true,"href":"https:\/\/www.synthec.com\/peru\/wp-json\/wp\/v2\/brand?post=5485"}],"curies":[{"name":"wp","href":"https:\/\/api.w.org\/{rel}","templated":true}]}}