{"id":5321,"date":"2024-11-25T16:45:35","date_gmt":"2024-11-25T21:45:35","guid":{"rendered":"https:\/\/www.synthec.com\/peru\/?post_type=product&#038;p=5321"},"modified":"2026-04-28T16:44:11","modified_gmt":"2026-04-28T21:44:11","slug":"aceite-robots-castrol-optigear-synthetic-alr-150","status":"publish","type":"product","link":"https:\/\/www.synthec.com\/peru\/producto\/aceite-robots-castrol-optigear-synthetic-alr-150\/","title":{"rendered":"Castrol Optigear\u2122 Synthetic ALR 150"},"content":{"rendered":"<p>Castrol Optigear\u2122 Synthetic ALR 150 es un aceite sint\u00e9tico para cajas de engranajes de robots dise\u00f1ado para ofrecer alto rendimiento en sistemas de automatizaci\u00f3n industrial donde se requiere lubricaci\u00f3n estable, baja formaci\u00f3n de residuos y m\u00e1xima confiabilidad operativa.<\/p>\n<p data-start=\"314\" data-end=\"731\">Este aceite sint\u00e9tico para cajas de engranajes de robots est\u00e1 formulado con bases sint\u00e9ticas de alta calidad y un paquete avanzado de aditivos que proporcionan excelente capacidad de carga, protecci\u00f3n de rodamientos y estabilidad t\u00e9rmica superior. Su baja tendencia a formar lodos ayuda a mantener los sistemas limpios y operativos por m\u00e1s tiempo, reduciendo el desgaste y la necesidad de mantenimiento frecuente.<\/p>\n<p data-start=\"733\" data-end=\"1129\">Adem\u00e1s, presenta buena compatibilidad con sellos y elast\u00f3meros, minimizando la degradaci\u00f3n de componentes internos. Su coloraci\u00f3n azul facilita la detecci\u00f3n visual de fugas, permitiendo un control m\u00e1s r\u00e1pido en entornos automatizados. Est\u00e1 dise\u00f1ado para extender los intervalos de cambio de aceite en sistemas rob\u00f3ticos, reduciendo tiempos de parada y optimizando la eficiencia del mantenimiento.<\/p>\n","protected":false},"excerpt":{"rendered":"<p>Castrol Optigear\u2122 Synthetic ALR 150 es un aceite sint\u00e9tico para cajas de engranajes de robots dise\u00f1ado para ofrecer alto rendimiento en sistemas de automatizaci\u00f3n industrial donde se requiere lubricaci\u00f3n estable, baja formaci\u00f3n de residuos y m\u00e1xima confiabilidad operativa. Este aceite sint\u00e9tico para cajas de engranajes de robots est\u00e1 formulado con bases sint\u00e9ticas de alta calidad [&hellip;]<\/p>\n","protected":false},"featured_media":6025,"comment_status":"open","ping_status":"closed","template":"","meta":{"_acf_changed":false},"product_brand":[],"product_cat":[30,33],"product_tag":[],"product_line":[],"brand":[87],"class_list":{"0":"post-5321","1":"product","2":"type-product","3":"status-publish","4":"has-post-thumbnail","6":"product_cat-lubricacion","7":"product_cat-lubricantes-de-alto-desempeno","8":"brand-castrol-lubricantes-alto-desempeno-industrial","10":"first","11":"instock","12":"shipping-taxable","13":"product-type-simple"},"acf":[],"yoast_head":"<!-- This site is optimized with the Yoast SEO plugin v27.0 - https:\/\/yoast.com\/product\/yoast-seo-wordpress\/ -->\n<title>Castrol Optigear\u2122 Synthetic ALR - Aceite para robots<\/title>\n<meta name=\"description\" content=\"Aceite sint\u00e9tico Castrol Optigear ALR 150 para cajas de engranajes de robots: alta estabilidad, bajo residuo y mayor vida \u00fatil.\" \/>\n<meta name=\"robots\" content=\"index, follow, max-snippet:-1, max-image-preview:large, max-video-preview:-1\" \/>\n<link rel=\"canonical\" href=\"https:\/\/www.synthec.com\/peru\/producto\/aceite-robots-castrol-optigear-synthetic-alr-150\/\" \/>\n<meta property=\"og:locale\" content=\"es_ES\" \/>\n<meta property=\"og:type\" content=\"article\" \/>\n<meta property=\"og:title\" content=\"Castrol Optigear\u2122 Synthetic ALR - Aceite para robots\" \/>\n<meta property=\"og:description\" content=\"Aceite sint\u00e9tico Castrol Optigear ALR 150 para cajas de engranajes de robots: alta estabilidad, bajo residuo y mayor vida \u00fatil.\" \/>\n<meta property=\"og:url\" content=\"https:\/\/www.synthec.com\/peru\/producto\/aceite-robots-castrol-optigear-synthetic-alr-150\/\" \/>\n<meta property=\"og:site_name\" content=\"Synthec.com\" \/>\n<meta property=\"article:modified_time\" content=\"2026-04-28T21:44:11+00:00\" \/>\n<meta property=\"og:image\" content=\"https:\/\/www.synthec.com\/peru\/wp-content\/uploads\/2024\/11\/OPTIGEAR-SYNTHETIC-ALR.jpg\" \/>\n\t<meta property=\"og:image:width\" content=\"564\" \/>\n\t<meta property=\"og:image:height\" content=\"544\" \/>\n\t<meta property=\"og:image:type\" content=\"image\/jpeg\" \/>\n<meta name=\"twitter:card\" content=\"summary_large_image\" \/>\n<meta name=\"twitter:label1\" content=\"Est. reading time\" \/>\n\t<meta name=\"twitter:data1\" content=\"1 minuto\" \/>\n<script type=\"application\/ld+json\" class=\"yoast-schema-graph\">{\"@context\":\"https:\/\/schema.org\",\"@graph\":[{\"@type\":\"WebPage\",\"@id\":\"https:\/\/www.synthec.com\/peru\/producto\/aceite-robots-castrol-optigear-synthetic-alr-150\/\",\"url\":\"https:\/\/www.synthec.com\/peru\/producto\/aceite-robots-castrol-optigear-synthetic-alr-150\/\",\"name\":\"Castrol Optigear\u2122 Synthetic ALR - Aceite para robots\",\"isPartOf\":{\"@id\":\"https:\/\/www.synthec.com\/peru\/#website\"},\"primaryImageOfPage\":{\"@id\":\"https:\/\/www.synthec.com\/peru\/producto\/aceite-robots-castrol-optigear-synthetic-alr-150\/#primaryimage\"},\"image\":{\"@id\":\"https:\/\/www.synthec.com\/peru\/producto\/aceite-robots-castrol-optigear-synthetic-alr-150\/#primaryimage\"},\"thumbnailUrl\":\"https:\/\/www.synthec.com\/peru\/wp-content\/uploads\/2024\/11\/OPTIGEAR-SYNTHETIC-ALR.jpg\",\"datePublished\":\"2024-11-25T21:45:35+00:00\",\"dateModified\":\"2026-04-28T21:44:11+00:00\",\"description\":\"Aceite sint\u00e9tico Castrol Optigear ALR 150 para cajas de engranajes de robots: alta estabilidad, bajo residuo y mayor vida \u00fatil.\",\"breadcrumb\":{\"@id\":\"https:\/\/www.synthec.com\/peru\/producto\/aceite-robots-castrol-optigear-synthetic-alr-150\/#breadcrumb\"},\"inLanguage\":\"es-PE\",\"potentialAction\":[{\"@type\":\"ReadAction\",\"target\":[\"https:\/\/www.synthec.com\/peru\/producto\/aceite-robots-castrol-optigear-synthetic-alr-150\/\"]}]},{\"@type\":\"ImageObject\",\"inLanguage\":\"es-PE\",\"@id\":\"https:\/\/www.synthec.com\/peru\/producto\/aceite-robots-castrol-optigear-synthetic-alr-150\/#primaryimage\",\"url\":\"https:\/\/www.synthec.com\/peru\/wp-content\/uploads\/2024\/11\/OPTIGEAR-SYNTHETIC-ALR.jpg\",\"contentUrl\":\"https:\/\/www.synthec.com\/peru\/wp-content\/uploads\/2024\/11\/OPTIGEAR-SYNTHETIC-ALR.jpg\",\"width\":564,\"height\":544},{\"@type\":\"BreadcrumbList\",\"@id\":\"https:\/\/www.synthec.com\/peru\/producto\/aceite-robots-castrol-optigear-synthetic-alr-150\/#breadcrumb\",\"itemListElement\":[{\"@type\":\"ListItem\",\"position\":1,\"name\":\"Home\",\"item\":\"https:\/\/www.synthec.com\/peru\/\"},{\"@type\":\"ListItem\",\"position\":2,\"name\":\"Shop\",\"item\":\"https:\/\/www.synthec.com\/peru\/shop\/\"},{\"@type\":\"ListItem\",\"position\":3,\"name\":\"Castrol Optigear\u2122 Synthetic ALR 150\"}]},{\"@type\":\"WebSite\",\"@id\":\"https:\/\/www.synthec.com\/peru\/#website\",\"url\":\"https:\/\/www.synthec.com\/peru\/\",\"name\":\"Synthec.com\",\"description\":\"Contribuimos con soluciones y productos de alta especialidad a la generaci\u00f3n de un futuro sostenible.\",\"potentialAction\":[{\"@type\":\"SearchAction\",\"target\":{\"@type\":\"EntryPoint\",\"urlTemplate\":\"https:\/\/www.synthec.com\/peru\/?s={search_term_string}\"},\"query-input\":{\"@type\":\"PropertyValueSpecification\",\"valueRequired\":true,\"valueName\":\"search_term_string\"}}],\"inLanguage\":\"es-PE\"}]}<\/script>\n<!-- \/ Yoast SEO plugin. -->","yoast_head_json":{"title":"Castrol Optigear\u2122 Synthetic ALR - Aceite para robots","description":"Aceite sint\u00e9tico Castrol Optigear ALR 150 para cajas de engranajes de robots: alta estabilidad, bajo residuo y mayor vida \u00fatil.","robots":{"index":"index","follow":"follow","max-snippet":"max-snippet:-1","max-image-preview":"max-image-preview:large","max-video-preview":"max-video-preview:-1"},"canonical":"https:\/\/www.synthec.com\/peru\/producto\/aceite-robots-castrol-optigear-synthetic-alr-150\/","og_locale":"es_ES","og_type":"article","og_title":"Castrol Optigear\u2122 Synthetic ALR - Aceite para robots","og_description":"Aceite sint\u00e9tico Castrol Optigear ALR 150 para cajas de engranajes de robots: alta estabilidad, bajo residuo y mayor vida \u00fatil.","og_url":"https:\/\/www.synthec.com\/peru\/producto\/aceite-robots-castrol-optigear-synthetic-alr-150\/","og_site_name":"Synthec.com","article_modified_time":"2026-04-28T21:44:11+00:00","og_image":[{"width":564,"height":544,"url":"https:\/\/www.synthec.com\/peru\/wp-content\/uploads\/2024\/11\/OPTIGEAR-SYNTHETIC-ALR.jpg","type":"image\/jpeg"}],"twitter_card":"summary_large_image","twitter_misc":{"Est. reading time":"1 minuto"},"schema":{"@context":"https:\/\/schema.org","@graph":[{"@type":"WebPage","@id":"https:\/\/www.synthec.com\/peru\/producto\/aceite-robots-castrol-optigear-synthetic-alr-150\/","url":"https:\/\/www.synthec.com\/peru\/producto\/aceite-robots-castrol-optigear-synthetic-alr-150\/","name":"Castrol Optigear\u2122 Synthetic ALR - Aceite para robots","isPartOf":{"@id":"https:\/\/www.synthec.com\/peru\/#website"},"primaryImageOfPage":{"@id":"https:\/\/www.synthec.com\/peru\/producto\/aceite-robots-castrol-optigear-synthetic-alr-150\/#primaryimage"},"image":{"@id":"https:\/\/www.synthec.com\/peru\/producto\/aceite-robots-castrol-optigear-synthetic-alr-150\/#primaryimage"},"thumbnailUrl":"https:\/\/www.synthec.com\/peru\/wp-content\/uploads\/2024\/11\/OPTIGEAR-SYNTHETIC-ALR.jpg","datePublished":"2024-11-25T21:45:35+00:00","dateModified":"2026-04-28T21:44:11+00:00","description":"Aceite sint\u00e9tico Castrol Optigear ALR 150 para cajas de engranajes de robots: alta estabilidad, bajo residuo y mayor vida \u00fatil.","breadcrumb":{"@id":"https:\/\/www.synthec.com\/peru\/producto\/aceite-robots-castrol-optigear-synthetic-alr-150\/#breadcrumb"},"inLanguage":"es-PE","potentialAction":[{"@type":"ReadAction","target":["https:\/\/www.synthec.com\/peru\/producto\/aceite-robots-castrol-optigear-synthetic-alr-150\/"]}]},{"@type":"ImageObject","inLanguage":"es-PE","@id":"https:\/\/www.synthec.com\/peru\/producto\/aceite-robots-castrol-optigear-synthetic-alr-150\/#primaryimage","url":"https:\/\/www.synthec.com\/peru\/wp-content\/uploads\/2024\/11\/OPTIGEAR-SYNTHETIC-ALR.jpg","contentUrl":"https:\/\/www.synthec.com\/peru\/wp-content\/uploads\/2024\/11\/OPTIGEAR-SYNTHETIC-ALR.jpg","width":564,"height":544},{"@type":"BreadcrumbList","@id":"https:\/\/www.synthec.com\/peru\/producto\/aceite-robots-castrol-optigear-synthetic-alr-150\/#breadcrumb","itemListElement":[{"@type":"ListItem","position":1,"name":"Home","item":"https:\/\/www.synthec.com\/peru\/"},{"@type":"ListItem","position":2,"name":"Shop","item":"https:\/\/www.synthec.com\/peru\/shop\/"},{"@type":"ListItem","position":3,"name":"Castrol Optigear\u2122 Synthetic ALR 150"}]},{"@type":"WebSite","@id":"https:\/\/www.synthec.com\/peru\/#website","url":"https:\/\/www.synthec.com\/peru\/","name":"Synthec.com","description":"Contribuimos con soluciones y productos de alta especialidad a la generaci\u00f3n de un futuro sostenible.","potentialAction":[{"@type":"SearchAction","target":{"@type":"EntryPoint","urlTemplate":"https:\/\/www.synthec.com\/peru\/?s={search_term_string}"},"query-input":{"@type":"PropertyValueSpecification","valueRequired":true,"valueName":"search_term_string"}}],"inLanguage":"es-PE"}]}},"_links":{"self":[{"href":"https:\/\/www.synthec.com\/peru\/wp-json\/wp\/v2\/product\/5321","targetHints":{"allow":["GET"]}}],"collection":[{"href":"https:\/\/www.synthec.com\/peru\/wp-json\/wp\/v2\/product"}],"about":[{"href":"https:\/\/www.synthec.com\/peru\/wp-json\/wp\/v2\/types\/product"}],"replies":[{"embeddable":true,"href":"https:\/\/www.synthec.com\/peru\/wp-json\/wp\/v2\/comments?post=5321"}],"wp:featuredmedia":[{"embeddable":true,"href":"https:\/\/www.synthec.com\/peru\/wp-json\/wp\/v2\/media\/6025"}],"wp:attachment":[{"href":"https:\/\/www.synthec.com\/peru\/wp-json\/wp\/v2\/media?parent=5321"}],"wp:term":[{"taxonomy":"product_brand","embeddable":true,"href":"https:\/\/www.synthec.com\/peru\/wp-json\/wp\/v2\/product_brand?post=5321"},{"taxonomy":"product_cat","embeddable":true,"href":"https:\/\/www.synthec.com\/peru\/wp-json\/wp\/v2\/product_cat?post=5321"},{"taxonomy":"product_tag","embeddable":true,"href":"https:\/\/www.synthec.com\/peru\/wp-json\/wp\/v2\/product_tag?post=5321"},{"taxonomy":"product_line","embeddable":true,"href":"https:\/\/www.synthec.com\/peru\/wp-json\/wp\/v2\/product_line?post=5321"},{"taxonomy":"brand","embeddable":true,"href":"https:\/\/www.synthec.com\/peru\/wp-json\/wp\/v2\/brand?post=5321"}],"curies":[{"name":"wp","href":"https:\/\/api.w.org\/{rel}","templated":true}]}}