{"id":3920,"date":"2024-03-27T16:40:15","date_gmt":"2024-03-27T21:40:15","guid":{"rendered":"https:\/\/www.synthec.com\/peru\/?post_type=product&#038;p=3920"},"modified":"2026-02-26T12:31:08","modified_gmt":"2026-02-26T17:31:08","slug":"crc-super-degreaser-plus-17-oz","status":"publish","type":"product","link":"https:\/\/www.synthec.com\/peru\/producto\/crc-super-degreaser-plus-17-oz\/","title":{"rendered":"CRC SUPER DEGREASER PLUS DEGREASER"},"content":{"rendered":"<p>Esta f\u00f3rmula de alto rendimiento y resistencia industrial disuelve r\u00e1pidamente grasas, aceites y lodos. No tiene flash, se evapora r\u00e1pidamente y no deja residuos. Este producto no es corrosivo ni mancha<\/p>\n","protected":false},"excerpt":{"rendered":"<p>Esta f\u00f3rmula de alto rendimiento y resistencia industrial disuelve r\u00e1pidamente grasas, aceites y lodos. No tiene flash, se evapora r\u00e1pidamente y no deja residuos. Este producto no es corrosivo ni mancha<\/p>\n","protected":false},"featured_media":7979,"comment_status":"open","ping_status":"closed","template":"","meta":{"_acf_changed":false},"product_brand":[],"product_cat":[50,250],"product_tag":[],"product_line":[],"brand":[94],"class_list":{"0":"post-3920","1":"product","2":"type-product","3":"status-publish","4":"has-post-thumbnail","6":"product_cat-quimicos-de-mantenimiento","7":"product_cat-limpiadores-y-desengrasantes","8":"brand-crc","10":"first","11":"instock","12":"shipping-taxable","13":"product-type-simple"},"acf":[],"yoast_head":"<!-- This site is optimized with the Yoast SEO plugin v27.0 - https:\/\/yoast.com\/product\/yoast-seo-wordpress\/ -->\n<title>CRC SUPER DEGREASER PLUS DEGREASER - Synthec.com<\/title>\n<meta name=\"robots\" content=\"index, follow, max-snippet:-1, max-image-preview:large, max-video-preview:-1\" \/>\n<link rel=\"canonical\" href=\"https:\/\/www.synthec.com\/peru\/producto\/crc-super-degreaser-plus-17-oz\/\" \/>\n<meta property=\"og:locale\" content=\"es_ES\" \/>\n<meta property=\"og:type\" content=\"article\" \/>\n<meta property=\"og:title\" content=\"CRC SUPER DEGREASER PLUS DEGREASER - Synthec.com\" \/>\n<meta property=\"og:description\" content=\"Esta f\u00f3rmula de alto rendimiento y resistencia industrial disuelve r\u00e1pidamente grasas, aceites y lodos. No tiene flash, se evapora r\u00e1pidamente y no deja residuos. Este producto no es corrosivo ni mancha\" \/>\n<meta property=\"og:url\" content=\"https:\/\/www.synthec.com\/peru\/producto\/crc-super-degreaser-plus-17-oz\/\" \/>\n<meta property=\"og:site_name\" content=\"Synthec.com\" \/>\n<meta property=\"article:modified_time\" content=\"2026-02-26T17:31:08+00:00\" \/>\n<meta property=\"og:image\" content=\"https:\/\/www.synthec.com\/peru\/wp-content\/uploads\/2024\/03\/CR-3109-sin-fondo-1.png\" \/>\n\t<meta property=\"og:image:width\" content=\"339\" \/>\n\t<meta property=\"og:image:height\" content=\"400\" \/>\n\t<meta property=\"og:image:type\" content=\"image\/png\" \/>\n<meta name=\"twitter:card\" content=\"summary_large_image\" \/>\n<meta name=\"twitter:label1\" content=\"Est. reading time\" \/>\n\t<meta name=\"twitter:data1\" content=\"1 minuto\" \/>\n<script type=\"application\/ld+json\" class=\"yoast-schema-graph\">{\"@context\":\"https:\/\/schema.org\",\"@graph\":[{\"@type\":\"WebPage\",\"@id\":\"https:\/\/www.synthec.com\/peru\/producto\/crc-super-degreaser-plus-17-oz\/\",\"url\":\"https:\/\/www.synthec.com\/peru\/producto\/crc-super-degreaser-plus-17-oz\/\",\"name\":\"CRC SUPER DEGREASER PLUS DEGREASER - Synthec.com\",\"isPartOf\":{\"@id\":\"https:\/\/www.synthec.com\/peru\/#website\"},\"primaryImageOfPage\":{\"@id\":\"https:\/\/www.synthec.com\/peru\/producto\/crc-super-degreaser-plus-17-oz\/#primaryimage\"},\"image\":{\"@id\":\"https:\/\/www.synthec.com\/peru\/producto\/crc-super-degreaser-plus-17-oz\/#primaryimage\"},\"thumbnailUrl\":\"https:\/\/www.synthec.com\/peru\/wp-content\/uploads\/2024\/03\/CR-3109-sin-fondo-1.png\",\"datePublished\":\"2024-03-27T21:40:15+00:00\",\"dateModified\":\"2026-02-26T17:31:08+00:00\",\"breadcrumb\":{\"@id\":\"https:\/\/www.synthec.com\/peru\/producto\/crc-super-degreaser-plus-17-oz\/#breadcrumb\"},\"inLanguage\":\"es-PE\",\"potentialAction\":[{\"@type\":\"ReadAction\",\"target\":[\"https:\/\/www.synthec.com\/peru\/producto\/crc-super-degreaser-plus-17-oz\/\"]}]},{\"@type\":\"ImageObject\",\"inLanguage\":\"es-PE\",\"@id\":\"https:\/\/www.synthec.com\/peru\/producto\/crc-super-degreaser-plus-17-oz\/#primaryimage\",\"url\":\"https:\/\/www.synthec.com\/peru\/wp-content\/uploads\/2024\/03\/CR-3109-sin-fondo-1.png\",\"contentUrl\":\"https:\/\/www.synthec.com\/peru\/wp-content\/uploads\/2024\/03\/CR-3109-sin-fondo-1.png\",\"width\":339,\"height\":400},{\"@type\":\"BreadcrumbList\",\"@id\":\"https:\/\/www.synthec.com\/peru\/producto\/crc-super-degreaser-plus-17-oz\/#breadcrumb\",\"itemListElement\":[{\"@type\":\"ListItem\",\"position\":1,\"name\":\"Home\",\"item\":\"https:\/\/www.synthec.com\/peru\/\"},{\"@type\":\"ListItem\",\"position\":2,\"name\":\"Shop\",\"item\":\"https:\/\/www.synthec.com\/peru\/shop\/\"},{\"@type\":\"ListItem\",\"position\":3,\"name\":\"CRC SUPER DEGREASER PLUS DEGREASER\"}]},{\"@type\":\"WebSite\",\"@id\":\"https:\/\/www.synthec.com\/peru\/#website\",\"url\":\"https:\/\/www.synthec.com\/peru\/\",\"name\":\"Synthec.com\",\"description\":\"Contribuimos con soluciones y productos de alta especialidad a la generaci\u00f3n de un futuro sostenible.\",\"potentialAction\":[{\"@type\":\"SearchAction\",\"target\":{\"@type\":\"EntryPoint\",\"urlTemplate\":\"https:\/\/www.synthec.com\/peru\/?s={search_term_string}\"},\"query-input\":{\"@type\":\"PropertyValueSpecification\",\"valueRequired\":true,\"valueName\":\"search_term_string\"}}],\"inLanguage\":\"es-PE\"}]}<\/script>\n<!-- \/ Yoast SEO plugin. -->","yoast_head_json":{"title":"CRC SUPER DEGREASER PLUS DEGREASER - Synthec.com","robots":{"index":"index","follow":"follow","max-snippet":"max-snippet:-1","max-image-preview":"max-image-preview:large","max-video-preview":"max-video-preview:-1"},"canonical":"https:\/\/www.synthec.com\/peru\/producto\/crc-super-degreaser-plus-17-oz\/","og_locale":"es_ES","og_type":"article","og_title":"CRC SUPER DEGREASER PLUS DEGREASER - Synthec.com","og_description":"Esta f\u00f3rmula de alto rendimiento y resistencia industrial disuelve r\u00e1pidamente grasas, aceites y lodos. No tiene flash, se evapora r\u00e1pidamente y no deja residuos. Este producto no es corrosivo ni mancha","og_url":"https:\/\/www.synthec.com\/peru\/producto\/crc-super-degreaser-plus-17-oz\/","og_site_name":"Synthec.com","article_modified_time":"2026-02-26T17:31:08+00:00","og_image":[{"width":339,"height":400,"url":"https:\/\/www.synthec.com\/peru\/wp-content\/uploads\/2024\/03\/CR-3109-sin-fondo-1.png","type":"image\/png"}],"twitter_card":"summary_large_image","twitter_misc":{"Est. reading time":"1 minuto"},"schema":{"@context":"https:\/\/schema.org","@graph":[{"@type":"WebPage","@id":"https:\/\/www.synthec.com\/peru\/producto\/crc-super-degreaser-plus-17-oz\/","url":"https:\/\/www.synthec.com\/peru\/producto\/crc-super-degreaser-plus-17-oz\/","name":"CRC SUPER DEGREASER PLUS DEGREASER - Synthec.com","isPartOf":{"@id":"https:\/\/www.synthec.com\/peru\/#website"},"primaryImageOfPage":{"@id":"https:\/\/www.synthec.com\/peru\/producto\/crc-super-degreaser-plus-17-oz\/#primaryimage"},"image":{"@id":"https:\/\/www.synthec.com\/peru\/producto\/crc-super-degreaser-plus-17-oz\/#primaryimage"},"thumbnailUrl":"https:\/\/www.synthec.com\/peru\/wp-content\/uploads\/2024\/03\/CR-3109-sin-fondo-1.png","datePublished":"2024-03-27T21:40:15+00:00","dateModified":"2026-02-26T17:31:08+00:00","breadcrumb":{"@id":"https:\/\/www.synthec.com\/peru\/producto\/crc-super-degreaser-plus-17-oz\/#breadcrumb"},"inLanguage":"es-PE","potentialAction":[{"@type":"ReadAction","target":["https:\/\/www.synthec.com\/peru\/producto\/crc-super-degreaser-plus-17-oz\/"]}]},{"@type":"ImageObject","inLanguage":"es-PE","@id":"https:\/\/www.synthec.com\/peru\/producto\/crc-super-degreaser-plus-17-oz\/#primaryimage","url":"https:\/\/www.synthec.com\/peru\/wp-content\/uploads\/2024\/03\/CR-3109-sin-fondo-1.png","contentUrl":"https:\/\/www.synthec.com\/peru\/wp-content\/uploads\/2024\/03\/CR-3109-sin-fondo-1.png","width":339,"height":400},{"@type":"BreadcrumbList","@id":"https:\/\/www.synthec.com\/peru\/producto\/crc-super-degreaser-plus-17-oz\/#breadcrumb","itemListElement":[{"@type":"ListItem","position":1,"name":"Home","item":"https:\/\/www.synthec.com\/peru\/"},{"@type":"ListItem","position":2,"name":"Shop","item":"https:\/\/www.synthec.com\/peru\/shop\/"},{"@type":"ListItem","position":3,"name":"CRC SUPER DEGREASER PLUS DEGREASER"}]},{"@type":"WebSite","@id":"https:\/\/www.synthec.com\/peru\/#website","url":"https:\/\/www.synthec.com\/peru\/","name":"Synthec.com","description":"Contribuimos con soluciones y productos de alta especialidad a la generaci\u00f3n de un futuro sostenible.","potentialAction":[{"@type":"SearchAction","target":{"@type":"EntryPoint","urlTemplate":"https:\/\/www.synthec.com\/peru\/?s={search_term_string}"},"query-input":{"@type":"PropertyValueSpecification","valueRequired":true,"valueName":"search_term_string"}}],"inLanguage":"es-PE"}]}},"_links":{"self":[{"href":"https:\/\/www.synthec.com\/peru\/wp-json\/wp\/v2\/product\/3920","targetHints":{"allow":["GET"]}}],"collection":[{"href":"https:\/\/www.synthec.com\/peru\/wp-json\/wp\/v2\/product"}],"about":[{"href":"https:\/\/www.synthec.com\/peru\/wp-json\/wp\/v2\/types\/product"}],"replies":[{"embeddable":true,"href":"https:\/\/www.synthec.com\/peru\/wp-json\/wp\/v2\/comments?post=3920"}],"wp:featuredmedia":[{"embeddable":true,"href":"https:\/\/www.synthec.com\/peru\/wp-json\/wp\/v2\/media\/7979"}],"wp:attachment":[{"href":"https:\/\/www.synthec.com\/peru\/wp-json\/wp\/v2\/media?parent=3920"}],"wp:term":[{"taxonomy":"product_brand","embeddable":true,"href":"https:\/\/www.synthec.com\/peru\/wp-json\/wp\/v2\/product_brand?post=3920"},{"taxonomy":"product_cat","embeddable":true,"href":"https:\/\/www.synthec.com\/peru\/wp-json\/wp\/v2\/product_cat?post=3920"},{"taxonomy":"product_tag","embeddable":true,"href":"https:\/\/www.synthec.com\/peru\/wp-json\/wp\/v2\/product_tag?post=3920"},{"taxonomy":"product_line","embeddable":true,"href":"https:\/\/www.synthec.com\/peru\/wp-json\/wp\/v2\/product_line?post=3920"},{"taxonomy":"brand","embeddable":true,"href":"https:\/\/www.synthec.com\/peru\/wp-json\/wp\/v2\/brand?post=3920"}],"curies":[{"name":"wp","href":"https:\/\/api.w.org\/{rel}","templated":true}]}}