{"id":2922,"date":"2023-10-22T02:18:50","date_gmt":"2023-10-22T07:18:50","guid":{"rendered":"https:\/\/server\/annariel-synthec\/producto\/royco-634e\/"},"modified":"2026-01-17T22:59:43","modified_gmt":"2026-01-18T03:59:43","slug":"royco-634e-mil-prf-63460","status":"publish","type":"product","link":"https:\/\/www.synthec.com\/peru\/producto\/royco-634e-mil-prf-63460\/","title":{"rendered":"ROYCO 634E MIL-PRF-63460"},"content":{"rendered":"<p>ROYCO 634E es considerado lubricante tipo CLP \u201cnext generation\u201d. Proporciona un alto grado de penetraci\u00f3n, protege contra la infiltraci\u00f3n de polvo \/ part\u00edculas, una excelente inhibici\u00f3n del \u00f3xido y minimiza el atasco de armas en condiciones adversas de armas de mano y sistemas de armas de calibre grande y peque\u00f1o.<\/p>\n","protected":false},"excerpt":{"rendered":"<p>ROYCO 634E es considerado lubricante tipo CLP \u201cnext generation\u201d. Proporciona un alto grado de penetraci\u00f3n, protege contra la infiltraci\u00f3n de polvo \/ part\u00edculas, una excelente inhibici\u00f3n del \u00f3xido y minimiza el atasco de armas en condiciones adversas de armas de mano y sistemas de armas de calibre grande y peque\u00f1o.<\/p>\n","protected":false},"featured_media":6692,"comment_status":"open","ping_status":"closed","template":"","meta":{"_acf_changed":false},"product_brand":[],"product_cat":[30,38],"product_tag":[],"product_line":[],"brand":[120],"class_list":{"0":"post-2922","1":"product","2":"type-product","3":"status-publish","4":"has-post-thumbnail","6":"product_cat-lubricacion","7":"product_cat-marina","8":"brand-royco","10":"first","11":"instock","12":"shipping-taxable","13":"product-type-simple"},"acf":[],"yoast_head":"<!-- This site is optimized with the Yoast SEO plugin v27.0 - https:\/\/yoast.com\/product\/yoast-seo-wordpress\/ -->\n<title>ROYCO 634E MIL-PRF-63460 - Synthec.com<\/title>\n<meta name=\"robots\" content=\"index, follow, max-snippet:-1, max-image-preview:large, max-video-preview:-1\" \/>\n<link rel=\"canonical\" href=\"https:\/\/www.synthec.com\/peru\/producto\/royco-634e-mil-prf-63460\/\" \/>\n<meta property=\"og:locale\" content=\"es_ES\" \/>\n<meta property=\"og:type\" content=\"article\" \/>\n<meta property=\"og:title\" content=\"ROYCO 634E MIL-PRF-63460 - Synthec.com\" \/>\n<meta property=\"og:description\" content=\"ROYCO 634E es considerado lubricante tipo CLP \u201cnext generation\u201d. Proporciona un alto grado de penetraci\u00f3n, protege contra la infiltraci\u00f3n de polvo \/ part\u00edculas, una excelente inhibici\u00f3n del \u00f3xido y minimiza el atasco de armas en condiciones adversas de armas de mano y sistemas de armas de calibre grande y peque\u00f1o.\" \/>\n<meta property=\"og:url\" content=\"https:\/\/www.synthec.com\/peru\/producto\/royco-634e-mil-prf-63460\/\" \/>\n<meta property=\"og:site_name\" content=\"Synthec.com\" \/>\n<meta property=\"article:modified_time\" content=\"2026-01-18T03:59:43+00:00\" \/>\n<meta property=\"og:image\" content=\"https:\/\/www.synthec.com\/peru\/wp-content\/uploads\/2023\/10\/ROYCO_634E.png\" \/>\n\t<meta property=\"og:image:width\" content=\"564\" \/>\n\t<meta property=\"og:image:height\" content=\"544\" \/>\n\t<meta property=\"og:image:type\" content=\"image\/png\" \/>\n<meta name=\"twitter:card\" content=\"summary_large_image\" \/>\n<meta name=\"twitter:label1\" content=\"Est. reading time\" \/>\n\t<meta name=\"twitter:data1\" content=\"1 minuto\" \/>\n<script type=\"application\/ld+json\" class=\"yoast-schema-graph\">{\"@context\":\"https:\/\/schema.org\",\"@graph\":[{\"@type\":\"WebPage\",\"@id\":\"https:\/\/www.synthec.com\/peru\/producto\/royco-634e-mil-prf-63460\/\",\"url\":\"https:\/\/www.synthec.com\/peru\/producto\/royco-634e-mil-prf-63460\/\",\"name\":\"ROYCO 634E MIL-PRF-63460 - Synthec.com\",\"isPartOf\":{\"@id\":\"https:\/\/www.synthec.com\/peru\/#website\"},\"primaryImageOfPage\":{\"@id\":\"https:\/\/www.synthec.com\/peru\/producto\/royco-634e-mil-prf-63460\/#primaryimage\"},\"image\":{\"@id\":\"https:\/\/www.synthec.com\/peru\/producto\/royco-634e-mil-prf-63460\/#primaryimage\"},\"thumbnailUrl\":\"https:\/\/www.synthec.com\/peru\/wp-content\/uploads\/2023\/10\/ROYCO_634E.png\",\"datePublished\":\"2023-10-22T07:18:50+00:00\",\"dateModified\":\"2026-01-18T03:59:43+00:00\",\"breadcrumb\":{\"@id\":\"https:\/\/www.synthec.com\/peru\/producto\/royco-634e-mil-prf-63460\/#breadcrumb\"},\"inLanguage\":\"es-PE\",\"potentialAction\":[{\"@type\":\"ReadAction\",\"target\":[\"https:\/\/www.synthec.com\/peru\/producto\/royco-634e-mil-prf-63460\/\"]}]},{\"@type\":\"ImageObject\",\"inLanguage\":\"es-PE\",\"@id\":\"https:\/\/www.synthec.com\/peru\/producto\/royco-634e-mil-prf-63460\/#primaryimage\",\"url\":\"https:\/\/www.synthec.com\/peru\/wp-content\/uploads\/2023\/10\/ROYCO_634E.png\",\"contentUrl\":\"https:\/\/www.synthec.com\/peru\/wp-content\/uploads\/2023\/10\/ROYCO_634E.png\",\"width\":564,\"height\":544},{\"@type\":\"BreadcrumbList\",\"@id\":\"https:\/\/www.synthec.com\/peru\/producto\/royco-634e-mil-prf-63460\/#breadcrumb\",\"itemListElement\":[{\"@type\":\"ListItem\",\"position\":1,\"name\":\"Home\",\"item\":\"https:\/\/www.synthec.com\/peru\/\"},{\"@type\":\"ListItem\",\"position\":2,\"name\":\"Shop\",\"item\":\"https:\/\/www.synthec.com\/peru\/shop\/\"},{\"@type\":\"ListItem\",\"position\":3,\"name\":\"ROYCO 634E MIL-PRF-63460\"}]},{\"@type\":\"WebSite\",\"@id\":\"https:\/\/www.synthec.com\/peru\/#website\",\"url\":\"https:\/\/www.synthec.com\/peru\/\",\"name\":\"Synthec.com\",\"description\":\"Contribuimos con soluciones y productos de alta especialidad a la generaci\u00f3n de un futuro sostenible.\",\"potentialAction\":[{\"@type\":\"SearchAction\",\"target\":{\"@type\":\"EntryPoint\",\"urlTemplate\":\"https:\/\/www.synthec.com\/peru\/?s={search_term_string}\"},\"query-input\":{\"@type\":\"PropertyValueSpecification\",\"valueRequired\":true,\"valueName\":\"search_term_string\"}}],\"inLanguage\":\"es-PE\"}]}<\/script>\n<!-- \/ Yoast SEO plugin. -->","yoast_head_json":{"title":"ROYCO 634E MIL-PRF-63460 - Synthec.com","robots":{"index":"index","follow":"follow","max-snippet":"max-snippet:-1","max-image-preview":"max-image-preview:large","max-video-preview":"max-video-preview:-1"},"canonical":"https:\/\/www.synthec.com\/peru\/producto\/royco-634e-mil-prf-63460\/","og_locale":"es_ES","og_type":"article","og_title":"ROYCO 634E MIL-PRF-63460 - Synthec.com","og_description":"ROYCO 634E es considerado lubricante tipo CLP \u201cnext generation\u201d. Proporciona un alto grado de penetraci\u00f3n, protege contra la infiltraci\u00f3n de polvo \/ part\u00edculas, una excelente inhibici\u00f3n del \u00f3xido y minimiza el atasco de armas en condiciones adversas de armas de mano y sistemas de armas de calibre grande y peque\u00f1o.","og_url":"https:\/\/www.synthec.com\/peru\/producto\/royco-634e-mil-prf-63460\/","og_site_name":"Synthec.com","article_modified_time":"2026-01-18T03:59:43+00:00","og_image":[{"width":564,"height":544,"url":"https:\/\/www.synthec.com\/peru\/wp-content\/uploads\/2023\/10\/ROYCO_634E.png","type":"image\/png"}],"twitter_card":"summary_large_image","twitter_misc":{"Est. reading time":"1 minuto"},"schema":{"@context":"https:\/\/schema.org","@graph":[{"@type":"WebPage","@id":"https:\/\/www.synthec.com\/peru\/producto\/royco-634e-mil-prf-63460\/","url":"https:\/\/www.synthec.com\/peru\/producto\/royco-634e-mil-prf-63460\/","name":"ROYCO 634E MIL-PRF-63460 - Synthec.com","isPartOf":{"@id":"https:\/\/www.synthec.com\/peru\/#website"},"primaryImageOfPage":{"@id":"https:\/\/www.synthec.com\/peru\/producto\/royco-634e-mil-prf-63460\/#primaryimage"},"image":{"@id":"https:\/\/www.synthec.com\/peru\/producto\/royco-634e-mil-prf-63460\/#primaryimage"},"thumbnailUrl":"https:\/\/www.synthec.com\/peru\/wp-content\/uploads\/2023\/10\/ROYCO_634E.png","datePublished":"2023-10-22T07:18:50+00:00","dateModified":"2026-01-18T03:59:43+00:00","breadcrumb":{"@id":"https:\/\/www.synthec.com\/peru\/producto\/royco-634e-mil-prf-63460\/#breadcrumb"},"inLanguage":"es-PE","potentialAction":[{"@type":"ReadAction","target":["https:\/\/www.synthec.com\/peru\/producto\/royco-634e-mil-prf-63460\/"]}]},{"@type":"ImageObject","inLanguage":"es-PE","@id":"https:\/\/www.synthec.com\/peru\/producto\/royco-634e-mil-prf-63460\/#primaryimage","url":"https:\/\/www.synthec.com\/peru\/wp-content\/uploads\/2023\/10\/ROYCO_634E.png","contentUrl":"https:\/\/www.synthec.com\/peru\/wp-content\/uploads\/2023\/10\/ROYCO_634E.png","width":564,"height":544},{"@type":"BreadcrumbList","@id":"https:\/\/www.synthec.com\/peru\/producto\/royco-634e-mil-prf-63460\/#breadcrumb","itemListElement":[{"@type":"ListItem","position":1,"name":"Home","item":"https:\/\/www.synthec.com\/peru\/"},{"@type":"ListItem","position":2,"name":"Shop","item":"https:\/\/www.synthec.com\/peru\/shop\/"},{"@type":"ListItem","position":3,"name":"ROYCO 634E MIL-PRF-63460"}]},{"@type":"WebSite","@id":"https:\/\/www.synthec.com\/peru\/#website","url":"https:\/\/www.synthec.com\/peru\/","name":"Synthec.com","description":"Contribuimos con soluciones y productos de alta especialidad a la generaci\u00f3n de un futuro sostenible.","potentialAction":[{"@type":"SearchAction","target":{"@type":"EntryPoint","urlTemplate":"https:\/\/www.synthec.com\/peru\/?s={search_term_string}"},"query-input":{"@type":"PropertyValueSpecification","valueRequired":true,"valueName":"search_term_string"}}],"inLanguage":"es-PE"}]}},"_links":{"self":[{"href":"https:\/\/www.synthec.com\/peru\/wp-json\/wp\/v2\/product\/2922","targetHints":{"allow":["GET"]}}],"collection":[{"href":"https:\/\/www.synthec.com\/peru\/wp-json\/wp\/v2\/product"}],"about":[{"href":"https:\/\/www.synthec.com\/peru\/wp-json\/wp\/v2\/types\/product"}],"replies":[{"embeddable":true,"href":"https:\/\/www.synthec.com\/peru\/wp-json\/wp\/v2\/comments?post=2922"}],"wp:featuredmedia":[{"embeddable":true,"href":"https:\/\/www.synthec.com\/peru\/wp-json\/wp\/v2\/media\/6692"}],"wp:attachment":[{"href":"https:\/\/www.synthec.com\/peru\/wp-json\/wp\/v2\/media?parent=2922"}],"wp:term":[{"taxonomy":"product_brand","embeddable":true,"href":"https:\/\/www.synthec.com\/peru\/wp-json\/wp\/v2\/product_brand?post=2922"},{"taxonomy":"product_cat","embeddable":true,"href":"https:\/\/www.synthec.com\/peru\/wp-json\/wp\/v2\/product_cat?post=2922"},{"taxonomy":"product_tag","embeddable":true,"href":"https:\/\/www.synthec.com\/peru\/wp-json\/wp\/v2\/product_tag?post=2922"},{"taxonomy":"product_line","embeddable":true,"href":"https:\/\/www.synthec.com\/peru\/wp-json\/wp\/v2\/product_line?post=2922"},{"taxonomy":"brand","embeddable":true,"href":"https:\/\/www.synthec.com\/peru\/wp-json\/wp\/v2\/brand?post=2922"}],"curies":[{"name":"wp","href":"https:\/\/api.w.org\/{rel}","templated":true}]}}