{"id":2849,"date":"2023-10-22T02:11:12","date_gmt":"2023-10-22T07:11:12","guid":{"rendered":"https:\/\/server\/annariel-synthec\/producto\/castrol-radicool-sf-o-premix\/"},"modified":"2026-01-17T12:54:30","modified_gmt":"2026-01-17T17:54:30","slug":"castrol-radicool-sf-o-premix","status":"publish","type":"product","link":"https:\/\/www.synthec.com\/peru\/producto\/castrol-radicool-sf-o-premix\/","title":{"rendered":"CASTROL RADICOOL SF-O PREMIX"},"content":{"rendered":"<p>Castrol Radicool SF-O Premix es un anticongelante concentrado sin silicatos, formulado con tecnolog\u00eda avanzada de \u00e1cidos org\u00e1nicos (OAT). Castrol Radicool SF-O Premix funciona en un amplio rango de temperatura de funcionamiento para un enfriamiento eficaz del motor en todos los climas. por lo tanto, ninguna diluci\u00f3n por parte del cliente garantiza que siempre se utilice la concentraci\u00f3n correcta. Castrol Radicool SF-O Premix proporciona protecci\u00f3n contra la corrosi\u00f3n durante todo el a\u00f1o y ofrece protecci\u00f3n contra el congelamiento hasta -36 \u00b0 C.<\/p>\n","protected":false},"excerpt":{"rendered":"<p>Castrol Radicool SF-O Premix es un anticongelante concentrado sin silicatos, formulado con tecnolog\u00eda avanzada de \u00e1cidos org\u00e1nicos (OAT). Castrol Radicool SF-O Premix funciona en un amplio rango de temperatura de funcionamiento para un enfriamiento eficaz del motor en todos los climas. por lo tanto, ninguna diluci\u00f3n por parte del cliente garantiza que siempre se utilice [&hellip;]<\/p>\n","protected":false},"featured_media":6350,"comment_status":"open","ping_status":"closed","template":"","meta":{"_acf_changed":false},"product_brand":[],"product_cat":[30,31],"product_tag":[],"product_line":[],"brand":[87],"class_list":{"0":"post-2849","1":"product","2":"type-product","3":"status-publish","4":"has-post-thumbnail","6":"product_cat-lubricacion","7":"product_cat-vehiculos-comerciales","8":"brand-castrol","10":"first","11":"instock","12":"shipping-taxable","13":"product-type-simple"},"acf":[],"yoast_head":"<!-- This site is optimized with the Yoast SEO plugin v27.0 - https:\/\/yoast.com\/product\/yoast-seo-wordpress\/ -->\n<title>CASTROL RADICOOL SF-O PREMIX - Synthec.com<\/title>\n<meta name=\"robots\" content=\"index, follow, max-snippet:-1, max-image-preview:large, max-video-preview:-1\" \/>\n<link rel=\"canonical\" href=\"https:\/\/www.synthec.com\/peru\/producto\/castrol-radicool-sf-o-premix\/\" \/>\n<meta property=\"og:locale\" content=\"es_ES\" \/>\n<meta property=\"og:type\" content=\"article\" \/>\n<meta property=\"og:title\" content=\"CASTROL RADICOOL SF-O PREMIX - Synthec.com\" \/>\n<meta property=\"og:description\" content=\"Castrol Radicool SF-O Premix es un anticongelante concentrado sin silicatos, formulado con tecnolog\u00eda avanzada de \u00e1cidos org\u00e1nicos (OAT). Castrol Radicool SF-O Premix funciona en un amplio rango de temperatura de funcionamiento para un enfriamiento eficaz del motor en todos los climas. por lo tanto, ninguna diluci\u00f3n por parte del cliente garantiza que siempre se utilice [&hellip;]\" \/>\n<meta property=\"og:url\" content=\"https:\/\/www.synthec.com\/peru\/producto\/castrol-radicool-sf-o-premix\/\" \/>\n<meta property=\"og:site_name\" content=\"Synthec.com\" \/>\n<meta property=\"article:modified_time\" content=\"2026-01-17T17:54:30+00:00\" \/>\n<meta property=\"og:image\" content=\"https:\/\/www.synthec.com\/peru\/wp-content\/uploads\/2023\/10\/CASTROL-RADICOOL-SF-O-PREMIX.jpg\" \/>\n\t<meta property=\"og:image:width\" content=\"1000\" \/>\n\t<meta property=\"og:image:height\" content=\"1000\" \/>\n\t<meta property=\"og:image:type\" content=\"image\/jpeg\" \/>\n<meta name=\"twitter:card\" content=\"summary_large_image\" \/>\n<meta name=\"twitter:label1\" content=\"Est. reading time\" \/>\n\t<meta name=\"twitter:data1\" content=\"1 minuto\" \/>\n<script type=\"application\/ld+json\" class=\"yoast-schema-graph\">{\"@context\":\"https:\/\/schema.org\",\"@graph\":[{\"@type\":\"WebPage\",\"@id\":\"https:\/\/www.synthec.com\/peru\/producto\/castrol-radicool-sf-o-premix\/\",\"url\":\"https:\/\/www.synthec.com\/peru\/producto\/castrol-radicool-sf-o-premix\/\",\"name\":\"CASTROL RADICOOL SF-O PREMIX - Synthec.com\",\"isPartOf\":{\"@id\":\"https:\/\/www.synthec.com\/peru\/#website\"},\"primaryImageOfPage\":{\"@id\":\"https:\/\/www.synthec.com\/peru\/producto\/castrol-radicool-sf-o-premix\/#primaryimage\"},\"image\":{\"@id\":\"https:\/\/www.synthec.com\/peru\/producto\/castrol-radicool-sf-o-premix\/#primaryimage\"},\"thumbnailUrl\":\"https:\/\/www.synthec.com\/peru\/wp-content\/uploads\/2023\/10\/CASTROL-RADICOOL-SF-O-PREMIX.jpg\",\"datePublished\":\"2023-10-22T07:11:12+00:00\",\"dateModified\":\"2026-01-17T17:54:30+00:00\",\"breadcrumb\":{\"@id\":\"https:\/\/www.synthec.com\/peru\/producto\/castrol-radicool-sf-o-premix\/#breadcrumb\"},\"inLanguage\":\"es-PE\",\"potentialAction\":[{\"@type\":\"ReadAction\",\"target\":[\"https:\/\/www.synthec.com\/peru\/producto\/castrol-radicool-sf-o-premix\/\"]}]},{\"@type\":\"ImageObject\",\"inLanguage\":\"es-PE\",\"@id\":\"https:\/\/www.synthec.com\/peru\/producto\/castrol-radicool-sf-o-premix\/#primaryimage\",\"url\":\"https:\/\/www.synthec.com\/peru\/wp-content\/uploads\/2023\/10\/CASTROL-RADICOOL-SF-O-PREMIX.jpg\",\"contentUrl\":\"https:\/\/www.synthec.com\/peru\/wp-content\/uploads\/2023\/10\/CASTROL-RADICOOL-SF-O-PREMIX.jpg\",\"width\":1000,\"height\":1000},{\"@type\":\"BreadcrumbList\",\"@id\":\"https:\/\/www.synthec.com\/peru\/producto\/castrol-radicool-sf-o-premix\/#breadcrumb\",\"itemListElement\":[{\"@type\":\"ListItem\",\"position\":1,\"name\":\"Home\",\"item\":\"https:\/\/www.synthec.com\/peru\/\"},{\"@type\":\"ListItem\",\"position\":2,\"name\":\"Shop\",\"item\":\"https:\/\/www.synthec.com\/peru\/shop\/\"},{\"@type\":\"ListItem\",\"position\":3,\"name\":\"CASTROL RADICOOL SF-O PREMIX\"}]},{\"@type\":\"WebSite\",\"@id\":\"https:\/\/www.synthec.com\/peru\/#website\",\"url\":\"https:\/\/www.synthec.com\/peru\/\",\"name\":\"Synthec.com\",\"description\":\"Contribuimos con soluciones y productos de alta especialidad a la generaci\u00f3n de un futuro sostenible.\",\"potentialAction\":[{\"@type\":\"SearchAction\",\"target\":{\"@type\":\"EntryPoint\",\"urlTemplate\":\"https:\/\/www.synthec.com\/peru\/?s={search_term_string}\"},\"query-input\":{\"@type\":\"PropertyValueSpecification\",\"valueRequired\":true,\"valueName\":\"search_term_string\"}}],\"inLanguage\":\"es-PE\"}]}<\/script>\n<!-- \/ Yoast SEO plugin. -->","yoast_head_json":{"title":"CASTROL RADICOOL SF-O PREMIX - Synthec.com","robots":{"index":"index","follow":"follow","max-snippet":"max-snippet:-1","max-image-preview":"max-image-preview:large","max-video-preview":"max-video-preview:-1"},"canonical":"https:\/\/www.synthec.com\/peru\/producto\/castrol-radicool-sf-o-premix\/","og_locale":"es_ES","og_type":"article","og_title":"CASTROL RADICOOL SF-O PREMIX - Synthec.com","og_description":"Castrol Radicool SF-O Premix es un anticongelante concentrado sin silicatos, formulado con tecnolog\u00eda avanzada de \u00e1cidos org\u00e1nicos (OAT). Castrol Radicool SF-O Premix funciona en un amplio rango de temperatura de funcionamiento para un enfriamiento eficaz del motor en todos los climas. por lo tanto, ninguna diluci\u00f3n por parte del cliente garantiza que siempre se utilice [&hellip;]","og_url":"https:\/\/www.synthec.com\/peru\/producto\/castrol-radicool-sf-o-premix\/","og_site_name":"Synthec.com","article_modified_time":"2026-01-17T17:54:30+00:00","og_image":[{"width":1000,"height":1000,"url":"https:\/\/www.synthec.com\/peru\/wp-content\/uploads\/2023\/10\/CASTROL-RADICOOL-SF-O-PREMIX.jpg","type":"image\/jpeg"}],"twitter_card":"summary_large_image","twitter_misc":{"Est. reading time":"1 minuto"},"schema":{"@context":"https:\/\/schema.org","@graph":[{"@type":"WebPage","@id":"https:\/\/www.synthec.com\/peru\/producto\/castrol-radicool-sf-o-premix\/","url":"https:\/\/www.synthec.com\/peru\/producto\/castrol-radicool-sf-o-premix\/","name":"CASTROL RADICOOL SF-O PREMIX - Synthec.com","isPartOf":{"@id":"https:\/\/www.synthec.com\/peru\/#website"},"primaryImageOfPage":{"@id":"https:\/\/www.synthec.com\/peru\/producto\/castrol-radicool-sf-o-premix\/#primaryimage"},"image":{"@id":"https:\/\/www.synthec.com\/peru\/producto\/castrol-radicool-sf-o-premix\/#primaryimage"},"thumbnailUrl":"https:\/\/www.synthec.com\/peru\/wp-content\/uploads\/2023\/10\/CASTROL-RADICOOL-SF-O-PREMIX.jpg","datePublished":"2023-10-22T07:11:12+00:00","dateModified":"2026-01-17T17:54:30+00:00","breadcrumb":{"@id":"https:\/\/www.synthec.com\/peru\/producto\/castrol-radicool-sf-o-premix\/#breadcrumb"},"inLanguage":"es-PE","potentialAction":[{"@type":"ReadAction","target":["https:\/\/www.synthec.com\/peru\/producto\/castrol-radicool-sf-o-premix\/"]}]},{"@type":"ImageObject","inLanguage":"es-PE","@id":"https:\/\/www.synthec.com\/peru\/producto\/castrol-radicool-sf-o-premix\/#primaryimage","url":"https:\/\/www.synthec.com\/peru\/wp-content\/uploads\/2023\/10\/CASTROL-RADICOOL-SF-O-PREMIX.jpg","contentUrl":"https:\/\/www.synthec.com\/peru\/wp-content\/uploads\/2023\/10\/CASTROL-RADICOOL-SF-O-PREMIX.jpg","width":1000,"height":1000},{"@type":"BreadcrumbList","@id":"https:\/\/www.synthec.com\/peru\/producto\/castrol-radicool-sf-o-premix\/#breadcrumb","itemListElement":[{"@type":"ListItem","position":1,"name":"Home","item":"https:\/\/www.synthec.com\/peru\/"},{"@type":"ListItem","position":2,"name":"Shop","item":"https:\/\/www.synthec.com\/peru\/shop\/"},{"@type":"ListItem","position":3,"name":"CASTROL RADICOOL SF-O PREMIX"}]},{"@type":"WebSite","@id":"https:\/\/www.synthec.com\/peru\/#website","url":"https:\/\/www.synthec.com\/peru\/","name":"Synthec.com","description":"Contribuimos con soluciones y productos de alta especialidad a la generaci\u00f3n de un futuro sostenible.","potentialAction":[{"@type":"SearchAction","target":{"@type":"EntryPoint","urlTemplate":"https:\/\/www.synthec.com\/peru\/?s={search_term_string}"},"query-input":{"@type":"PropertyValueSpecification","valueRequired":true,"valueName":"search_term_string"}}],"inLanguage":"es-PE"}]}},"_links":{"self":[{"href":"https:\/\/www.synthec.com\/peru\/wp-json\/wp\/v2\/product\/2849","targetHints":{"allow":["GET"]}}],"collection":[{"href":"https:\/\/www.synthec.com\/peru\/wp-json\/wp\/v2\/product"}],"about":[{"href":"https:\/\/www.synthec.com\/peru\/wp-json\/wp\/v2\/types\/product"}],"replies":[{"embeddable":true,"href":"https:\/\/www.synthec.com\/peru\/wp-json\/wp\/v2\/comments?post=2849"}],"wp:featuredmedia":[{"embeddable":true,"href":"https:\/\/www.synthec.com\/peru\/wp-json\/wp\/v2\/media\/6350"}],"wp:attachment":[{"href":"https:\/\/www.synthec.com\/peru\/wp-json\/wp\/v2\/media?parent=2849"}],"wp:term":[{"taxonomy":"product_brand","embeddable":true,"href":"https:\/\/www.synthec.com\/peru\/wp-json\/wp\/v2\/product_brand?post=2849"},{"taxonomy":"product_cat","embeddable":true,"href":"https:\/\/www.synthec.com\/peru\/wp-json\/wp\/v2\/product_cat?post=2849"},{"taxonomy":"product_tag","embeddable":true,"href":"https:\/\/www.synthec.com\/peru\/wp-json\/wp\/v2\/product_tag?post=2849"},{"taxonomy":"product_line","embeddable":true,"href":"https:\/\/www.synthec.com\/peru\/wp-json\/wp\/v2\/product_line?post=2849"},{"taxonomy":"brand","embeddable":true,"href":"https:\/\/www.synthec.com\/peru\/wp-json\/wp\/v2\/brand?post=2849"}],"curies":[{"name":"wp","href":"https:\/\/api.w.org\/{rel}","templated":true}]}}