{"id":2710,"date":"2023-10-22T01:58:13","date_gmt":"2023-10-22T06:58:13","guid":{"rendered":"https:\/\/server\/annariel-synthec\/producto\/molykote-3099-hvic-compound\/"},"modified":"2026-04-01T09:43:52","modified_gmt":"2026-04-01T14:43:52","slug":"molykote-3099-hvic-compound","status":"publish","type":"product","link":"https:\/\/www.synthec.com\/peru\/producto\/molykote-3099-hvic-compound\/","title":{"rendered":"MOLYKOTE 3099 HVIC Compound"},"content":{"rendered":"<p>MOLYKOTE\u00ae 3099 HVIC Compound (High-Voltage Insulator coating) es empleado para dar una cobertura protectora a los aisladores el\u00e9ctricos. La consistencia del compuesto hace posible una f\u00e1cil aplicaci\u00f3n para obtener el espesor requerido. La apariencia gris opaca de MOLYKOTE\u00ae 3099 HVIC Compound hace f\u00e1cil asegurar la obtenci\u00f3n de una completa cobertura sobre el aislador.<\/p>\n","protected":false},"excerpt":{"rendered":"<p>MOLYKOTE\u00ae 3099 HVIC Compound (High-Voltage Insulator coating) es empleado para dar una cobertura protectora a los aisladores el\u00e9ctricos. La consistencia del compuesto hace posible una f\u00e1cil aplicaci\u00f3n para obtener el espesor requerido. La apariencia gris opaca de MOLYKOTE\u00ae 3099 HVIC Compound hace f\u00e1cil asegurar la obtenci\u00f3n de una completa cobertura sobre el aislador.<\/p>\n","protected":false},"featured_media":7771,"comment_status":"open","ping_status":"closed","template":"","meta":{"_acf_changed":false},"product_brand":[],"product_cat":[30,35],"product_tag":[],"product_line":[],"brand":[112],"class_list":{"0":"post-2710","1":"product","2":"type-product","3":"status-publish","4":"has-post-thumbnail","6":"product_cat-lubricacion","7":"product_cat-electrico","8":"brand-molykote","10":"first","11":"instock","12":"shipping-taxable","13":"product-type-simple"},"acf":[],"yoast_head":"<!-- This site is optimized with the Yoast SEO plugin v27.0 - https:\/\/yoast.com\/product\/yoast-seo-wordpress\/ -->\n<title>MOLYKOTE 3099 HVIC Compound - Synthec.com<\/title>\n<meta name=\"robots\" content=\"index, follow, max-snippet:-1, max-image-preview:large, max-video-preview:-1\" \/>\n<link rel=\"canonical\" href=\"https:\/\/www.synthec.com\/peru\/producto\/molykote-3099-hvic-compound\/\" \/>\n<meta property=\"og:locale\" content=\"es_ES\" \/>\n<meta property=\"og:type\" content=\"article\" \/>\n<meta property=\"og:title\" content=\"MOLYKOTE 3099 HVIC Compound - Synthec.com\" \/>\n<meta property=\"og:description\" content=\"MOLYKOTE\u00ae 3099 HVIC Compound (High-Voltage Insulator coating) es empleado para dar una cobertura protectora a los aisladores el\u00e9ctricos. La consistencia del compuesto hace posible una f\u00e1cil aplicaci\u00f3n para obtener el espesor requerido. La apariencia gris opaca de MOLYKOTE\u00ae 3099 HVIC Compound hace f\u00e1cil asegurar la obtenci\u00f3n de una completa cobertura sobre el aislador.\" \/>\n<meta property=\"og:url\" content=\"https:\/\/www.synthec.com\/peru\/producto\/molykote-3099-hvic-compound\/\" \/>\n<meta property=\"og:site_name\" content=\"Synthec.com\" \/>\n<meta property=\"article:modified_time\" content=\"2026-04-01T14:43:52+00:00\" \/>\n<meta property=\"og:image\" content=\"https:\/\/www.synthec.com\/peru\/wp-content\/uploads\/2023\/10\/Molykote-3099-HVIC-sin-fondo.png\" \/>\n\t<meta property=\"og:image:width\" content=\"900\" \/>\n\t<meta property=\"og:image:height\" content=\"900\" \/>\n\t<meta property=\"og:image:type\" content=\"image\/png\" \/>\n<meta name=\"twitter:card\" content=\"summary_large_image\" \/>\n<meta name=\"twitter:label1\" content=\"Est. reading time\" \/>\n\t<meta name=\"twitter:data1\" content=\"1 minuto\" \/>\n<script type=\"application\/ld+json\" class=\"yoast-schema-graph\">{\"@context\":\"https:\/\/schema.org\",\"@graph\":[{\"@type\":\"WebPage\",\"@id\":\"https:\/\/www.synthec.com\/peru\/producto\/molykote-3099-hvic-compound\/\",\"url\":\"https:\/\/www.synthec.com\/peru\/producto\/molykote-3099-hvic-compound\/\",\"name\":\"MOLYKOTE 3099 HVIC Compound - Synthec.com\",\"isPartOf\":{\"@id\":\"https:\/\/www.synthec.com\/peru\/#website\"},\"primaryImageOfPage\":{\"@id\":\"https:\/\/www.synthec.com\/peru\/producto\/molykote-3099-hvic-compound\/#primaryimage\"},\"image\":{\"@id\":\"https:\/\/www.synthec.com\/peru\/producto\/molykote-3099-hvic-compound\/#primaryimage\"},\"thumbnailUrl\":\"https:\/\/www.synthec.com\/peru\/wp-content\/uploads\/2023\/10\/Molykote-3099-HVIC-sin-fondo.png\",\"datePublished\":\"2023-10-22T06:58:13+00:00\",\"dateModified\":\"2026-04-01T14:43:52+00:00\",\"breadcrumb\":{\"@id\":\"https:\/\/www.synthec.com\/peru\/producto\/molykote-3099-hvic-compound\/#breadcrumb\"},\"inLanguage\":\"es-PE\",\"potentialAction\":[{\"@type\":\"ReadAction\",\"target\":[\"https:\/\/www.synthec.com\/peru\/producto\/molykote-3099-hvic-compound\/\"]}]},{\"@type\":\"ImageObject\",\"inLanguage\":\"es-PE\",\"@id\":\"https:\/\/www.synthec.com\/peru\/producto\/molykote-3099-hvic-compound\/#primaryimage\",\"url\":\"https:\/\/www.synthec.com\/peru\/wp-content\/uploads\/2023\/10\/Molykote-3099-HVIC-sin-fondo.png\",\"contentUrl\":\"https:\/\/www.synthec.com\/peru\/wp-content\/uploads\/2023\/10\/Molykote-3099-HVIC-sin-fondo.png\",\"width\":900,\"height\":900},{\"@type\":\"BreadcrumbList\",\"@id\":\"https:\/\/www.synthec.com\/peru\/producto\/molykote-3099-hvic-compound\/#breadcrumb\",\"itemListElement\":[{\"@type\":\"ListItem\",\"position\":1,\"name\":\"Home\",\"item\":\"https:\/\/www.synthec.com\/peru\/\"},{\"@type\":\"ListItem\",\"position\":2,\"name\":\"Shop\",\"item\":\"https:\/\/www.synthec.com\/peru\/shop\/\"},{\"@type\":\"ListItem\",\"position\":3,\"name\":\"MOLYKOTE 3099 HVIC Compound\"}]},{\"@type\":\"WebSite\",\"@id\":\"https:\/\/www.synthec.com\/peru\/#website\",\"url\":\"https:\/\/www.synthec.com\/peru\/\",\"name\":\"Synthec.com\",\"description\":\"Contribuimos con soluciones y productos de alta especialidad a la generaci\u00f3n de un futuro sostenible.\",\"potentialAction\":[{\"@type\":\"SearchAction\",\"target\":{\"@type\":\"EntryPoint\",\"urlTemplate\":\"https:\/\/www.synthec.com\/peru\/?s={search_term_string}\"},\"query-input\":{\"@type\":\"PropertyValueSpecification\",\"valueRequired\":true,\"valueName\":\"search_term_string\"}}],\"inLanguage\":\"es-PE\"}]}<\/script>\n<!-- \/ Yoast SEO plugin. -->","yoast_head_json":{"title":"MOLYKOTE 3099 HVIC Compound - Synthec.com","robots":{"index":"index","follow":"follow","max-snippet":"max-snippet:-1","max-image-preview":"max-image-preview:large","max-video-preview":"max-video-preview:-1"},"canonical":"https:\/\/www.synthec.com\/peru\/producto\/molykote-3099-hvic-compound\/","og_locale":"es_ES","og_type":"article","og_title":"MOLYKOTE 3099 HVIC Compound - Synthec.com","og_description":"MOLYKOTE\u00ae 3099 HVIC Compound (High-Voltage Insulator coating) es empleado para dar una cobertura protectora a los aisladores el\u00e9ctricos. La consistencia del compuesto hace posible una f\u00e1cil aplicaci\u00f3n para obtener el espesor requerido. La apariencia gris opaca de MOLYKOTE\u00ae 3099 HVIC Compound hace f\u00e1cil asegurar la obtenci\u00f3n de una completa cobertura sobre el aislador.","og_url":"https:\/\/www.synthec.com\/peru\/producto\/molykote-3099-hvic-compound\/","og_site_name":"Synthec.com","article_modified_time":"2026-04-01T14:43:52+00:00","og_image":[{"width":900,"height":900,"url":"https:\/\/www.synthec.com\/peru\/wp-content\/uploads\/2023\/10\/Molykote-3099-HVIC-sin-fondo.png","type":"image\/png"}],"twitter_card":"summary_large_image","twitter_misc":{"Est. reading time":"1 minuto"},"schema":{"@context":"https:\/\/schema.org","@graph":[{"@type":"WebPage","@id":"https:\/\/www.synthec.com\/peru\/producto\/molykote-3099-hvic-compound\/","url":"https:\/\/www.synthec.com\/peru\/producto\/molykote-3099-hvic-compound\/","name":"MOLYKOTE 3099 HVIC Compound - Synthec.com","isPartOf":{"@id":"https:\/\/www.synthec.com\/peru\/#website"},"primaryImageOfPage":{"@id":"https:\/\/www.synthec.com\/peru\/producto\/molykote-3099-hvic-compound\/#primaryimage"},"image":{"@id":"https:\/\/www.synthec.com\/peru\/producto\/molykote-3099-hvic-compound\/#primaryimage"},"thumbnailUrl":"https:\/\/www.synthec.com\/peru\/wp-content\/uploads\/2023\/10\/Molykote-3099-HVIC-sin-fondo.png","datePublished":"2023-10-22T06:58:13+00:00","dateModified":"2026-04-01T14:43:52+00:00","breadcrumb":{"@id":"https:\/\/www.synthec.com\/peru\/producto\/molykote-3099-hvic-compound\/#breadcrumb"},"inLanguage":"es-PE","potentialAction":[{"@type":"ReadAction","target":["https:\/\/www.synthec.com\/peru\/producto\/molykote-3099-hvic-compound\/"]}]},{"@type":"ImageObject","inLanguage":"es-PE","@id":"https:\/\/www.synthec.com\/peru\/producto\/molykote-3099-hvic-compound\/#primaryimage","url":"https:\/\/www.synthec.com\/peru\/wp-content\/uploads\/2023\/10\/Molykote-3099-HVIC-sin-fondo.png","contentUrl":"https:\/\/www.synthec.com\/peru\/wp-content\/uploads\/2023\/10\/Molykote-3099-HVIC-sin-fondo.png","width":900,"height":900},{"@type":"BreadcrumbList","@id":"https:\/\/www.synthec.com\/peru\/producto\/molykote-3099-hvic-compound\/#breadcrumb","itemListElement":[{"@type":"ListItem","position":1,"name":"Home","item":"https:\/\/www.synthec.com\/peru\/"},{"@type":"ListItem","position":2,"name":"Shop","item":"https:\/\/www.synthec.com\/peru\/shop\/"},{"@type":"ListItem","position":3,"name":"MOLYKOTE 3099 HVIC Compound"}]},{"@type":"WebSite","@id":"https:\/\/www.synthec.com\/peru\/#website","url":"https:\/\/www.synthec.com\/peru\/","name":"Synthec.com","description":"Contribuimos con soluciones y productos de alta especialidad a la generaci\u00f3n de un futuro sostenible.","potentialAction":[{"@type":"SearchAction","target":{"@type":"EntryPoint","urlTemplate":"https:\/\/www.synthec.com\/peru\/?s={search_term_string}"},"query-input":{"@type":"PropertyValueSpecification","valueRequired":true,"valueName":"search_term_string"}}],"inLanguage":"es-PE"}]}},"_links":{"self":[{"href":"https:\/\/www.synthec.com\/peru\/wp-json\/wp\/v2\/product\/2710","targetHints":{"allow":["GET"]}}],"collection":[{"href":"https:\/\/www.synthec.com\/peru\/wp-json\/wp\/v2\/product"}],"about":[{"href":"https:\/\/www.synthec.com\/peru\/wp-json\/wp\/v2\/types\/product"}],"replies":[{"embeddable":true,"href":"https:\/\/www.synthec.com\/peru\/wp-json\/wp\/v2\/comments?post=2710"}],"wp:featuredmedia":[{"embeddable":true,"href":"https:\/\/www.synthec.com\/peru\/wp-json\/wp\/v2\/media\/7771"}],"wp:attachment":[{"href":"https:\/\/www.synthec.com\/peru\/wp-json\/wp\/v2\/media?parent=2710"}],"wp:term":[{"taxonomy":"product_brand","embeddable":true,"href":"https:\/\/www.synthec.com\/peru\/wp-json\/wp\/v2\/product_brand?post=2710"},{"taxonomy":"product_cat","embeddable":true,"href":"https:\/\/www.synthec.com\/peru\/wp-json\/wp\/v2\/product_cat?post=2710"},{"taxonomy":"product_tag","embeddable":true,"href":"https:\/\/www.synthec.com\/peru\/wp-json\/wp\/v2\/product_tag?post=2710"},{"taxonomy":"product_line","embeddable":true,"href":"https:\/\/www.synthec.com\/peru\/wp-json\/wp\/v2\/product_line?post=2710"},{"taxonomy":"brand","embeddable":true,"href":"https:\/\/www.synthec.com\/peru\/wp-json\/wp\/v2\/brand?post=2710"}],"curies":[{"name":"wp","href":"https:\/\/api.w.org\/{rel}","templated":true}]}}