{"id":2650,"date":"2023-10-22T01:52:28","date_gmt":"2023-10-22T06:52:28","guid":{"rendered":"https:\/\/server\/annariel-synthec\/producto\/crc-qd-contact-cleaner\/"},"modified":"2026-02-26T10:06:34","modified_gmt":"2026-02-26T15:06:34","slug":"crc-qd-contact-cleaner","status":"publish","type":"product","link":"https:\/\/www.synthec.com\/peru\/producto\/crc-qd-contact-cleaner\/","title":{"rendered":"CRC QD CONTACT CLEANER"},"content":{"rendered":"<p>Limpiador de precisi\u00f3n con una mezcla de destilado de petr\u00f3leo y alcohol adecuada para la limpieza de equipos electr\u00f3nicos sensibles. QD CONTACT CLEANER se evapora r\u00e1pidamente, no deja residuos y es seguro en todo tipo de pl\u00e1sticos.<\/p>\n","protected":false},"excerpt":{"rendered":"<p>Limpiador de precisi\u00f3n con una mezcla de destilado de petr\u00f3leo y alcohol adecuada para la limpieza de equipos electr\u00f3nicos sensibles. QD CONTACT CLEANER se evapora r\u00e1pidamente, no deja residuos y es seguro en todo tipo de pl\u00e1sticos.<\/p>\n","protected":false},"featured_media":7961,"comment_status":"open","ping_status":"closed","template":"","meta":{"_acf_changed":false},"product_brand":[],"product_cat":[50,243],"product_tag":[],"product_line":[],"brand":[94],"class_list":{"0":"post-2650","1":"product","2":"type-product","3":"status-publish","4":"has-post-thumbnail","6":"product_cat-quimicos-de-mantenimiento","7":"product_cat-limpiadores-de-contacto","8":"brand-crc","10":"first","11":"outofstock","12":"shipping-taxable","13":"purchasable","14":"product-type-simple"},"acf":[],"yoast_head":"<!-- This site is optimized with the Yoast SEO plugin v27.0 - https:\/\/yoast.com\/product\/yoast-seo-wordpress\/ -->\n<title>CRC QD CONTACT CLEANER - Synthec.com<\/title>\n<meta name=\"robots\" content=\"index, follow, max-snippet:-1, max-image-preview:large, max-video-preview:-1\" \/>\n<link rel=\"canonical\" href=\"https:\/\/www.synthec.com\/peru\/producto\/crc-qd-contact-cleaner\/\" \/>\n<meta property=\"og:locale\" content=\"es_ES\" \/>\n<meta property=\"og:type\" content=\"article\" \/>\n<meta property=\"og:title\" content=\"CRC QD CONTACT CLEANER - Synthec.com\" \/>\n<meta property=\"og:description\" content=\"Limpiador de precisi\u00f3n con una mezcla de destilado de petr\u00f3leo y alcohol adecuada para la limpieza de equipos electr\u00f3nicos sensibles. QD CONTACT CLEANER se evapora r\u00e1pidamente, no deja residuos y es seguro en todo tipo de pl\u00e1sticos.\" \/>\n<meta property=\"og:url\" content=\"https:\/\/www.synthec.com\/peru\/producto\/crc-qd-contact-cleaner\/\" \/>\n<meta property=\"og:site_name\" content=\"Synthec.com\" \/>\n<meta property=\"article:modified_time\" content=\"2026-02-26T15:06:34+00:00\" \/>\n<meta property=\"og:image\" content=\"https:\/\/www.synthec.com\/peru\/wp-content\/uploads\/2023\/10\/CR-3130-sin-fondo.png\" \/>\n\t<meta property=\"og:image:width\" content=\"564\" \/>\n\t<meta property=\"og:image:height\" content=\"544\" \/>\n\t<meta property=\"og:image:type\" content=\"image\/png\" \/>\n<meta name=\"twitter:card\" content=\"summary_large_image\" \/>\n<meta name=\"twitter:label1\" content=\"Est. reading time\" \/>\n\t<meta name=\"twitter:data1\" content=\"1 minuto\" \/>\n<script type=\"application\/ld+json\" class=\"yoast-schema-graph\">{\"@context\":\"https:\/\/schema.org\",\"@graph\":[{\"@type\":\"WebPage\",\"@id\":\"https:\/\/www.synthec.com\/peru\/producto\/crc-qd-contact-cleaner\/\",\"url\":\"https:\/\/www.synthec.com\/peru\/producto\/crc-qd-contact-cleaner\/\",\"name\":\"CRC QD CONTACT CLEANER - Synthec.com\",\"isPartOf\":{\"@id\":\"https:\/\/www.synthec.com\/peru\/#website\"},\"primaryImageOfPage\":{\"@id\":\"https:\/\/www.synthec.com\/peru\/producto\/crc-qd-contact-cleaner\/#primaryimage\"},\"image\":{\"@id\":\"https:\/\/www.synthec.com\/peru\/producto\/crc-qd-contact-cleaner\/#primaryimage\"},\"thumbnailUrl\":\"https:\/\/www.synthec.com\/peru\/wp-content\/uploads\/2023\/10\/CR-3130-sin-fondo.png\",\"datePublished\":\"2023-10-22T06:52:28+00:00\",\"dateModified\":\"2026-02-26T15:06:34+00:00\",\"breadcrumb\":{\"@id\":\"https:\/\/www.synthec.com\/peru\/producto\/crc-qd-contact-cleaner\/#breadcrumb\"},\"inLanguage\":\"es-PE\",\"potentialAction\":[{\"@type\":\"ReadAction\",\"target\":[\"https:\/\/www.synthec.com\/peru\/producto\/crc-qd-contact-cleaner\/\"]}]},{\"@type\":\"ImageObject\",\"inLanguage\":\"es-PE\",\"@id\":\"https:\/\/www.synthec.com\/peru\/producto\/crc-qd-contact-cleaner\/#primaryimage\",\"url\":\"https:\/\/www.synthec.com\/peru\/wp-content\/uploads\/2023\/10\/CR-3130-sin-fondo.png\",\"contentUrl\":\"https:\/\/www.synthec.com\/peru\/wp-content\/uploads\/2023\/10\/CR-3130-sin-fondo.png\",\"width\":564,\"height\":544},{\"@type\":\"BreadcrumbList\",\"@id\":\"https:\/\/www.synthec.com\/peru\/producto\/crc-qd-contact-cleaner\/#breadcrumb\",\"itemListElement\":[{\"@type\":\"ListItem\",\"position\":1,\"name\":\"Home\",\"item\":\"https:\/\/www.synthec.com\/peru\/\"},{\"@type\":\"ListItem\",\"position\":2,\"name\":\"Shop\",\"item\":\"https:\/\/www.synthec.com\/peru\/shop\/\"},{\"@type\":\"ListItem\",\"position\":3,\"name\":\"CRC QD CONTACT CLEANER\"}]},{\"@type\":\"WebSite\",\"@id\":\"https:\/\/www.synthec.com\/peru\/#website\",\"url\":\"https:\/\/www.synthec.com\/peru\/\",\"name\":\"Synthec.com\",\"description\":\"Contribuimos con soluciones y productos de alta especialidad a la generaci\u00f3n de un futuro sostenible.\",\"potentialAction\":[{\"@type\":\"SearchAction\",\"target\":{\"@type\":\"EntryPoint\",\"urlTemplate\":\"https:\/\/www.synthec.com\/peru\/?s={search_term_string}\"},\"query-input\":{\"@type\":\"PropertyValueSpecification\",\"valueRequired\":true,\"valueName\":\"search_term_string\"}}],\"inLanguage\":\"es-PE\"}]}<\/script>\n<!-- \/ Yoast SEO plugin. -->","yoast_head_json":{"title":"CRC QD CONTACT CLEANER - Synthec.com","robots":{"index":"index","follow":"follow","max-snippet":"max-snippet:-1","max-image-preview":"max-image-preview:large","max-video-preview":"max-video-preview:-1"},"canonical":"https:\/\/www.synthec.com\/peru\/producto\/crc-qd-contact-cleaner\/","og_locale":"es_ES","og_type":"article","og_title":"CRC QD CONTACT CLEANER - Synthec.com","og_description":"Limpiador de precisi\u00f3n con una mezcla de destilado de petr\u00f3leo y alcohol adecuada para la limpieza de equipos electr\u00f3nicos sensibles. QD CONTACT CLEANER se evapora r\u00e1pidamente, no deja residuos y es seguro en todo tipo de pl\u00e1sticos.","og_url":"https:\/\/www.synthec.com\/peru\/producto\/crc-qd-contact-cleaner\/","og_site_name":"Synthec.com","article_modified_time":"2026-02-26T15:06:34+00:00","og_image":[{"width":564,"height":544,"url":"https:\/\/www.synthec.com\/peru\/wp-content\/uploads\/2023\/10\/CR-3130-sin-fondo.png","type":"image\/png"}],"twitter_card":"summary_large_image","twitter_misc":{"Est. reading time":"1 minuto"},"schema":{"@context":"https:\/\/schema.org","@graph":[{"@type":"WebPage","@id":"https:\/\/www.synthec.com\/peru\/producto\/crc-qd-contact-cleaner\/","url":"https:\/\/www.synthec.com\/peru\/producto\/crc-qd-contact-cleaner\/","name":"CRC QD CONTACT CLEANER - Synthec.com","isPartOf":{"@id":"https:\/\/www.synthec.com\/peru\/#website"},"primaryImageOfPage":{"@id":"https:\/\/www.synthec.com\/peru\/producto\/crc-qd-contact-cleaner\/#primaryimage"},"image":{"@id":"https:\/\/www.synthec.com\/peru\/producto\/crc-qd-contact-cleaner\/#primaryimage"},"thumbnailUrl":"https:\/\/www.synthec.com\/peru\/wp-content\/uploads\/2023\/10\/CR-3130-sin-fondo.png","datePublished":"2023-10-22T06:52:28+00:00","dateModified":"2026-02-26T15:06:34+00:00","breadcrumb":{"@id":"https:\/\/www.synthec.com\/peru\/producto\/crc-qd-contact-cleaner\/#breadcrumb"},"inLanguage":"es-PE","potentialAction":[{"@type":"ReadAction","target":["https:\/\/www.synthec.com\/peru\/producto\/crc-qd-contact-cleaner\/"]}]},{"@type":"ImageObject","inLanguage":"es-PE","@id":"https:\/\/www.synthec.com\/peru\/producto\/crc-qd-contact-cleaner\/#primaryimage","url":"https:\/\/www.synthec.com\/peru\/wp-content\/uploads\/2023\/10\/CR-3130-sin-fondo.png","contentUrl":"https:\/\/www.synthec.com\/peru\/wp-content\/uploads\/2023\/10\/CR-3130-sin-fondo.png","width":564,"height":544},{"@type":"BreadcrumbList","@id":"https:\/\/www.synthec.com\/peru\/producto\/crc-qd-contact-cleaner\/#breadcrumb","itemListElement":[{"@type":"ListItem","position":1,"name":"Home","item":"https:\/\/www.synthec.com\/peru\/"},{"@type":"ListItem","position":2,"name":"Shop","item":"https:\/\/www.synthec.com\/peru\/shop\/"},{"@type":"ListItem","position":3,"name":"CRC QD CONTACT CLEANER"}]},{"@type":"WebSite","@id":"https:\/\/www.synthec.com\/peru\/#website","url":"https:\/\/www.synthec.com\/peru\/","name":"Synthec.com","description":"Contribuimos con soluciones y productos de alta especialidad a la generaci\u00f3n de un futuro sostenible.","potentialAction":[{"@type":"SearchAction","target":{"@type":"EntryPoint","urlTemplate":"https:\/\/www.synthec.com\/peru\/?s={search_term_string}"},"query-input":{"@type":"PropertyValueSpecification","valueRequired":true,"valueName":"search_term_string"}}],"inLanguage":"es-PE"}]}},"_links":{"self":[{"href":"https:\/\/www.synthec.com\/peru\/wp-json\/wp\/v2\/product\/2650","targetHints":{"allow":["GET"]}}],"collection":[{"href":"https:\/\/www.synthec.com\/peru\/wp-json\/wp\/v2\/product"}],"about":[{"href":"https:\/\/www.synthec.com\/peru\/wp-json\/wp\/v2\/types\/product"}],"replies":[{"embeddable":true,"href":"https:\/\/www.synthec.com\/peru\/wp-json\/wp\/v2\/comments?post=2650"}],"wp:featuredmedia":[{"embeddable":true,"href":"https:\/\/www.synthec.com\/peru\/wp-json\/wp\/v2\/media\/7961"}],"wp:attachment":[{"href":"https:\/\/www.synthec.com\/peru\/wp-json\/wp\/v2\/media?parent=2650"}],"wp:term":[{"taxonomy":"product_brand","embeddable":true,"href":"https:\/\/www.synthec.com\/peru\/wp-json\/wp\/v2\/product_brand?post=2650"},{"taxonomy":"product_cat","embeddable":true,"href":"https:\/\/www.synthec.com\/peru\/wp-json\/wp\/v2\/product_cat?post=2650"},{"taxonomy":"product_tag","embeddable":true,"href":"https:\/\/www.synthec.com\/peru\/wp-json\/wp\/v2\/product_tag?post=2650"},{"taxonomy":"product_line","embeddable":true,"href":"https:\/\/www.synthec.com\/peru\/wp-json\/wp\/v2\/product_line?post=2650"},{"taxonomy":"brand","embeddable":true,"href":"https:\/\/www.synthec.com\/peru\/wp-json\/wp\/v2\/brand?post=2650"}],"curies":[{"name":"wp","href":"https:\/\/api.w.org\/{rel}","templated":true}]}}