{"id":2545,"date":"2023-10-22T01:41:52","date_gmt":"2023-10-22T06:41:52","guid":{"rendered":"https:\/\/server\/annariel-synthec\/producto\/new-pig-tapetes-panos-absorbentes-universal-15x20-trabajo-liviano\/"},"modified":"2026-05-05T08:44:32","modified_gmt":"2026-05-05T13:44:32","slug":"pig-absorbent-mat-pad-transito-peatonal-pesado","status":"publish","type":"product","link":"https:\/\/www.synthec.com\/peru\/producto\/pig-absorbent-mat-pad-transito-peatonal-pesado\/","title":{"rendered":"PIG\u00ae Absorbent Mat Pad"},"content":{"rendered":"<p data-start=\"202\" data-end=\"521\">Tapetes absorbentes de alta resistencia dise\u00f1ados para tr\u00e1nsito peatonal pesado. Absorben aceites, agua, solventes y refrigerantes, manteniendo las \u00e1reas de trabajo limpias y seguras.<br data-start=\"385\" data-end=\"388\" \/>Fabricados con polipropileno 100%, ofrecen mayor durabilidad, r\u00e1pida absorci\u00f3n y no dejan residuos, incluso en condiciones exigentes.<\/p>\n<p><strong>Presentaci\u00f3n:<\/strong> Bolsa por 200 tapetes de 38cm x 50cm<br \/>\n<span style=\"font-size: 1rem;\"><strong>Capacidad de Absorci\u00f3n:<\/strong> 22 Galones.<\/span><\/p>\n","protected":false},"excerpt":{"rendered":"<p>Tapetes absorbentes de alta resistencia dise\u00f1ados para tr\u00e1nsito peatonal pesado. Absorben aceites, agua, solventes y refrigerantes, manteniendo las \u00e1reas de trabajo limpias y seguras.Fabricados con polipropileno 100%, ofrecen mayor durabilidad, r\u00e1pida absorci\u00f3n y no dejan residuos, incluso en condiciones exigentes. Presentaci\u00f3n: Bolsa por 200 tapetes de 38cm x 50cm Capacidad de Absorci\u00f3n: 22 Galones.<\/p>\n","protected":false},"featured_media":8633,"comment_status":"open","ping_status":"closed","template":"","meta":{"_acf_changed":false},"product_brand":[],"product_cat":[198,56],"product_tag":[],"product_line":[],"brand":[113],"class_list":{"0":"post-2545","1":"product","2":"type-product","3":"status-publish","4":"has-post-thumbnail","6":"product_cat-alfombras-antideslizantes","7":"product_cat-absorbentes","8":"brand-new-pig-control-derrames-industriales","10":"first","11":"outofstock","12":"shipping-taxable","13":"product-type-simple"},"acf":[],"yoast_head":"<!-- This site is optimized with the Yoast SEO plugin v27.0 - https:\/\/yoast.com\/product\/yoast-seo-wordpress\/ -->\n<title>PIG\u00ae Absorbent Mat Pad - Tr\u00e1nsito peatonal pesado<\/title>\n<meta name=\"description\" content=\"PIG\u00ae Absorbent Mat Pad es un tapete absorbente para tr\u00e1nsito peatonal pesado, dise\u00f1ado para absorber aceites, agua y solventes en \u00e1reas industriales.\" \/>\n<meta name=\"robots\" content=\"index, follow, max-snippet:-1, max-image-preview:large, max-video-preview:-1\" \/>\n<link rel=\"canonical\" href=\"https:\/\/www.synthec.com\/peru\/producto\/pig-absorbent-mat-pad-transito-peatonal-pesado\/\" \/>\n<meta property=\"og:locale\" content=\"es_ES\" \/>\n<meta property=\"og:type\" content=\"article\" \/>\n<meta property=\"og:title\" content=\"PIG\u00ae Absorbent Mat Pad - Tr\u00e1nsito peatonal pesado\" \/>\n<meta property=\"og:description\" content=\"PIG\u00ae Absorbent Mat Pad es un tapete absorbente para tr\u00e1nsito peatonal pesado, dise\u00f1ado para absorber aceites, agua y solventes en \u00e1reas industriales.\" \/>\n<meta property=\"og:url\" content=\"https:\/\/www.synthec.com\/peru\/producto\/pig-absorbent-mat-pad-transito-peatonal-pesado\/\" \/>\n<meta property=\"og:site_name\" content=\"Synthec.com\" \/>\n<meta property=\"article:modified_time\" content=\"2026-05-05T13:44:32+00:00\" \/>\n<meta property=\"og:image\" content=\"https:\/\/www.synthec.com\/peru\/wp-content\/uploads\/2023\/10\/NP-MAT204-sin-fondo_otro.webp\" \/>\n\t<meta property=\"og:image:width\" content=\"1072\" \/>\n\t<meta property=\"og:image:height\" content=\"812\" \/>\n\t<meta property=\"og:image:type\" content=\"image\/webp\" \/>\n<meta name=\"twitter:card\" content=\"summary_large_image\" \/>\n<meta name=\"twitter:label1\" content=\"Est. reading time\" \/>\n\t<meta name=\"twitter:data1\" content=\"1 minuto\" \/>\n<script type=\"application\/ld+json\" class=\"yoast-schema-graph\">{\"@context\":\"https:\/\/schema.org\",\"@graph\":[{\"@type\":\"WebPage\",\"@id\":\"https:\/\/www.synthec.com\/peru\/producto\/pig-absorbent-mat-pad-transito-peatonal-pesado\/\",\"url\":\"https:\/\/www.synthec.com\/peru\/producto\/pig-absorbent-mat-pad-transito-peatonal-pesado\/\",\"name\":\"PIG\u00ae Absorbent Mat Pad - Tr\u00e1nsito peatonal pesado\",\"isPartOf\":{\"@id\":\"https:\/\/www.synthec.com\/peru\/#website\"},\"primaryImageOfPage\":{\"@id\":\"https:\/\/www.synthec.com\/peru\/producto\/pig-absorbent-mat-pad-transito-peatonal-pesado\/#primaryimage\"},\"image\":{\"@id\":\"https:\/\/www.synthec.com\/peru\/producto\/pig-absorbent-mat-pad-transito-peatonal-pesado\/#primaryimage\"},\"thumbnailUrl\":\"https:\/\/www.synthec.com\/peru\/wp-content\/uploads\/2023\/10\/NP-MAT204-sin-fondo_otro.webp\",\"datePublished\":\"2023-10-22T06:41:52+00:00\",\"dateModified\":\"2026-05-05T13:44:32+00:00\",\"description\":\"PIG\u00ae Absorbent Mat Pad es un tapete absorbente para tr\u00e1nsito peatonal pesado, dise\u00f1ado para absorber aceites, agua y solventes en \u00e1reas industriales.\",\"breadcrumb\":{\"@id\":\"https:\/\/www.synthec.com\/peru\/producto\/pig-absorbent-mat-pad-transito-peatonal-pesado\/#breadcrumb\"},\"inLanguage\":\"es-PE\",\"potentialAction\":[{\"@type\":\"ReadAction\",\"target\":[\"https:\/\/www.synthec.com\/peru\/producto\/pig-absorbent-mat-pad-transito-peatonal-pesado\/\"]}]},{\"@type\":\"ImageObject\",\"inLanguage\":\"es-PE\",\"@id\":\"https:\/\/www.synthec.com\/peru\/producto\/pig-absorbent-mat-pad-transito-peatonal-pesado\/#primaryimage\",\"url\":\"https:\/\/www.synthec.com\/peru\/wp-content\/uploads\/2023\/10\/NP-MAT204-sin-fondo_otro.webp\",\"contentUrl\":\"https:\/\/www.synthec.com\/peru\/wp-content\/uploads\/2023\/10\/NP-MAT204-sin-fondo_otro.webp\",\"width\":1072,\"height\":812},{\"@type\":\"BreadcrumbList\",\"@id\":\"https:\/\/www.synthec.com\/peru\/producto\/pig-absorbent-mat-pad-transito-peatonal-pesado\/#breadcrumb\",\"itemListElement\":[{\"@type\":\"ListItem\",\"position\":1,\"name\":\"Home\",\"item\":\"https:\/\/www.synthec.com\/peru\/\"},{\"@type\":\"ListItem\",\"position\":2,\"name\":\"Shop\",\"item\":\"https:\/\/www.synthec.com\/peru\/shop\/\"},{\"@type\":\"ListItem\",\"position\":3,\"name\":\"PIG\u00ae Absorbent Mat Pad\"}]},{\"@type\":\"WebSite\",\"@id\":\"https:\/\/www.synthec.com\/peru\/#website\",\"url\":\"https:\/\/www.synthec.com\/peru\/\",\"name\":\"Synthec.com\",\"description\":\"Contribuimos con soluciones y productos de alta especialidad a la generaci\u00f3n de un futuro sostenible.\",\"potentialAction\":[{\"@type\":\"SearchAction\",\"target\":{\"@type\":\"EntryPoint\",\"urlTemplate\":\"https:\/\/www.synthec.com\/peru\/?s={search_term_string}\"},\"query-input\":{\"@type\":\"PropertyValueSpecification\",\"valueRequired\":true,\"valueName\":\"search_term_string\"}}],\"inLanguage\":\"es-PE\"}]}<\/script>\n<!-- \/ Yoast SEO plugin. -->","yoast_head_json":{"title":"PIG\u00ae Absorbent Mat Pad - Tr\u00e1nsito peatonal pesado","description":"PIG\u00ae Absorbent Mat Pad es un tapete absorbente para tr\u00e1nsito peatonal pesado, dise\u00f1ado para absorber aceites, agua y solventes en \u00e1reas industriales.","robots":{"index":"index","follow":"follow","max-snippet":"max-snippet:-1","max-image-preview":"max-image-preview:large","max-video-preview":"max-video-preview:-1"},"canonical":"https:\/\/www.synthec.com\/peru\/producto\/pig-absorbent-mat-pad-transito-peatonal-pesado\/","og_locale":"es_ES","og_type":"article","og_title":"PIG\u00ae Absorbent Mat Pad - Tr\u00e1nsito peatonal pesado","og_description":"PIG\u00ae Absorbent Mat Pad es un tapete absorbente para tr\u00e1nsito peatonal pesado, dise\u00f1ado para absorber aceites, agua y solventes en \u00e1reas industriales.","og_url":"https:\/\/www.synthec.com\/peru\/producto\/pig-absorbent-mat-pad-transito-peatonal-pesado\/","og_site_name":"Synthec.com","article_modified_time":"2026-05-05T13:44:32+00:00","og_image":[{"width":1072,"height":812,"url":"https:\/\/www.synthec.com\/peru\/wp-content\/uploads\/2023\/10\/NP-MAT204-sin-fondo_otro.webp","type":"image\/webp"}],"twitter_card":"summary_large_image","twitter_misc":{"Est. reading time":"1 minuto"},"schema":{"@context":"https:\/\/schema.org","@graph":[{"@type":"WebPage","@id":"https:\/\/www.synthec.com\/peru\/producto\/pig-absorbent-mat-pad-transito-peatonal-pesado\/","url":"https:\/\/www.synthec.com\/peru\/producto\/pig-absorbent-mat-pad-transito-peatonal-pesado\/","name":"PIG\u00ae Absorbent Mat Pad - Tr\u00e1nsito peatonal pesado","isPartOf":{"@id":"https:\/\/www.synthec.com\/peru\/#website"},"primaryImageOfPage":{"@id":"https:\/\/www.synthec.com\/peru\/producto\/pig-absorbent-mat-pad-transito-peatonal-pesado\/#primaryimage"},"image":{"@id":"https:\/\/www.synthec.com\/peru\/producto\/pig-absorbent-mat-pad-transito-peatonal-pesado\/#primaryimage"},"thumbnailUrl":"https:\/\/www.synthec.com\/peru\/wp-content\/uploads\/2023\/10\/NP-MAT204-sin-fondo_otro.webp","datePublished":"2023-10-22T06:41:52+00:00","dateModified":"2026-05-05T13:44:32+00:00","description":"PIG\u00ae Absorbent Mat Pad es un tapete absorbente para tr\u00e1nsito peatonal pesado, dise\u00f1ado para absorber aceites, agua y solventes en \u00e1reas industriales.","breadcrumb":{"@id":"https:\/\/www.synthec.com\/peru\/producto\/pig-absorbent-mat-pad-transito-peatonal-pesado\/#breadcrumb"},"inLanguage":"es-PE","potentialAction":[{"@type":"ReadAction","target":["https:\/\/www.synthec.com\/peru\/producto\/pig-absorbent-mat-pad-transito-peatonal-pesado\/"]}]},{"@type":"ImageObject","inLanguage":"es-PE","@id":"https:\/\/www.synthec.com\/peru\/producto\/pig-absorbent-mat-pad-transito-peatonal-pesado\/#primaryimage","url":"https:\/\/www.synthec.com\/peru\/wp-content\/uploads\/2023\/10\/NP-MAT204-sin-fondo_otro.webp","contentUrl":"https:\/\/www.synthec.com\/peru\/wp-content\/uploads\/2023\/10\/NP-MAT204-sin-fondo_otro.webp","width":1072,"height":812},{"@type":"BreadcrumbList","@id":"https:\/\/www.synthec.com\/peru\/producto\/pig-absorbent-mat-pad-transito-peatonal-pesado\/#breadcrumb","itemListElement":[{"@type":"ListItem","position":1,"name":"Home","item":"https:\/\/www.synthec.com\/peru\/"},{"@type":"ListItem","position":2,"name":"Shop","item":"https:\/\/www.synthec.com\/peru\/shop\/"},{"@type":"ListItem","position":3,"name":"PIG\u00ae Absorbent Mat Pad"}]},{"@type":"WebSite","@id":"https:\/\/www.synthec.com\/peru\/#website","url":"https:\/\/www.synthec.com\/peru\/","name":"Synthec.com","description":"Contribuimos con soluciones y productos de alta especialidad a la generaci\u00f3n de un futuro sostenible.","potentialAction":[{"@type":"SearchAction","target":{"@type":"EntryPoint","urlTemplate":"https:\/\/www.synthec.com\/peru\/?s={search_term_string}"},"query-input":{"@type":"PropertyValueSpecification","valueRequired":true,"valueName":"search_term_string"}}],"inLanguage":"es-PE"}]}},"_links":{"self":[{"href":"https:\/\/www.synthec.com\/peru\/wp-json\/wp\/v2\/product\/2545","targetHints":{"allow":["GET"]}}],"collection":[{"href":"https:\/\/www.synthec.com\/peru\/wp-json\/wp\/v2\/product"}],"about":[{"href":"https:\/\/www.synthec.com\/peru\/wp-json\/wp\/v2\/types\/product"}],"replies":[{"embeddable":true,"href":"https:\/\/www.synthec.com\/peru\/wp-json\/wp\/v2\/comments?post=2545"}],"wp:featuredmedia":[{"embeddable":true,"href":"https:\/\/www.synthec.com\/peru\/wp-json\/wp\/v2\/media\/8633"}],"wp:attachment":[{"href":"https:\/\/www.synthec.com\/peru\/wp-json\/wp\/v2\/media?parent=2545"}],"wp:term":[{"taxonomy":"product_brand","embeddable":true,"href":"https:\/\/www.synthec.com\/peru\/wp-json\/wp\/v2\/product_brand?post=2545"},{"taxonomy":"product_cat","embeddable":true,"href":"https:\/\/www.synthec.com\/peru\/wp-json\/wp\/v2\/product_cat?post=2545"},{"taxonomy":"product_tag","embeddable":true,"href":"https:\/\/www.synthec.com\/peru\/wp-json\/wp\/v2\/product_tag?post=2545"},{"taxonomy":"product_line","embeddable":true,"href":"https:\/\/www.synthec.com\/peru\/wp-json\/wp\/v2\/product_line?post=2545"},{"taxonomy":"brand","embeddable":true,"href":"https:\/\/www.synthec.com\/peru\/wp-json\/wp\/v2\/brand?post=2545"}],"curies":[{"name":"wp","href":"https:\/\/api.w.org\/{rel}","templated":true}]}}