{"id":2329,"date":"2023-10-22T01:17:42","date_gmt":"2023-10-22T06:17:42","guid":{"rendered":"https:\/\/server\/annariel-synthec\/producto\/suvinil-rinde-cubre-mucho-blanco-nieve-lata-3-6l\/"},"modified":"2026-01-23T11:12:43","modified_gmt":"2026-01-23T16:12:43","slug":"suvinil-rinde-cubre-mucho-blanco-nieve-lata-3-6l","status":"publish","type":"product","link":"https:\/\/www.synthec.com\/peru\/producto\/suvinil-rinde-cubre-mucho-blanco-nieve-lata-3-6l\/","title":{"rendered":"SUVINIL RINDE &#038; CUBRE MUCHO"},"content":{"rendered":"<p>\u00abComo su nombre lo indica, la pintura Suvinil Rinde y Cubre Mucho ofrece una excelente cobertura desde la primera capa. Este producto tiene un bajo olor, gran cobertura, excelente rendimiento y es f\u00e1cil de aplicar. Su consistencia superior facilita su esparcimiento incluso despu\u00e9s de la diluci\u00f3n.<br \/>\nDisponible en:<br \/>\nSUVINIL RINDE &#038; CUBRE MUCHO &#8211; BLANCO NIEVE 3.6 L<br \/>\nSUVINIL RINDE &#038; CUBRE MUCHO &#8211; HIELO  3.6 L<br \/>\nSUVINIL RINDE &#038; CUBRE MUCHO &#8211; BLANCO NIEVE  18 L<br \/>\nSUVINIL RINDE &#038; CUBRE MUCHO &#8211; HIELO 18 L<br \/>\nSUVINIL RINDE &#038; CUBRE MUCHO &#8211; BLANCO NIEVE  LAT x 0.9 L<br \/>\nSUVINIL R&#038;C MUCHO BASE A2 LATX16 LT<br \/>\nSUVINIL R&#038;C MUCHO BASE A2 LATX3.2 LT<br \/>\nSUVINIL R&#038;C MUCHO BLANCO NIEVE BALX18 LT<br \/>\nContamos con Matizado de Colores con m\u00e1s de 1,700 Opciones<br \/>\nPresentaci\u00f3n en: 3.6 Lt. \/ 18 Lt, \/ 0.9 Lt,\u00bb<\/p>\n","protected":false},"excerpt":{"rendered":"<p>\u00abComo su nombre lo indica, la pintura Suvinil Rinde y Cubre Mucho ofrece una excelente cobertura desde la primera capa. Este producto tiene un bajo olor, gran cobertura, excelente rendimiento y es f\u00e1cil de aplicar. Su consistencia superior facilita su esparcimiento incluso despu\u00e9s de la diluci\u00f3n. Disponible en: SUVINIL RINDE &#038; CUBRE MUCHO &#8211; BLANCO [&hellip;]<\/p>\n","protected":false},"featured_media":7374,"comment_status":"open","ping_status":"closed","template":"","meta":{"_acf_changed":false},"product_brand":[],"product_cat":[229,40],"product_tag":[],"product_line":[],"brand":[129],"class_list":{"0":"post-2329","1":"product","2":"type-product","3":"status-publish","4":"has-post-thumbnail","6":"product_cat-pintura-para-paredes","7":"product_cat-pinturas-decorativas","8":"brand-suvinil","10":"first","11":"instock","12":"shipping-taxable","13":"purchasable","14":"product-type-simple"},"acf":[],"yoast_head":"<!-- This site is optimized with the Yoast SEO plugin v27.0 - https:\/\/yoast.com\/product\/yoast-seo-wordpress\/ -->\n<title>SUVINIL RINDE &amp; CUBRE MUCHO - Synthec.com<\/title>\n<meta name=\"robots\" content=\"index, follow, max-snippet:-1, max-image-preview:large, max-video-preview:-1\" \/>\n<link rel=\"canonical\" href=\"https:\/\/www.synthec.com\/peru\/producto\/suvinil-rinde-cubre-mucho-blanco-nieve-lata-3-6l\/\" \/>\n<meta property=\"og:locale\" content=\"es_ES\" \/>\n<meta property=\"og:type\" content=\"article\" \/>\n<meta property=\"og:title\" content=\"SUVINIL RINDE &amp; CUBRE MUCHO - Synthec.com\" \/>\n<meta property=\"og:description\" content=\"\u00abComo su nombre lo indica, la pintura Suvinil Rinde y Cubre Mucho ofrece una excelente cobertura desde la primera capa. Este producto tiene un bajo olor, gran cobertura, excelente rendimiento y es f\u00e1cil de aplicar. Su consistencia superior facilita su esparcimiento incluso despu\u00e9s de la diluci\u00f3n. Disponible en: SUVINIL RINDE &#038; CUBRE MUCHO &#8211; BLANCO [&hellip;]\" \/>\n<meta property=\"og:url\" content=\"https:\/\/www.synthec.com\/peru\/producto\/suvinil-rinde-cubre-mucho-blanco-nieve-lata-3-6l\/\" \/>\n<meta property=\"og:site_name\" content=\"Synthec.com\" \/>\n<meta property=\"article:modified_time\" content=\"2026-01-23T16:12:43+00:00\" \/>\n<meta property=\"og:image\" content=\"https:\/\/www.synthec.com\/peru\/wp-content\/uploads\/2023\/10\/PNG_RINDE-CUBRE-MUCHO-900ML_SUVINIL_2024.png\" \/>\n\t<meta property=\"og:image:width\" content=\"2285\" \/>\n\t<meta property=\"og:image:height\" content=\"2000\" \/>\n\t<meta property=\"og:image:type\" content=\"image\/png\" \/>\n<meta name=\"twitter:card\" content=\"summary_large_image\" \/>\n<meta name=\"twitter:label1\" content=\"Est. reading time\" \/>\n\t<meta name=\"twitter:data1\" content=\"1 minuto\" \/>\n<script type=\"application\/ld+json\" class=\"yoast-schema-graph\">{\"@context\":\"https:\/\/schema.org\",\"@graph\":[{\"@type\":\"WebPage\",\"@id\":\"https:\/\/www.synthec.com\/peru\/producto\/suvinil-rinde-cubre-mucho-blanco-nieve-lata-3-6l\/\",\"url\":\"https:\/\/www.synthec.com\/peru\/producto\/suvinil-rinde-cubre-mucho-blanco-nieve-lata-3-6l\/\",\"name\":\"SUVINIL RINDE & CUBRE MUCHO - Synthec.com\",\"isPartOf\":{\"@id\":\"https:\/\/www.synthec.com\/peru\/#website\"},\"primaryImageOfPage\":{\"@id\":\"https:\/\/www.synthec.com\/peru\/producto\/suvinil-rinde-cubre-mucho-blanco-nieve-lata-3-6l\/#primaryimage\"},\"image\":{\"@id\":\"https:\/\/www.synthec.com\/peru\/producto\/suvinil-rinde-cubre-mucho-blanco-nieve-lata-3-6l\/#primaryimage\"},\"thumbnailUrl\":\"https:\/\/www.synthec.com\/peru\/wp-content\/uploads\/2023\/10\/PNG_RINDE-CUBRE-MUCHO-900ML_SUVINIL_2024.png\",\"datePublished\":\"2023-10-22T06:17:42+00:00\",\"dateModified\":\"2026-01-23T16:12:43+00:00\",\"breadcrumb\":{\"@id\":\"https:\/\/www.synthec.com\/peru\/producto\/suvinil-rinde-cubre-mucho-blanco-nieve-lata-3-6l\/#breadcrumb\"},\"inLanguage\":\"es-PE\",\"potentialAction\":[{\"@type\":\"ReadAction\",\"target\":[\"https:\/\/www.synthec.com\/peru\/producto\/suvinil-rinde-cubre-mucho-blanco-nieve-lata-3-6l\/\"]}]},{\"@type\":\"ImageObject\",\"inLanguage\":\"es-PE\",\"@id\":\"https:\/\/www.synthec.com\/peru\/producto\/suvinil-rinde-cubre-mucho-blanco-nieve-lata-3-6l\/#primaryimage\",\"url\":\"https:\/\/www.synthec.com\/peru\/wp-content\/uploads\/2023\/10\/PNG_RINDE-CUBRE-MUCHO-900ML_SUVINIL_2024.png\",\"contentUrl\":\"https:\/\/www.synthec.com\/peru\/wp-content\/uploads\/2023\/10\/PNG_RINDE-CUBRE-MUCHO-900ML_SUVINIL_2024.png\",\"width\":2285,\"height\":2000},{\"@type\":\"BreadcrumbList\",\"@id\":\"https:\/\/www.synthec.com\/peru\/producto\/suvinil-rinde-cubre-mucho-blanco-nieve-lata-3-6l\/#breadcrumb\",\"itemListElement\":[{\"@type\":\"ListItem\",\"position\":1,\"name\":\"Home\",\"item\":\"https:\/\/www.synthec.com\/peru\/\"},{\"@type\":\"ListItem\",\"position\":2,\"name\":\"Shop\",\"item\":\"https:\/\/www.synthec.com\/peru\/shop\/\"},{\"@type\":\"ListItem\",\"position\":3,\"name\":\"SUVINIL RINDE &#038; CUBRE MUCHO\"}]},{\"@type\":\"WebSite\",\"@id\":\"https:\/\/www.synthec.com\/peru\/#website\",\"url\":\"https:\/\/www.synthec.com\/peru\/\",\"name\":\"Synthec.com\",\"description\":\"Contribuimos con soluciones y productos de alta especialidad a la generaci\u00f3n de un futuro sostenible.\",\"potentialAction\":[{\"@type\":\"SearchAction\",\"target\":{\"@type\":\"EntryPoint\",\"urlTemplate\":\"https:\/\/www.synthec.com\/peru\/?s={search_term_string}\"},\"query-input\":{\"@type\":\"PropertyValueSpecification\",\"valueRequired\":true,\"valueName\":\"search_term_string\"}}],\"inLanguage\":\"es-PE\"}]}<\/script>\n<!-- \/ Yoast SEO plugin. -->","yoast_head_json":{"title":"SUVINIL RINDE & CUBRE MUCHO - Synthec.com","robots":{"index":"index","follow":"follow","max-snippet":"max-snippet:-1","max-image-preview":"max-image-preview:large","max-video-preview":"max-video-preview:-1"},"canonical":"https:\/\/www.synthec.com\/peru\/producto\/suvinil-rinde-cubre-mucho-blanco-nieve-lata-3-6l\/","og_locale":"es_ES","og_type":"article","og_title":"SUVINIL RINDE & CUBRE MUCHO - Synthec.com","og_description":"\u00abComo su nombre lo indica, la pintura Suvinil Rinde y Cubre Mucho ofrece una excelente cobertura desde la primera capa. Este producto tiene un bajo olor, gran cobertura, excelente rendimiento y es f\u00e1cil de aplicar. Su consistencia superior facilita su esparcimiento incluso despu\u00e9s de la diluci\u00f3n. Disponible en: SUVINIL RINDE &#038; CUBRE MUCHO &#8211; BLANCO [&hellip;]","og_url":"https:\/\/www.synthec.com\/peru\/producto\/suvinil-rinde-cubre-mucho-blanco-nieve-lata-3-6l\/","og_site_name":"Synthec.com","article_modified_time":"2026-01-23T16:12:43+00:00","og_image":[{"width":2285,"height":2000,"url":"https:\/\/www.synthec.com\/peru\/wp-content\/uploads\/2023\/10\/PNG_RINDE-CUBRE-MUCHO-900ML_SUVINIL_2024.png","type":"image\/png"}],"twitter_card":"summary_large_image","twitter_misc":{"Est. reading time":"1 minuto"},"schema":{"@context":"https:\/\/schema.org","@graph":[{"@type":"WebPage","@id":"https:\/\/www.synthec.com\/peru\/producto\/suvinil-rinde-cubre-mucho-blanco-nieve-lata-3-6l\/","url":"https:\/\/www.synthec.com\/peru\/producto\/suvinil-rinde-cubre-mucho-blanco-nieve-lata-3-6l\/","name":"SUVINIL RINDE & CUBRE MUCHO - Synthec.com","isPartOf":{"@id":"https:\/\/www.synthec.com\/peru\/#website"},"primaryImageOfPage":{"@id":"https:\/\/www.synthec.com\/peru\/producto\/suvinil-rinde-cubre-mucho-blanco-nieve-lata-3-6l\/#primaryimage"},"image":{"@id":"https:\/\/www.synthec.com\/peru\/producto\/suvinil-rinde-cubre-mucho-blanco-nieve-lata-3-6l\/#primaryimage"},"thumbnailUrl":"https:\/\/www.synthec.com\/peru\/wp-content\/uploads\/2023\/10\/PNG_RINDE-CUBRE-MUCHO-900ML_SUVINIL_2024.png","datePublished":"2023-10-22T06:17:42+00:00","dateModified":"2026-01-23T16:12:43+00:00","breadcrumb":{"@id":"https:\/\/www.synthec.com\/peru\/producto\/suvinil-rinde-cubre-mucho-blanco-nieve-lata-3-6l\/#breadcrumb"},"inLanguage":"es-PE","potentialAction":[{"@type":"ReadAction","target":["https:\/\/www.synthec.com\/peru\/producto\/suvinil-rinde-cubre-mucho-blanco-nieve-lata-3-6l\/"]}]},{"@type":"ImageObject","inLanguage":"es-PE","@id":"https:\/\/www.synthec.com\/peru\/producto\/suvinil-rinde-cubre-mucho-blanco-nieve-lata-3-6l\/#primaryimage","url":"https:\/\/www.synthec.com\/peru\/wp-content\/uploads\/2023\/10\/PNG_RINDE-CUBRE-MUCHO-900ML_SUVINIL_2024.png","contentUrl":"https:\/\/www.synthec.com\/peru\/wp-content\/uploads\/2023\/10\/PNG_RINDE-CUBRE-MUCHO-900ML_SUVINIL_2024.png","width":2285,"height":2000},{"@type":"BreadcrumbList","@id":"https:\/\/www.synthec.com\/peru\/producto\/suvinil-rinde-cubre-mucho-blanco-nieve-lata-3-6l\/#breadcrumb","itemListElement":[{"@type":"ListItem","position":1,"name":"Home","item":"https:\/\/www.synthec.com\/peru\/"},{"@type":"ListItem","position":2,"name":"Shop","item":"https:\/\/www.synthec.com\/peru\/shop\/"},{"@type":"ListItem","position":3,"name":"SUVINIL RINDE &#038; CUBRE MUCHO"}]},{"@type":"WebSite","@id":"https:\/\/www.synthec.com\/peru\/#website","url":"https:\/\/www.synthec.com\/peru\/","name":"Synthec.com","description":"Contribuimos con soluciones y productos de alta especialidad a la generaci\u00f3n de un futuro sostenible.","potentialAction":[{"@type":"SearchAction","target":{"@type":"EntryPoint","urlTemplate":"https:\/\/www.synthec.com\/peru\/?s={search_term_string}"},"query-input":{"@type":"PropertyValueSpecification","valueRequired":true,"valueName":"search_term_string"}}],"inLanguage":"es-PE"}]}},"_links":{"self":[{"href":"https:\/\/www.synthec.com\/peru\/wp-json\/wp\/v2\/product\/2329","targetHints":{"allow":["GET"]}}],"collection":[{"href":"https:\/\/www.synthec.com\/peru\/wp-json\/wp\/v2\/product"}],"about":[{"href":"https:\/\/www.synthec.com\/peru\/wp-json\/wp\/v2\/types\/product"}],"replies":[{"embeddable":true,"href":"https:\/\/www.synthec.com\/peru\/wp-json\/wp\/v2\/comments?post=2329"}],"wp:featuredmedia":[{"embeddable":true,"href":"https:\/\/www.synthec.com\/peru\/wp-json\/wp\/v2\/media\/7374"}],"wp:attachment":[{"href":"https:\/\/www.synthec.com\/peru\/wp-json\/wp\/v2\/media?parent=2329"}],"wp:term":[{"taxonomy":"product_brand","embeddable":true,"href":"https:\/\/www.synthec.com\/peru\/wp-json\/wp\/v2\/product_brand?post=2329"},{"taxonomy":"product_cat","embeddable":true,"href":"https:\/\/www.synthec.com\/peru\/wp-json\/wp\/v2\/product_cat?post=2329"},{"taxonomy":"product_tag","embeddable":true,"href":"https:\/\/www.synthec.com\/peru\/wp-json\/wp\/v2\/product_tag?post=2329"},{"taxonomy":"product_line","embeddable":true,"href":"https:\/\/www.synthec.com\/peru\/wp-json\/wp\/v2\/product_line?post=2329"},{"taxonomy":"brand","embeddable":true,"href":"https:\/\/www.synthec.com\/peru\/wp-json\/wp\/v2\/brand?post=2329"}],"curies":[{"name":"wp","href":"https:\/\/api.w.org\/{rel}","templated":true}]}}