{"id":2087,"date":"2023-10-22T00:38:04","date_gmt":"2023-10-22T05:38:04","guid":{"rendered":"https:\/\/server\/annariel-synthec\/producto\/crc-food-grade-belt-dressing-10oz\/"},"modified":"2026-02-26T11:52:16","modified_gmt":"2026-02-26T16:52:16","slug":"crc-food-grade-belt-dressing-10oz","status":"publish","type":"product","link":"https:\/\/www.synthec.com\/peru\/producto\/crc-food-grade-belt-dressing-10oz\/","title":{"rendered":"CRC FOOD GRADE BELT DRESSING"},"content":{"rendered":"<p>Un vendaje para correas de calidad alimentaria para prolongar la vida \u00fatil de las correas de transmisi\u00f3n al mejorar la tracci\u00f3n y permitir recorridos con tensi\u00f3n reducida<\/p>\n","protected":false},"excerpt":{"rendered":"<p>Un vendaje para correas de calidad alimentaria para prolongar la vida \u00fatil de las correas de transmisi\u00f3n al mejorar la tracci\u00f3n y permitir recorridos con tensi\u00f3n reducida<\/p>\n","protected":false},"featured_media":7974,"comment_status":"open","ping_status":"closed","template":"","meta":{"_acf_changed":false},"product_brand":[],"product_cat":[50,246],"product_tag":[],"product_line":[],"brand":[94],"class_list":{"0":"post-2087","1":"product","2":"type-product","3":"status-publish","4":"has-post-thumbnail","6":"product_cat-quimicos-de-mantenimiento","7":"product_cat-food-grade","8":"brand-crc","10":"first","11":"instock","12":"shipping-taxable","13":"product-type-simple"},"acf":[],"yoast_head":"<!-- This site is optimized with the Yoast SEO plugin v27.0 - https:\/\/yoast.com\/product\/yoast-seo-wordpress\/ -->\n<title>CRC FOOD GRADE BELT DRESSING - Synthec.com<\/title>\n<meta name=\"robots\" content=\"index, follow, max-snippet:-1, max-image-preview:large, max-video-preview:-1\" \/>\n<link rel=\"canonical\" href=\"https:\/\/www.synthec.com\/peru\/producto\/crc-food-grade-belt-dressing-10oz\/\" \/>\n<meta property=\"og:locale\" content=\"es_ES\" \/>\n<meta property=\"og:type\" content=\"article\" \/>\n<meta property=\"og:title\" content=\"CRC FOOD GRADE BELT DRESSING - Synthec.com\" \/>\n<meta property=\"og:description\" content=\"Un vendaje para correas de calidad alimentaria para prolongar la vida \u00fatil de las correas de transmisi\u00f3n al mejorar la tracci\u00f3n y permitir recorridos con tensi\u00f3n reducida\" \/>\n<meta property=\"og:url\" content=\"https:\/\/www.synthec.com\/peru\/producto\/crc-food-grade-belt-dressing-10oz\/\" \/>\n<meta property=\"og:site_name\" content=\"Synthec.com\" \/>\n<meta property=\"article:modified_time\" content=\"2026-02-26T16:52:16+00:00\" \/>\n<meta property=\"og:image\" content=\"https:\/\/www.synthec.com\/peru\/wp-content\/uploads\/2023\/10\/CR-3065-sin-fondo.png\" \/>\n\t<meta property=\"og:image:width\" content=\"368\" \/>\n\t<meta property=\"og:image:height\" content=\"1000\" \/>\n\t<meta property=\"og:image:type\" content=\"image\/png\" \/>\n<meta name=\"twitter:card\" content=\"summary_large_image\" \/>\n<meta name=\"twitter:label1\" content=\"Est. reading time\" \/>\n\t<meta name=\"twitter:data1\" content=\"1 minuto\" \/>\n<script type=\"application\/ld+json\" class=\"yoast-schema-graph\">{\"@context\":\"https:\/\/schema.org\",\"@graph\":[{\"@type\":\"WebPage\",\"@id\":\"https:\/\/www.synthec.com\/peru\/producto\/crc-food-grade-belt-dressing-10oz\/\",\"url\":\"https:\/\/www.synthec.com\/peru\/producto\/crc-food-grade-belt-dressing-10oz\/\",\"name\":\"CRC FOOD GRADE BELT DRESSING - Synthec.com\",\"isPartOf\":{\"@id\":\"https:\/\/www.synthec.com\/peru\/#website\"},\"primaryImageOfPage\":{\"@id\":\"https:\/\/www.synthec.com\/peru\/producto\/crc-food-grade-belt-dressing-10oz\/#primaryimage\"},\"image\":{\"@id\":\"https:\/\/www.synthec.com\/peru\/producto\/crc-food-grade-belt-dressing-10oz\/#primaryimage\"},\"thumbnailUrl\":\"https:\/\/www.synthec.com\/peru\/wp-content\/uploads\/2023\/10\/CR-3065-sin-fondo.png\",\"datePublished\":\"2023-10-22T05:38:04+00:00\",\"dateModified\":\"2026-02-26T16:52:16+00:00\",\"breadcrumb\":{\"@id\":\"https:\/\/www.synthec.com\/peru\/producto\/crc-food-grade-belt-dressing-10oz\/#breadcrumb\"},\"inLanguage\":\"es-PE\",\"potentialAction\":[{\"@type\":\"ReadAction\",\"target\":[\"https:\/\/www.synthec.com\/peru\/producto\/crc-food-grade-belt-dressing-10oz\/\"]}]},{\"@type\":\"ImageObject\",\"inLanguage\":\"es-PE\",\"@id\":\"https:\/\/www.synthec.com\/peru\/producto\/crc-food-grade-belt-dressing-10oz\/#primaryimage\",\"url\":\"https:\/\/www.synthec.com\/peru\/wp-content\/uploads\/2023\/10\/CR-3065-sin-fondo.png\",\"contentUrl\":\"https:\/\/www.synthec.com\/peru\/wp-content\/uploads\/2023\/10\/CR-3065-sin-fondo.png\",\"width\":368,\"height\":1000},{\"@type\":\"BreadcrumbList\",\"@id\":\"https:\/\/www.synthec.com\/peru\/producto\/crc-food-grade-belt-dressing-10oz\/#breadcrumb\",\"itemListElement\":[{\"@type\":\"ListItem\",\"position\":1,\"name\":\"Home\",\"item\":\"https:\/\/www.synthec.com\/peru\/\"},{\"@type\":\"ListItem\",\"position\":2,\"name\":\"Shop\",\"item\":\"https:\/\/www.synthec.com\/peru\/shop\/\"},{\"@type\":\"ListItem\",\"position\":3,\"name\":\"CRC FOOD GRADE BELT DRESSING\"}]},{\"@type\":\"WebSite\",\"@id\":\"https:\/\/www.synthec.com\/peru\/#website\",\"url\":\"https:\/\/www.synthec.com\/peru\/\",\"name\":\"Synthec.com\",\"description\":\"Contribuimos con soluciones y productos de alta especialidad a la generaci\u00f3n de un futuro sostenible.\",\"potentialAction\":[{\"@type\":\"SearchAction\",\"target\":{\"@type\":\"EntryPoint\",\"urlTemplate\":\"https:\/\/www.synthec.com\/peru\/?s={search_term_string}\"},\"query-input\":{\"@type\":\"PropertyValueSpecification\",\"valueRequired\":true,\"valueName\":\"search_term_string\"}}],\"inLanguage\":\"es-PE\"}]}<\/script>\n<!-- \/ Yoast SEO plugin. -->","yoast_head_json":{"title":"CRC FOOD GRADE BELT DRESSING - Synthec.com","robots":{"index":"index","follow":"follow","max-snippet":"max-snippet:-1","max-image-preview":"max-image-preview:large","max-video-preview":"max-video-preview:-1"},"canonical":"https:\/\/www.synthec.com\/peru\/producto\/crc-food-grade-belt-dressing-10oz\/","og_locale":"es_ES","og_type":"article","og_title":"CRC FOOD GRADE BELT DRESSING - Synthec.com","og_description":"Un vendaje para correas de calidad alimentaria para prolongar la vida \u00fatil de las correas de transmisi\u00f3n al mejorar la tracci\u00f3n y permitir recorridos con tensi\u00f3n reducida","og_url":"https:\/\/www.synthec.com\/peru\/producto\/crc-food-grade-belt-dressing-10oz\/","og_site_name":"Synthec.com","article_modified_time":"2026-02-26T16:52:16+00:00","og_image":[{"width":368,"height":1000,"url":"https:\/\/www.synthec.com\/peru\/wp-content\/uploads\/2023\/10\/CR-3065-sin-fondo.png","type":"image\/png"}],"twitter_card":"summary_large_image","twitter_misc":{"Est. reading time":"1 minuto"},"schema":{"@context":"https:\/\/schema.org","@graph":[{"@type":"WebPage","@id":"https:\/\/www.synthec.com\/peru\/producto\/crc-food-grade-belt-dressing-10oz\/","url":"https:\/\/www.synthec.com\/peru\/producto\/crc-food-grade-belt-dressing-10oz\/","name":"CRC FOOD GRADE BELT DRESSING - Synthec.com","isPartOf":{"@id":"https:\/\/www.synthec.com\/peru\/#website"},"primaryImageOfPage":{"@id":"https:\/\/www.synthec.com\/peru\/producto\/crc-food-grade-belt-dressing-10oz\/#primaryimage"},"image":{"@id":"https:\/\/www.synthec.com\/peru\/producto\/crc-food-grade-belt-dressing-10oz\/#primaryimage"},"thumbnailUrl":"https:\/\/www.synthec.com\/peru\/wp-content\/uploads\/2023\/10\/CR-3065-sin-fondo.png","datePublished":"2023-10-22T05:38:04+00:00","dateModified":"2026-02-26T16:52:16+00:00","breadcrumb":{"@id":"https:\/\/www.synthec.com\/peru\/producto\/crc-food-grade-belt-dressing-10oz\/#breadcrumb"},"inLanguage":"es-PE","potentialAction":[{"@type":"ReadAction","target":["https:\/\/www.synthec.com\/peru\/producto\/crc-food-grade-belt-dressing-10oz\/"]}]},{"@type":"ImageObject","inLanguage":"es-PE","@id":"https:\/\/www.synthec.com\/peru\/producto\/crc-food-grade-belt-dressing-10oz\/#primaryimage","url":"https:\/\/www.synthec.com\/peru\/wp-content\/uploads\/2023\/10\/CR-3065-sin-fondo.png","contentUrl":"https:\/\/www.synthec.com\/peru\/wp-content\/uploads\/2023\/10\/CR-3065-sin-fondo.png","width":368,"height":1000},{"@type":"BreadcrumbList","@id":"https:\/\/www.synthec.com\/peru\/producto\/crc-food-grade-belt-dressing-10oz\/#breadcrumb","itemListElement":[{"@type":"ListItem","position":1,"name":"Home","item":"https:\/\/www.synthec.com\/peru\/"},{"@type":"ListItem","position":2,"name":"Shop","item":"https:\/\/www.synthec.com\/peru\/shop\/"},{"@type":"ListItem","position":3,"name":"CRC FOOD GRADE BELT DRESSING"}]},{"@type":"WebSite","@id":"https:\/\/www.synthec.com\/peru\/#website","url":"https:\/\/www.synthec.com\/peru\/","name":"Synthec.com","description":"Contribuimos con soluciones y productos de alta especialidad a la generaci\u00f3n de un futuro sostenible.","potentialAction":[{"@type":"SearchAction","target":{"@type":"EntryPoint","urlTemplate":"https:\/\/www.synthec.com\/peru\/?s={search_term_string}"},"query-input":{"@type":"PropertyValueSpecification","valueRequired":true,"valueName":"search_term_string"}}],"inLanguage":"es-PE"}]}},"_links":{"self":[{"href":"https:\/\/www.synthec.com\/peru\/wp-json\/wp\/v2\/product\/2087","targetHints":{"allow":["GET"]}}],"collection":[{"href":"https:\/\/www.synthec.com\/peru\/wp-json\/wp\/v2\/product"}],"about":[{"href":"https:\/\/www.synthec.com\/peru\/wp-json\/wp\/v2\/types\/product"}],"replies":[{"embeddable":true,"href":"https:\/\/www.synthec.com\/peru\/wp-json\/wp\/v2\/comments?post=2087"}],"wp:featuredmedia":[{"embeddable":true,"href":"https:\/\/www.synthec.com\/peru\/wp-json\/wp\/v2\/media\/7974"}],"wp:attachment":[{"href":"https:\/\/www.synthec.com\/peru\/wp-json\/wp\/v2\/media?parent=2087"}],"wp:term":[{"taxonomy":"product_brand","embeddable":true,"href":"https:\/\/www.synthec.com\/peru\/wp-json\/wp\/v2\/product_brand?post=2087"},{"taxonomy":"product_cat","embeddable":true,"href":"https:\/\/www.synthec.com\/peru\/wp-json\/wp\/v2\/product_cat?post=2087"},{"taxonomy":"product_tag","embeddable":true,"href":"https:\/\/www.synthec.com\/peru\/wp-json\/wp\/v2\/product_tag?post=2087"},{"taxonomy":"product_line","embeddable":true,"href":"https:\/\/www.synthec.com\/peru\/wp-json\/wp\/v2\/product_line?post=2087"},{"taxonomy":"brand","embeddable":true,"href":"https:\/\/www.synthec.com\/peru\/wp-json\/wp\/v2\/brand?post=2087"}],"curies":[{"name":"wp","href":"https:\/\/api.w.org\/{rel}","templated":true}]}}