{"id":2085,"date":"2023-10-22T00:37:44","date_gmt":"2023-10-22T05:37:44","guid":{"rendered":"https:\/\/server\/annariel-synthec\/producto\/crc-knocker-loose-penetrating-solvent-13oz\/"},"modified":"2025-12-11T19:50:38","modified_gmt":"2025-12-12T00:50:38","slug":"crc-knocker-loose-penetrating-solvent-13oz","status":"publish","type":"product","link":"https:\/\/www.synthec.com\/peru\/producto\/crc-knocker-loose-penetrating-solvent-13oz\/","title":{"rendered":"CRC KNOCK&#8217;ER LOOSE\u00ae PENETRATING SOLVENT"},"content":{"rendered":"<p>Un s\u00faper penetrante de fuerza industrial y baja viscosidad. Dise\u00f1ado para aflojar y liberar r\u00e1pidamente los objetos atados o sujetadores congelados. Permea r\u00e1pidamente el \u00f3xido, las incrustaciones, la goma, grasa y corrosi\u00f3n. <\/p>\n","protected":false},"excerpt":{"rendered":"<p>Un s\u00faper penetrante de fuerza industrial y baja viscosidad. Dise\u00f1ado para aflojar y liberar r\u00e1pidamente los objetos atados o sujetadores congelados. Permea r\u00e1pidamente el \u00f3xido, las incrustaciones, la goma, grasa y corrosi\u00f3n.<\/p>\n","protected":false},"featured_media":6809,"comment_status":"open","ping_status":"closed","template":"","meta":{"_acf_changed":false},"product_brand":[],"product_cat":[242,50],"product_tag":[],"product_line":[],"brand":[94],"class_list":{"0":"post-2085","1":"product","2":"type-product","3":"status-publish","4":"has-post-thumbnail","6":"product_cat-lubricantes-multiproposito","7":"product_cat-quimicos-de-mantenimiento","8":"brand-crc","10":"first","11":"instock","12":"shipping-taxable","13":"product-type-simple"},"acf":[],"yoast_head":"<!-- This site is optimized with the Yoast SEO plugin v27.0 - https:\/\/yoast.com\/product\/yoast-seo-wordpress\/ -->\n<title>CRC KNOCK&#039;ER LOOSE\u00ae PENETRATING SOLVENT - Synthec.com<\/title>\n<meta name=\"robots\" content=\"index, follow, max-snippet:-1, max-image-preview:large, max-video-preview:-1\" \/>\n<link rel=\"canonical\" href=\"https:\/\/www.synthec.com\/peru\/producto\/crc-knocker-loose-penetrating-solvent-13oz\/\" \/>\n<meta property=\"og:locale\" content=\"es_ES\" \/>\n<meta property=\"og:type\" content=\"article\" \/>\n<meta property=\"og:title\" content=\"CRC KNOCK&#039;ER LOOSE\u00ae PENETRATING SOLVENT - Synthec.com\" \/>\n<meta property=\"og:description\" content=\"Un s\u00faper penetrante de fuerza industrial y baja viscosidad. Dise\u00f1ado para aflojar y liberar r\u00e1pidamente los objetos atados o sujetadores congelados. Permea r\u00e1pidamente el \u00f3xido, las incrustaciones, la goma, grasa y corrosi\u00f3n.\" \/>\n<meta property=\"og:url\" content=\"https:\/\/www.synthec.com\/peru\/producto\/crc-knocker-loose-penetrating-solvent-13oz\/\" \/>\n<meta property=\"og:site_name\" content=\"Synthec.com\" \/>\n<meta property=\"article:modified_time\" content=\"2025-12-12T00:50:38+00:00\" \/>\n<meta property=\"og:image\" content=\"https:\/\/www.synthec.com\/peru\/wp-content\/uploads\/2023\/10\/CR-3020-1.jpg\" \/>\n\t<meta property=\"og:image:width\" content=\"564\" \/>\n\t<meta property=\"og:image:height\" content=\"544\" \/>\n\t<meta property=\"og:image:type\" content=\"image\/jpeg\" \/>\n<meta name=\"twitter:card\" content=\"summary_large_image\" \/>\n<meta name=\"twitter:label1\" content=\"Est. reading time\" \/>\n\t<meta name=\"twitter:data1\" content=\"1 minuto\" \/>\n<script type=\"application\/ld+json\" class=\"yoast-schema-graph\">{\"@context\":\"https:\/\/schema.org\",\"@graph\":[{\"@type\":\"WebPage\",\"@id\":\"https:\/\/www.synthec.com\/peru\/producto\/crc-knocker-loose-penetrating-solvent-13oz\/\",\"url\":\"https:\/\/www.synthec.com\/peru\/producto\/crc-knocker-loose-penetrating-solvent-13oz\/\",\"name\":\"CRC KNOCK'ER LOOSE\u00ae PENETRATING SOLVENT - Synthec.com\",\"isPartOf\":{\"@id\":\"https:\/\/www.synthec.com\/peru\/#website\"},\"primaryImageOfPage\":{\"@id\":\"https:\/\/www.synthec.com\/peru\/producto\/crc-knocker-loose-penetrating-solvent-13oz\/#primaryimage\"},\"image\":{\"@id\":\"https:\/\/www.synthec.com\/peru\/producto\/crc-knocker-loose-penetrating-solvent-13oz\/#primaryimage\"},\"thumbnailUrl\":\"https:\/\/www.synthec.com\/peru\/wp-content\/uploads\/2023\/10\/CR-3020-1.jpg\",\"datePublished\":\"2023-10-22T05:37:44+00:00\",\"dateModified\":\"2025-12-12T00:50:38+00:00\",\"breadcrumb\":{\"@id\":\"https:\/\/www.synthec.com\/peru\/producto\/crc-knocker-loose-penetrating-solvent-13oz\/#breadcrumb\"},\"inLanguage\":\"es-PE\",\"potentialAction\":[{\"@type\":\"ReadAction\",\"target\":[\"https:\/\/www.synthec.com\/peru\/producto\/crc-knocker-loose-penetrating-solvent-13oz\/\"]}]},{\"@type\":\"ImageObject\",\"inLanguage\":\"es-PE\",\"@id\":\"https:\/\/www.synthec.com\/peru\/producto\/crc-knocker-loose-penetrating-solvent-13oz\/#primaryimage\",\"url\":\"https:\/\/www.synthec.com\/peru\/wp-content\/uploads\/2023\/10\/CR-3020-1.jpg\",\"contentUrl\":\"https:\/\/www.synthec.com\/peru\/wp-content\/uploads\/2023\/10\/CR-3020-1.jpg\",\"width\":564,\"height\":544},{\"@type\":\"BreadcrumbList\",\"@id\":\"https:\/\/www.synthec.com\/peru\/producto\/crc-knocker-loose-penetrating-solvent-13oz\/#breadcrumb\",\"itemListElement\":[{\"@type\":\"ListItem\",\"position\":1,\"name\":\"Home\",\"item\":\"https:\/\/www.synthec.com\/peru\/\"},{\"@type\":\"ListItem\",\"position\":2,\"name\":\"Shop\",\"item\":\"https:\/\/www.synthec.com\/peru\/shop\/\"},{\"@type\":\"ListItem\",\"position\":3,\"name\":\"CRC KNOCK&#8217;ER LOOSE\u00ae PENETRATING SOLVENT\"}]},{\"@type\":\"WebSite\",\"@id\":\"https:\/\/www.synthec.com\/peru\/#website\",\"url\":\"https:\/\/www.synthec.com\/peru\/\",\"name\":\"Synthec.com\",\"description\":\"Contribuimos con soluciones y productos de alta especialidad a la generaci\u00f3n de un futuro sostenible.\",\"potentialAction\":[{\"@type\":\"SearchAction\",\"target\":{\"@type\":\"EntryPoint\",\"urlTemplate\":\"https:\/\/www.synthec.com\/peru\/?s={search_term_string}\"},\"query-input\":{\"@type\":\"PropertyValueSpecification\",\"valueRequired\":true,\"valueName\":\"search_term_string\"}}],\"inLanguage\":\"es-PE\"}]}<\/script>\n<!-- \/ Yoast SEO plugin. -->","yoast_head_json":{"title":"CRC KNOCK'ER LOOSE\u00ae PENETRATING SOLVENT - Synthec.com","robots":{"index":"index","follow":"follow","max-snippet":"max-snippet:-1","max-image-preview":"max-image-preview:large","max-video-preview":"max-video-preview:-1"},"canonical":"https:\/\/www.synthec.com\/peru\/producto\/crc-knocker-loose-penetrating-solvent-13oz\/","og_locale":"es_ES","og_type":"article","og_title":"CRC KNOCK'ER LOOSE\u00ae PENETRATING SOLVENT - Synthec.com","og_description":"Un s\u00faper penetrante de fuerza industrial y baja viscosidad. Dise\u00f1ado para aflojar y liberar r\u00e1pidamente los objetos atados o sujetadores congelados. Permea r\u00e1pidamente el \u00f3xido, las incrustaciones, la goma, grasa y corrosi\u00f3n.","og_url":"https:\/\/www.synthec.com\/peru\/producto\/crc-knocker-loose-penetrating-solvent-13oz\/","og_site_name":"Synthec.com","article_modified_time":"2025-12-12T00:50:38+00:00","og_image":[{"width":564,"height":544,"url":"https:\/\/www.synthec.com\/peru\/wp-content\/uploads\/2023\/10\/CR-3020-1.jpg","type":"image\/jpeg"}],"twitter_card":"summary_large_image","twitter_misc":{"Est. reading time":"1 minuto"},"schema":{"@context":"https:\/\/schema.org","@graph":[{"@type":"WebPage","@id":"https:\/\/www.synthec.com\/peru\/producto\/crc-knocker-loose-penetrating-solvent-13oz\/","url":"https:\/\/www.synthec.com\/peru\/producto\/crc-knocker-loose-penetrating-solvent-13oz\/","name":"CRC KNOCK'ER LOOSE\u00ae PENETRATING SOLVENT - Synthec.com","isPartOf":{"@id":"https:\/\/www.synthec.com\/peru\/#website"},"primaryImageOfPage":{"@id":"https:\/\/www.synthec.com\/peru\/producto\/crc-knocker-loose-penetrating-solvent-13oz\/#primaryimage"},"image":{"@id":"https:\/\/www.synthec.com\/peru\/producto\/crc-knocker-loose-penetrating-solvent-13oz\/#primaryimage"},"thumbnailUrl":"https:\/\/www.synthec.com\/peru\/wp-content\/uploads\/2023\/10\/CR-3020-1.jpg","datePublished":"2023-10-22T05:37:44+00:00","dateModified":"2025-12-12T00:50:38+00:00","breadcrumb":{"@id":"https:\/\/www.synthec.com\/peru\/producto\/crc-knocker-loose-penetrating-solvent-13oz\/#breadcrumb"},"inLanguage":"es-PE","potentialAction":[{"@type":"ReadAction","target":["https:\/\/www.synthec.com\/peru\/producto\/crc-knocker-loose-penetrating-solvent-13oz\/"]}]},{"@type":"ImageObject","inLanguage":"es-PE","@id":"https:\/\/www.synthec.com\/peru\/producto\/crc-knocker-loose-penetrating-solvent-13oz\/#primaryimage","url":"https:\/\/www.synthec.com\/peru\/wp-content\/uploads\/2023\/10\/CR-3020-1.jpg","contentUrl":"https:\/\/www.synthec.com\/peru\/wp-content\/uploads\/2023\/10\/CR-3020-1.jpg","width":564,"height":544},{"@type":"BreadcrumbList","@id":"https:\/\/www.synthec.com\/peru\/producto\/crc-knocker-loose-penetrating-solvent-13oz\/#breadcrumb","itemListElement":[{"@type":"ListItem","position":1,"name":"Home","item":"https:\/\/www.synthec.com\/peru\/"},{"@type":"ListItem","position":2,"name":"Shop","item":"https:\/\/www.synthec.com\/peru\/shop\/"},{"@type":"ListItem","position":3,"name":"CRC KNOCK&#8217;ER LOOSE\u00ae PENETRATING SOLVENT"}]},{"@type":"WebSite","@id":"https:\/\/www.synthec.com\/peru\/#website","url":"https:\/\/www.synthec.com\/peru\/","name":"Synthec.com","description":"Contribuimos con soluciones y productos de alta especialidad a la generaci\u00f3n de un futuro sostenible.","potentialAction":[{"@type":"SearchAction","target":{"@type":"EntryPoint","urlTemplate":"https:\/\/www.synthec.com\/peru\/?s={search_term_string}"},"query-input":{"@type":"PropertyValueSpecification","valueRequired":true,"valueName":"search_term_string"}}],"inLanguage":"es-PE"}]}},"_links":{"self":[{"href":"https:\/\/www.synthec.com\/peru\/wp-json\/wp\/v2\/product\/2085","targetHints":{"allow":["GET"]}}],"collection":[{"href":"https:\/\/www.synthec.com\/peru\/wp-json\/wp\/v2\/product"}],"about":[{"href":"https:\/\/www.synthec.com\/peru\/wp-json\/wp\/v2\/types\/product"}],"replies":[{"embeddable":true,"href":"https:\/\/www.synthec.com\/peru\/wp-json\/wp\/v2\/comments?post=2085"}],"wp:featuredmedia":[{"embeddable":true,"href":"https:\/\/www.synthec.com\/peru\/wp-json\/wp\/v2\/media\/6809"}],"wp:attachment":[{"href":"https:\/\/www.synthec.com\/peru\/wp-json\/wp\/v2\/media?parent=2085"}],"wp:term":[{"taxonomy":"product_brand","embeddable":true,"href":"https:\/\/www.synthec.com\/peru\/wp-json\/wp\/v2\/product_brand?post=2085"},{"taxonomy":"product_cat","embeddable":true,"href":"https:\/\/www.synthec.com\/peru\/wp-json\/wp\/v2\/product_cat?post=2085"},{"taxonomy":"product_tag","embeddable":true,"href":"https:\/\/www.synthec.com\/peru\/wp-json\/wp\/v2\/product_tag?post=2085"},{"taxonomy":"product_line","embeddable":true,"href":"https:\/\/www.synthec.com\/peru\/wp-json\/wp\/v2\/product_line?post=2085"},{"taxonomy":"brand","embeddable":true,"href":"https:\/\/www.synthec.com\/peru\/wp-json\/wp\/v2\/brand?post=2085"}],"curies":[{"name":"wp","href":"https:\/\/api.w.org\/{rel}","templated":true}]}}