{"id":2044,"date":"2023-10-22T00:26:21","date_gmt":"2023-10-22T05:26:21","guid":{"rendered":"https:\/\/server\/annariel-synthec\/producto\/crc-3-36-multi-purpose-lub-corrosion-inhib-11oz\/"},"modified":"2025-12-11T19:48:45","modified_gmt":"2025-12-12T00:48:45","slug":"crc-3-36-multi-purpose-lub-corrosion-inhib-11oz","status":"publish","type":"product","link":"https:\/\/www.synthec.com\/peru\/producto\/crc-3-36-multi-purpose-lub-corrosion-inhib-11oz\/","title":{"rendered":"CRC 3-36 MULTI-PURPOSE LUB &#038; CORROSION INHIB"},"content":{"rendered":"<p>Mezcla de lubricantes sint\u00e9ticos y aceite mineral para mantener el rodillo, cadenas de transmisi\u00f3n y transportadoras lubricadas. Penetra, Lubrica y protege las piezas m\u00f3viles reduciendo la fricci\u00f3n. y desgaste. Clasificaci\u00f3n NSF H1 para contacto incidental con alimentos.<\/p>\n","protected":false},"excerpt":{"rendered":"<p>Mezcla de lubricantes sint\u00e9ticos y aceite mineral para mantener el rodillo, cadenas de transmisi\u00f3n y transportadoras lubricadas. Penetra, Lubrica y protege las piezas m\u00f3viles reduciendo la fricci\u00f3n. y desgaste. Clasificaci\u00f3n NSF H1 para contacto incidental con alimentos.<\/p>\n","protected":false},"featured_media":6805,"comment_status":"open","ping_status":"closed","template":"","meta":{"_acf_changed":false},"product_brand":[],"product_cat":[242,50],"product_tag":[],"product_line":[],"brand":[94],"class_list":{"0":"post-2044","1":"product","2":"type-product","3":"status-publish","4":"has-post-thumbnail","6":"product_cat-lubricantes-multiproposito","7":"product_cat-quimicos-de-mantenimiento","8":"brand-crc","10":"first","11":"outofstock","12":"shipping-taxable","13":"purchasable","14":"product-type-simple"},"acf":[],"yoast_head":"<!-- This site is optimized with the Yoast SEO plugin v27.0 - https:\/\/yoast.com\/product\/yoast-seo-wordpress\/ -->\n<title>CRC 3-36 MULTI-PURPOSE LUB &amp; CORROSION INHIB - Synthec.com<\/title>\n<meta name=\"robots\" content=\"index, follow, max-snippet:-1, max-image-preview:large, max-video-preview:-1\" \/>\n<link rel=\"canonical\" href=\"https:\/\/www.synthec.com\/peru\/producto\/crc-3-36-multi-purpose-lub-corrosion-inhib-11oz\/\" \/>\n<meta property=\"og:locale\" content=\"es_ES\" \/>\n<meta property=\"og:type\" content=\"article\" \/>\n<meta property=\"og:title\" content=\"CRC 3-36 MULTI-PURPOSE LUB &amp; CORROSION INHIB - Synthec.com\" \/>\n<meta property=\"og:description\" content=\"Mezcla de lubricantes sint\u00e9ticos y aceite mineral para mantener el rodillo, cadenas de transmisi\u00f3n y transportadoras lubricadas. Penetra, Lubrica y protege las piezas m\u00f3viles reduciendo la fricci\u00f3n. y desgaste. Clasificaci\u00f3n NSF H1 para contacto incidental con alimentos.\" \/>\n<meta property=\"og:url\" content=\"https:\/\/www.synthec.com\/peru\/producto\/crc-3-36-multi-purpose-lub-corrosion-inhib-11oz\/\" \/>\n<meta property=\"og:site_name\" content=\"Synthec.com\" \/>\n<meta property=\"article:modified_time\" content=\"2025-12-12T00:48:45+00:00\" \/>\n<meta property=\"og:image\" content=\"https:\/\/www.synthec.com\/peru\/wp-content\/uploads\/2023\/10\/CR-3005-1.jpg\" \/>\n\t<meta property=\"og:image:width\" content=\"700\" \/>\n\t<meta property=\"og:image:height\" content=\"700\" \/>\n\t<meta property=\"og:image:type\" content=\"image\/jpeg\" \/>\n<meta name=\"twitter:card\" content=\"summary_large_image\" \/>\n<meta name=\"twitter:label1\" content=\"Est. reading time\" \/>\n\t<meta name=\"twitter:data1\" content=\"1 minuto\" \/>\n<script type=\"application\/ld+json\" class=\"yoast-schema-graph\">{\"@context\":\"https:\/\/schema.org\",\"@graph\":[{\"@type\":\"WebPage\",\"@id\":\"https:\/\/www.synthec.com\/peru\/producto\/crc-3-36-multi-purpose-lub-corrosion-inhib-11oz\/\",\"url\":\"https:\/\/www.synthec.com\/peru\/producto\/crc-3-36-multi-purpose-lub-corrosion-inhib-11oz\/\",\"name\":\"CRC 3-36 MULTI-PURPOSE LUB & CORROSION INHIB - Synthec.com\",\"isPartOf\":{\"@id\":\"https:\/\/www.synthec.com\/peru\/#website\"},\"primaryImageOfPage\":{\"@id\":\"https:\/\/www.synthec.com\/peru\/producto\/crc-3-36-multi-purpose-lub-corrosion-inhib-11oz\/#primaryimage\"},\"image\":{\"@id\":\"https:\/\/www.synthec.com\/peru\/producto\/crc-3-36-multi-purpose-lub-corrosion-inhib-11oz\/#primaryimage\"},\"thumbnailUrl\":\"https:\/\/www.synthec.com\/peru\/wp-content\/uploads\/2023\/10\/CR-3005-1.jpg\",\"datePublished\":\"2023-10-22T05:26:21+00:00\",\"dateModified\":\"2025-12-12T00:48:45+00:00\",\"breadcrumb\":{\"@id\":\"https:\/\/www.synthec.com\/peru\/producto\/crc-3-36-multi-purpose-lub-corrosion-inhib-11oz\/#breadcrumb\"},\"inLanguage\":\"es-PE\",\"potentialAction\":[{\"@type\":\"ReadAction\",\"target\":[\"https:\/\/www.synthec.com\/peru\/producto\/crc-3-36-multi-purpose-lub-corrosion-inhib-11oz\/\"]}]},{\"@type\":\"ImageObject\",\"inLanguage\":\"es-PE\",\"@id\":\"https:\/\/www.synthec.com\/peru\/producto\/crc-3-36-multi-purpose-lub-corrosion-inhib-11oz\/#primaryimage\",\"url\":\"https:\/\/www.synthec.com\/peru\/wp-content\/uploads\/2023\/10\/CR-3005-1.jpg\",\"contentUrl\":\"https:\/\/www.synthec.com\/peru\/wp-content\/uploads\/2023\/10\/CR-3005-1.jpg\",\"width\":700,\"height\":700},{\"@type\":\"BreadcrumbList\",\"@id\":\"https:\/\/www.synthec.com\/peru\/producto\/crc-3-36-multi-purpose-lub-corrosion-inhib-11oz\/#breadcrumb\",\"itemListElement\":[{\"@type\":\"ListItem\",\"position\":1,\"name\":\"Home\",\"item\":\"https:\/\/www.synthec.com\/peru\/\"},{\"@type\":\"ListItem\",\"position\":2,\"name\":\"Shop\",\"item\":\"https:\/\/www.synthec.com\/peru\/shop\/\"},{\"@type\":\"ListItem\",\"position\":3,\"name\":\"CRC 3-36 MULTI-PURPOSE LUB &#038; CORROSION INHIB\"}]},{\"@type\":\"WebSite\",\"@id\":\"https:\/\/www.synthec.com\/peru\/#website\",\"url\":\"https:\/\/www.synthec.com\/peru\/\",\"name\":\"Synthec.com\",\"description\":\"Contribuimos con soluciones y productos de alta especialidad a la generaci\u00f3n de un futuro sostenible.\",\"potentialAction\":[{\"@type\":\"SearchAction\",\"target\":{\"@type\":\"EntryPoint\",\"urlTemplate\":\"https:\/\/www.synthec.com\/peru\/?s={search_term_string}\"},\"query-input\":{\"@type\":\"PropertyValueSpecification\",\"valueRequired\":true,\"valueName\":\"search_term_string\"}}],\"inLanguage\":\"es-PE\"}]}<\/script>\n<!-- \/ Yoast SEO plugin. -->","yoast_head_json":{"title":"CRC 3-36 MULTI-PURPOSE LUB & CORROSION INHIB - Synthec.com","robots":{"index":"index","follow":"follow","max-snippet":"max-snippet:-1","max-image-preview":"max-image-preview:large","max-video-preview":"max-video-preview:-1"},"canonical":"https:\/\/www.synthec.com\/peru\/producto\/crc-3-36-multi-purpose-lub-corrosion-inhib-11oz\/","og_locale":"es_ES","og_type":"article","og_title":"CRC 3-36 MULTI-PURPOSE LUB & CORROSION INHIB - Synthec.com","og_description":"Mezcla de lubricantes sint\u00e9ticos y aceite mineral para mantener el rodillo, cadenas de transmisi\u00f3n y transportadoras lubricadas. Penetra, Lubrica y protege las piezas m\u00f3viles reduciendo la fricci\u00f3n. y desgaste. Clasificaci\u00f3n NSF H1 para contacto incidental con alimentos.","og_url":"https:\/\/www.synthec.com\/peru\/producto\/crc-3-36-multi-purpose-lub-corrosion-inhib-11oz\/","og_site_name":"Synthec.com","article_modified_time":"2025-12-12T00:48:45+00:00","og_image":[{"width":700,"height":700,"url":"https:\/\/www.synthec.com\/peru\/wp-content\/uploads\/2023\/10\/CR-3005-1.jpg","type":"image\/jpeg"}],"twitter_card":"summary_large_image","twitter_misc":{"Est. reading time":"1 minuto"},"schema":{"@context":"https:\/\/schema.org","@graph":[{"@type":"WebPage","@id":"https:\/\/www.synthec.com\/peru\/producto\/crc-3-36-multi-purpose-lub-corrosion-inhib-11oz\/","url":"https:\/\/www.synthec.com\/peru\/producto\/crc-3-36-multi-purpose-lub-corrosion-inhib-11oz\/","name":"CRC 3-36 MULTI-PURPOSE LUB & CORROSION INHIB - Synthec.com","isPartOf":{"@id":"https:\/\/www.synthec.com\/peru\/#website"},"primaryImageOfPage":{"@id":"https:\/\/www.synthec.com\/peru\/producto\/crc-3-36-multi-purpose-lub-corrosion-inhib-11oz\/#primaryimage"},"image":{"@id":"https:\/\/www.synthec.com\/peru\/producto\/crc-3-36-multi-purpose-lub-corrosion-inhib-11oz\/#primaryimage"},"thumbnailUrl":"https:\/\/www.synthec.com\/peru\/wp-content\/uploads\/2023\/10\/CR-3005-1.jpg","datePublished":"2023-10-22T05:26:21+00:00","dateModified":"2025-12-12T00:48:45+00:00","breadcrumb":{"@id":"https:\/\/www.synthec.com\/peru\/producto\/crc-3-36-multi-purpose-lub-corrosion-inhib-11oz\/#breadcrumb"},"inLanguage":"es-PE","potentialAction":[{"@type":"ReadAction","target":["https:\/\/www.synthec.com\/peru\/producto\/crc-3-36-multi-purpose-lub-corrosion-inhib-11oz\/"]}]},{"@type":"ImageObject","inLanguage":"es-PE","@id":"https:\/\/www.synthec.com\/peru\/producto\/crc-3-36-multi-purpose-lub-corrosion-inhib-11oz\/#primaryimage","url":"https:\/\/www.synthec.com\/peru\/wp-content\/uploads\/2023\/10\/CR-3005-1.jpg","contentUrl":"https:\/\/www.synthec.com\/peru\/wp-content\/uploads\/2023\/10\/CR-3005-1.jpg","width":700,"height":700},{"@type":"BreadcrumbList","@id":"https:\/\/www.synthec.com\/peru\/producto\/crc-3-36-multi-purpose-lub-corrosion-inhib-11oz\/#breadcrumb","itemListElement":[{"@type":"ListItem","position":1,"name":"Home","item":"https:\/\/www.synthec.com\/peru\/"},{"@type":"ListItem","position":2,"name":"Shop","item":"https:\/\/www.synthec.com\/peru\/shop\/"},{"@type":"ListItem","position":3,"name":"CRC 3-36 MULTI-PURPOSE LUB &#038; CORROSION INHIB"}]},{"@type":"WebSite","@id":"https:\/\/www.synthec.com\/peru\/#website","url":"https:\/\/www.synthec.com\/peru\/","name":"Synthec.com","description":"Contribuimos con soluciones y productos de alta especialidad a la generaci\u00f3n de un futuro sostenible.","potentialAction":[{"@type":"SearchAction","target":{"@type":"EntryPoint","urlTemplate":"https:\/\/www.synthec.com\/peru\/?s={search_term_string}"},"query-input":{"@type":"PropertyValueSpecification","valueRequired":true,"valueName":"search_term_string"}}],"inLanguage":"es-PE"}]}},"_links":{"self":[{"href":"https:\/\/www.synthec.com\/peru\/wp-json\/wp\/v2\/product\/2044","targetHints":{"allow":["GET"]}}],"collection":[{"href":"https:\/\/www.synthec.com\/peru\/wp-json\/wp\/v2\/product"}],"about":[{"href":"https:\/\/www.synthec.com\/peru\/wp-json\/wp\/v2\/types\/product"}],"replies":[{"embeddable":true,"href":"https:\/\/www.synthec.com\/peru\/wp-json\/wp\/v2\/comments?post=2044"}],"wp:featuredmedia":[{"embeddable":true,"href":"https:\/\/www.synthec.com\/peru\/wp-json\/wp\/v2\/media\/6805"}],"wp:attachment":[{"href":"https:\/\/www.synthec.com\/peru\/wp-json\/wp\/v2\/media?parent=2044"}],"wp:term":[{"taxonomy":"product_brand","embeddable":true,"href":"https:\/\/www.synthec.com\/peru\/wp-json\/wp\/v2\/product_brand?post=2044"},{"taxonomy":"product_cat","embeddable":true,"href":"https:\/\/www.synthec.com\/peru\/wp-json\/wp\/v2\/product_cat?post=2044"},{"taxonomy":"product_tag","embeddable":true,"href":"https:\/\/www.synthec.com\/peru\/wp-json\/wp\/v2\/product_tag?post=2044"},{"taxonomy":"product_line","embeddable":true,"href":"https:\/\/www.synthec.com\/peru\/wp-json\/wp\/v2\/product_line?post=2044"},{"taxonomy":"brand","embeddable":true,"href":"https:\/\/www.synthec.com\/peru\/wp-json\/wp\/v2\/brand?post=2044"}],"curies":[{"name":"wp","href":"https:\/\/api.w.org\/{rel}","templated":true}]}}