{"id":554,"date":"2023-07-15T15:00:55","date_gmt":"2023-07-15T20:00:55","guid":{"rendered":"https:\/\/server\/annariel-synthec\/?page_id=554"},"modified":"2025-06-23T11:38:43","modified_gmt":"2025-06-23T16:38:43","slug":"empresa","status":"publish","type":"page","link":"https:\/\/www.synthec.com\/ecuador\/empresa\/","title":{"rendered":"Empresa"},"content":{"rendered":"\r\n<h1 class=\"wp-block-heading\">Acerca de Synthec Solutions<\/h1>\r\n<h1 class=\"wp-block-heading\">\r\n\r\n<\/h1>\r\n<p style=\"font-size:18px;\"><strong>Synthe<\/strong>c es una empresa enfocada en desarrollar aplicaciones de especialidad con productos de alta performance en los principales sectores econ\u00f3micos de la regi\u00f3n. <\/p>\r\n<p style=\"font-size:18px;\">Trabajamos de la mano de los principales fabricantes globales de productos qu\u00edmicos y derivados del petr\u00f3leo (lubricantes) lo que nos permite entregar a nuestros clientes un portafolio integral de soluciones para diversas aplicaciones en los diferentes sectores econ\u00f3micos de Per\u00fa, Colombia y Bolivia.<\/p>\r\n","protected":false},"excerpt":{"rendered":"<p>Acerca de Synthec Solutions Synthec es una empresa enfocada en desarrollar aplicaciones de especialidad con productos de alta performance en los principales sectores econ\u00f3micos de la regi\u00f3n. Trabajamos de la mano de los principales fabricantes globales de productos qu\u00edmicos y derivados del petr\u00f3leo (lubricantes) lo que nos permite entregar a nuestros clientes un portafolio integral [&hellip;]<\/p>\n","protected":false},"author":1,"featured_media":0,"parent":0,"menu_order":0,"comment_status":"closed","ping_status":"closed","template":"templates\/business.php","meta":{"_acf_changed":false,"footnotes":""},"class_list":["post-554","page","type-page","status-publish","hentry"],"acf":[],"yoast_head":"<!-- This site is optimized with the Yoast SEO plugin v27.0 - https:\/\/yoast.com\/product\/yoast-seo-wordpress\/ -->\n<title>Empresa - Synthec.com<\/title>\n<meta name=\"robots\" content=\"index, follow, max-snippet:-1, max-image-preview:large, max-video-preview:-1\" \/>\n<link rel=\"canonical\" href=\"https:\/\/www.synthec.com\/ecuador\/empresa\/\" \/>\n<meta property=\"og:locale\" content=\"es_ES\" \/>\n<meta property=\"og:type\" content=\"article\" \/>\n<meta property=\"og:title\" content=\"Empresa - Synthec.com\" \/>\n<meta property=\"og:description\" content=\"Acerca de Synthec Solutions Synthec es una empresa enfocada en desarrollar aplicaciones de especialidad con productos de alta performance en los principales sectores econ\u00f3micos de la regi\u00f3n. Trabajamos de la mano de los principales fabricantes globales de productos qu\u00edmicos y derivados del petr\u00f3leo (lubricantes) lo que nos permite entregar a nuestros clientes un portafolio integral [&hellip;]\" \/>\n<meta property=\"og:url\" content=\"https:\/\/www.synthec.com\/ecuador\/empresa\/\" \/>\n<meta property=\"og:site_name\" content=\"Synthec.com\" \/>\n<meta property=\"article:modified_time\" content=\"2025-06-23T16:38:43+00:00\" \/>\n<meta name=\"twitter:card\" content=\"summary_large_image\" \/>\n<meta name=\"twitter:label1\" content=\"Est. reading time\" \/>\n\t<meta name=\"twitter:data1\" content=\"1 minuto\" \/>\n<script type=\"application\/ld+json\" class=\"yoast-schema-graph\">{\"@context\":\"https:\/\/schema.org\",\"@graph\":[{\"@type\":\"WebPage\",\"@id\":\"https:\/\/www.synthec.com\/ecuador\/empresa\/\",\"url\":\"https:\/\/www.synthec.com\/ecuador\/empresa\/\",\"name\":\"Empresa - Synthec.com\",\"isPartOf\":{\"@id\":\"https:\/\/www.synthec.com\/ecuador\/#website\"},\"datePublished\":\"2023-07-15T20:00:55+00:00\",\"dateModified\":\"2025-06-23T16:38:43+00:00\",\"breadcrumb\":{\"@id\":\"https:\/\/www.synthec.com\/ecuador\/empresa\/#breadcrumb\"},\"inLanguage\":\"es-PE\",\"potentialAction\":[{\"@type\":\"ReadAction\",\"target\":[\"https:\/\/www.synthec.com\/ecuador\/empresa\/\"]}]},{\"@type\":\"BreadcrumbList\",\"@id\":\"https:\/\/www.synthec.com\/ecuador\/empresa\/#breadcrumb\",\"itemListElement\":[{\"@type\":\"ListItem\",\"position\":1,\"name\":\"Home\",\"item\":\"https:\/\/www.synthec.com\/ecuador\/\"},{\"@type\":\"ListItem\",\"position\":2,\"name\":\"Empresa\"}]},{\"@type\":\"WebSite\",\"@id\":\"https:\/\/www.synthec.com\/ecuador\/#website\",\"url\":\"https:\/\/www.synthec.com\/ecuador\/\",\"name\":\"Synthec.com\",\"description\":\"Contribuimos con soluciones y productos de alta especialidad a la generaci\u00f3n de un futuro sostenible.\",\"potentialAction\":[{\"@type\":\"SearchAction\",\"target\":{\"@type\":\"EntryPoint\",\"urlTemplate\":\"https:\/\/www.synthec.com\/ecuador\/?s={search_term_string}\"},\"query-input\":{\"@type\":\"PropertyValueSpecification\",\"valueRequired\":true,\"valueName\":\"search_term_string\"}}],\"inLanguage\":\"es-PE\"}]}<\/script>\n<!-- \/ Yoast SEO plugin. -->","yoast_head_json":{"title":"Empresa - Synthec.com","robots":{"index":"index","follow":"follow","max-snippet":"max-snippet:-1","max-image-preview":"max-image-preview:large","max-video-preview":"max-video-preview:-1"},"canonical":"https:\/\/www.synthec.com\/ecuador\/empresa\/","og_locale":"es_ES","og_type":"article","og_title":"Empresa - Synthec.com","og_description":"Acerca de Synthec Solutions Synthec es una empresa enfocada en desarrollar aplicaciones de especialidad con productos de alta performance en los principales sectores econ\u00f3micos de la regi\u00f3n. Trabajamos de la mano de los principales fabricantes globales de productos qu\u00edmicos y derivados del petr\u00f3leo (lubricantes) lo que nos permite entregar a nuestros clientes un portafolio integral [&hellip;]","og_url":"https:\/\/www.synthec.com\/ecuador\/empresa\/","og_site_name":"Synthec.com","article_modified_time":"2025-06-23T16:38:43+00:00","twitter_card":"summary_large_image","twitter_misc":{"Est. reading time":"1 minuto"},"schema":{"@context":"https:\/\/schema.org","@graph":[{"@type":"WebPage","@id":"https:\/\/www.synthec.com\/ecuador\/empresa\/","url":"https:\/\/www.synthec.com\/ecuador\/empresa\/","name":"Empresa - Synthec.com","isPartOf":{"@id":"https:\/\/www.synthec.com\/ecuador\/#website"},"datePublished":"2023-07-15T20:00:55+00:00","dateModified":"2025-06-23T16:38:43+00:00","breadcrumb":{"@id":"https:\/\/www.synthec.com\/ecuador\/empresa\/#breadcrumb"},"inLanguage":"es-PE","potentialAction":[{"@type":"ReadAction","target":["https:\/\/www.synthec.com\/ecuador\/empresa\/"]}]},{"@type":"BreadcrumbList","@id":"https:\/\/www.synthec.com\/ecuador\/empresa\/#breadcrumb","itemListElement":[{"@type":"ListItem","position":1,"name":"Home","item":"https:\/\/www.synthec.com\/ecuador\/"},{"@type":"ListItem","position":2,"name":"Empresa"}]},{"@type":"WebSite","@id":"https:\/\/www.synthec.com\/ecuador\/#website","url":"https:\/\/www.synthec.com\/ecuador\/","name":"Synthec.com","description":"Contribuimos con soluciones y productos de alta especialidad a la generaci\u00f3n de un futuro sostenible.","potentialAction":[{"@type":"SearchAction","target":{"@type":"EntryPoint","urlTemplate":"https:\/\/www.synthec.com\/ecuador\/?s={search_term_string}"},"query-input":{"@type":"PropertyValueSpecification","valueRequired":true,"valueName":"search_term_string"}}],"inLanguage":"es-PE"}]}},"_links":{"self":[{"href":"https:\/\/www.synthec.com\/ecuador\/wp-json\/wp\/v2\/pages\/554","targetHints":{"allow":["GET"]}}],"collection":[{"href":"https:\/\/www.synthec.com\/ecuador\/wp-json\/wp\/v2\/pages"}],"about":[{"href":"https:\/\/www.synthec.com\/ecuador\/wp-json\/wp\/v2\/types\/page"}],"author":[{"embeddable":true,"href":"https:\/\/www.synthec.com\/ecuador\/wp-json\/wp\/v2\/users\/1"}],"replies":[{"embeddable":true,"href":"https:\/\/www.synthec.com\/ecuador\/wp-json\/wp\/v2\/comments?post=554"}],"version-history":[{"count":0,"href":"https:\/\/www.synthec.com\/ecuador\/wp-json\/wp\/v2\/pages\/554\/revisions"}],"wp:attachment":[{"href":"https:\/\/www.synthec.com\/ecuador\/wp-json\/wp\/v2\/media?parent=554"}],"curies":[{"name":"wp","href":"https:\/\/api.w.org\/{rel}","templated":true}]}}