{"id":525,"date":"2023-07-13T09:26:28","date_gmt":"2023-07-13T14:26:28","guid":{"rendered":"https:\/\/server\/annariel-synthec\/?page_id=525"},"modified":"2025-06-18T17:22:08","modified_gmt":"2025-06-18T22:22:08","slug":"sostenibilidad","status":"publish","type":"page","link":"https:\/\/www.synthec.com\/ecuador\/sostenibilidad\/","title":{"rendered":"Sostenibilidad"},"content":{"rendered":"\r\n<div class=\"wp-block-group container\"><div class=\"wp-block-group__inner-container is-layout-constrained wp-block-group-is-layout-constrained\">\r\n<h1 class=\"wp-block-heading has-large-font-size\">Contribuimos con soluciones y productos de alta especialidad a la generaci\u00f3n de un futuro sostenible<\/h1>\r\n\r\n\r\n\r\n<p><\/p>\r\n\r\n\r\n\r\n<h2 class=\"wp-block-heading\">Viviendo nuestro prop\u00f3sito<\/h2>\r\n\r\n\r\n\r\n<p>Synthec Solutions est\u00e1 comprometido a cumplir su prop\u00f3sito internamente, con sus clientes y con la sociedad. Trabajamos constantemente en convertirnos en una empresa sostenible rigi\u00e9ndonos bajos algunos de los objetivos de desarrollo sostenible establecidos por la ONU en 2015, que promueven la sostenibilidad bajo los pilares de medioambiente, sociedad y gobernanza.<\/p>\r\n<\/div><\/div>\r\n","protected":false},"excerpt":{"rendered":"<p>Contribuimos con soluciones y productos de alta especialidad a la generaci\u00f3n de un futuro sostenible Viviendo nuestro prop\u00f3sito Synthec Solutions est\u00e1 comprometido a cumplir su prop\u00f3sito internamente, con sus clientes y con la sociedad. Trabajamos constantemente en convertirnos en una empresa sostenible rigi\u00e9ndonos bajos algunos de los objetivos de desarrollo sostenible establecidos por la ONU [&hellip;]<\/p>\n","protected":false},"author":1,"featured_media":494,"parent":0,"menu_order":0,"comment_status":"closed","ping_status":"closed","template":"templates\/sustainable.php","meta":{"_acf_changed":false,"footnotes":""},"class_list":["post-525","page","type-page","status-publish","has-post-thumbnail","hentry"],"acf":[],"yoast_head":"<!-- This site is optimized with the Yoast SEO plugin v27.0 - https:\/\/yoast.com\/product\/yoast-seo-wordpress\/ -->\n<title>Sostenibilidad - Synthec.com<\/title>\n<meta name=\"robots\" content=\"index, follow, max-snippet:-1, max-image-preview:large, max-video-preview:-1\" \/>\n<link rel=\"canonical\" href=\"https:\/\/www.synthec.com\/ecuador\/sostenibilidad\/\" \/>\n<meta property=\"og:locale\" content=\"es_ES\" \/>\n<meta property=\"og:type\" content=\"article\" \/>\n<meta property=\"og:title\" content=\"Sostenibilidad - Synthec.com\" \/>\n<meta property=\"og:description\" content=\"Contribuimos con soluciones y productos de alta especialidad a la generaci\u00f3n de un futuro sostenible Viviendo nuestro prop\u00f3sito Synthec Solutions est\u00e1 comprometido a cumplir su prop\u00f3sito internamente, con sus clientes y con la sociedad. Trabajamos constantemente en convertirnos en una empresa sostenible rigi\u00e9ndonos bajos algunos de los objetivos de desarrollo sostenible establecidos por la ONU [&hellip;]\" \/>\n<meta property=\"og:url\" content=\"https:\/\/www.synthec.com\/ecuador\/sostenibilidad\/\" \/>\n<meta property=\"og:site_name\" content=\"Synthec.com\" \/>\n<meta property=\"article:modified_time\" content=\"2025-06-18T22:22:08+00:00\" \/>\n<meta property=\"og:image\" content=\"https:\/\/www.synthec.com\/ecuador\/wp-content\/uploads\/2023\/07\/banner-lubricacion.jpg\" \/>\n\t<meta property=\"og:image:width\" content=\"1920\" \/>\n\t<meta property=\"og:image:height\" content=\"616\" \/>\n\t<meta property=\"og:image:type\" content=\"image\/jpeg\" \/>\n<meta name=\"twitter:card\" content=\"summary_large_image\" \/>\n<meta name=\"twitter:label1\" content=\"Est. reading time\" \/>\n\t<meta name=\"twitter:data1\" content=\"1 minuto\" \/>\n<script type=\"application\/ld+json\" class=\"yoast-schema-graph\">{\"@context\":\"https:\/\/schema.org\",\"@graph\":[{\"@type\":\"WebPage\",\"@id\":\"https:\/\/www.synthec.com\/ecuador\/sostenibilidad\/\",\"url\":\"https:\/\/www.synthec.com\/ecuador\/sostenibilidad\/\",\"name\":\"Sostenibilidad - Synthec.com\",\"isPartOf\":{\"@id\":\"https:\/\/www.synthec.com\/ecuador\/#website\"},\"primaryImageOfPage\":{\"@id\":\"https:\/\/www.synthec.com\/ecuador\/sostenibilidad\/#primaryimage\"},\"image\":{\"@id\":\"https:\/\/www.synthec.com\/ecuador\/sostenibilidad\/#primaryimage\"},\"thumbnailUrl\":\"https:\/\/www.synthec.com\/ecuador\/wp-content\/uploads\/2023\/07\/banner-lubricacion.jpg\",\"datePublished\":\"2023-07-13T14:26:28+00:00\",\"dateModified\":\"2025-06-18T22:22:08+00:00\",\"breadcrumb\":{\"@id\":\"https:\/\/www.synthec.com\/ecuador\/sostenibilidad\/#breadcrumb\"},\"inLanguage\":\"es-PE\",\"potentialAction\":[{\"@type\":\"ReadAction\",\"target\":[\"https:\/\/www.synthec.com\/ecuador\/sostenibilidad\/\"]}]},{\"@type\":\"ImageObject\",\"inLanguage\":\"es-PE\",\"@id\":\"https:\/\/www.synthec.com\/ecuador\/sostenibilidad\/#primaryimage\",\"url\":\"https:\/\/www.synthec.com\/ecuador\/wp-content\/uploads\/2023\/07\/banner-lubricacion.jpg\",\"contentUrl\":\"https:\/\/www.synthec.com\/ecuador\/wp-content\/uploads\/2023\/07\/banner-lubricacion.jpg\",\"width\":1920,\"height\":616},{\"@type\":\"BreadcrumbList\",\"@id\":\"https:\/\/www.synthec.com\/ecuador\/sostenibilidad\/#breadcrumb\",\"itemListElement\":[{\"@type\":\"ListItem\",\"position\":1,\"name\":\"Home\",\"item\":\"https:\/\/www.synthec.com\/ecuador\/\"},{\"@type\":\"ListItem\",\"position\":2,\"name\":\"Sostenibilidad\"}]},{\"@type\":\"WebSite\",\"@id\":\"https:\/\/www.synthec.com\/ecuador\/#website\",\"url\":\"https:\/\/www.synthec.com\/ecuador\/\",\"name\":\"Synthec.com\",\"description\":\"Contribuimos con soluciones y productos de alta especialidad a la generaci\u00f3n de un futuro sostenible.\",\"potentialAction\":[{\"@type\":\"SearchAction\",\"target\":{\"@type\":\"EntryPoint\",\"urlTemplate\":\"https:\/\/www.synthec.com\/ecuador\/?s={search_term_string}\"},\"query-input\":{\"@type\":\"PropertyValueSpecification\",\"valueRequired\":true,\"valueName\":\"search_term_string\"}}],\"inLanguage\":\"es-PE\"}]}<\/script>\n<!-- \/ Yoast SEO plugin. -->","yoast_head_json":{"title":"Sostenibilidad - Synthec.com","robots":{"index":"index","follow":"follow","max-snippet":"max-snippet:-1","max-image-preview":"max-image-preview:large","max-video-preview":"max-video-preview:-1"},"canonical":"https:\/\/www.synthec.com\/ecuador\/sostenibilidad\/","og_locale":"es_ES","og_type":"article","og_title":"Sostenibilidad - Synthec.com","og_description":"Contribuimos con soluciones y productos de alta especialidad a la generaci\u00f3n de un futuro sostenible Viviendo nuestro prop\u00f3sito Synthec Solutions est\u00e1 comprometido a cumplir su prop\u00f3sito internamente, con sus clientes y con la sociedad. Trabajamos constantemente en convertirnos en una empresa sostenible rigi\u00e9ndonos bajos algunos de los objetivos de desarrollo sostenible establecidos por la ONU [&hellip;]","og_url":"https:\/\/www.synthec.com\/ecuador\/sostenibilidad\/","og_site_name":"Synthec.com","article_modified_time":"2025-06-18T22:22:08+00:00","og_image":[{"width":1920,"height":616,"url":"https:\/\/www.synthec.com\/ecuador\/wp-content\/uploads\/2023\/07\/banner-lubricacion.jpg","type":"image\/jpeg"}],"twitter_card":"summary_large_image","twitter_misc":{"Est. reading time":"1 minuto"},"schema":{"@context":"https:\/\/schema.org","@graph":[{"@type":"WebPage","@id":"https:\/\/www.synthec.com\/ecuador\/sostenibilidad\/","url":"https:\/\/www.synthec.com\/ecuador\/sostenibilidad\/","name":"Sostenibilidad - Synthec.com","isPartOf":{"@id":"https:\/\/www.synthec.com\/ecuador\/#website"},"primaryImageOfPage":{"@id":"https:\/\/www.synthec.com\/ecuador\/sostenibilidad\/#primaryimage"},"image":{"@id":"https:\/\/www.synthec.com\/ecuador\/sostenibilidad\/#primaryimage"},"thumbnailUrl":"https:\/\/www.synthec.com\/ecuador\/wp-content\/uploads\/2023\/07\/banner-lubricacion.jpg","datePublished":"2023-07-13T14:26:28+00:00","dateModified":"2025-06-18T22:22:08+00:00","breadcrumb":{"@id":"https:\/\/www.synthec.com\/ecuador\/sostenibilidad\/#breadcrumb"},"inLanguage":"es-PE","potentialAction":[{"@type":"ReadAction","target":["https:\/\/www.synthec.com\/ecuador\/sostenibilidad\/"]}]},{"@type":"ImageObject","inLanguage":"es-PE","@id":"https:\/\/www.synthec.com\/ecuador\/sostenibilidad\/#primaryimage","url":"https:\/\/www.synthec.com\/ecuador\/wp-content\/uploads\/2023\/07\/banner-lubricacion.jpg","contentUrl":"https:\/\/www.synthec.com\/ecuador\/wp-content\/uploads\/2023\/07\/banner-lubricacion.jpg","width":1920,"height":616},{"@type":"BreadcrumbList","@id":"https:\/\/www.synthec.com\/ecuador\/sostenibilidad\/#breadcrumb","itemListElement":[{"@type":"ListItem","position":1,"name":"Home","item":"https:\/\/www.synthec.com\/ecuador\/"},{"@type":"ListItem","position":2,"name":"Sostenibilidad"}]},{"@type":"WebSite","@id":"https:\/\/www.synthec.com\/ecuador\/#website","url":"https:\/\/www.synthec.com\/ecuador\/","name":"Synthec.com","description":"Contribuimos con soluciones y productos de alta especialidad a la generaci\u00f3n de un futuro sostenible.","potentialAction":[{"@type":"SearchAction","target":{"@type":"EntryPoint","urlTemplate":"https:\/\/www.synthec.com\/ecuador\/?s={search_term_string}"},"query-input":{"@type":"PropertyValueSpecification","valueRequired":true,"valueName":"search_term_string"}}],"inLanguage":"es-PE"}]}},"_links":{"self":[{"href":"https:\/\/www.synthec.com\/ecuador\/wp-json\/wp\/v2\/pages\/525","targetHints":{"allow":["GET"]}}],"collection":[{"href":"https:\/\/www.synthec.com\/ecuador\/wp-json\/wp\/v2\/pages"}],"about":[{"href":"https:\/\/www.synthec.com\/ecuador\/wp-json\/wp\/v2\/types\/page"}],"author":[{"embeddable":true,"href":"https:\/\/www.synthec.com\/ecuador\/wp-json\/wp\/v2\/users\/1"}],"replies":[{"embeddable":true,"href":"https:\/\/www.synthec.com\/ecuador\/wp-json\/wp\/v2\/comments?post=525"}],"version-history":[{"count":0,"href":"https:\/\/www.synthec.com\/ecuador\/wp-json\/wp\/v2\/pages\/525\/revisions"}],"wp:featuredmedia":[{"embeddable":true,"href":"https:\/\/www.synthec.com\/ecuador\/wp-json\/wp\/v2\/media\/494"}],"wp:attachment":[{"href":"https:\/\/www.synthec.com\/ecuador\/wp-json\/wp\/v2\/media?parent=525"}],"curies":[{"name":"wp","href":"https:\/\/api.w.org\/{rel}","templated":true}]}}