{"id":3,"date":"2023-04-19T18:07:45","date_gmt":"2023-04-19T23:07:45","guid":{"rendered":"http:\/\/server\/annariel-synthec\/?page_id=3"},"modified":"2023-09-20T11:58:31","modified_gmt":"2023-09-20T16:58:31","slug":"politica-privacidad","status":"publish","type":"page","link":"https:\/\/www.synthec.com\/ecuador\/politica-privacidad\/","title":{"rendered":"Pol\u00edtica de Privacidad y Tratamiento de Datos Personales"},"content":{"rendered":"\n<h3 class=\"wp-block-heading\">RESPONSABLE DEL TRATAMIENTO DE LOS DATOS PERSONALES<\/h3>\n\n\n\n<p>SYNTHEC SOLUTIONS S.A.C (en adelante SYNTHEC), con registro \u00fanico de contribuyente N\u00ba 20509587958 y domicilio en Av. Mcal. La Mar N\u00ba 638 Of. 506, Miraflores, Lima &#8211; Per\u00fa, es una empresa dedicada a la importaci\u00f3n y comercializaci\u00f3n de bienes, entre ellos productos de la marca SYNTHEC salvo que se estipule de otra manera, los t\u00e9rminos \u201cSYNTHEC SOLUTIONS S.A.C.\u201d, \u201cSYNTHEC\u201d, \u201cnosotros\u201d y &#8216;a nosotros&#8217; contenidos en la presente Pol\u00edtica de Privacidad y Tratamiento de Datos Personales, se referir\u00e1n a SYNTHEC SOLUTIONS S.A.C..<\/p>\n\n\n\n<p>Esta Pol\u00edtica de Privacidad explica c\u00f3mo se recolectar\u00e1, almacenar\u00e1n y usar\u00e1n sus datos personales cuando visite nuestro sitio web http:\/\/tienda.synthec.com.pe, www.tienda.synthec.com.pe (en adelante la \u201cP\u00e1gina Web\u201d), y al realizar compras y pedidos en l\u00ednea. Asimismo, le brinda los detalles sobre los tipos de datos personales obtenidos, c\u00f3mo ser\u00e1n usados y explica los derechos que ustedes tienen para controlar el uso sus datos personales.<\/p>\n\n\n\n<p>Deber\u00e1 leer esta Pol\u00edtica de Privacidad cuidadosamente y se le recomienda imprimir y guardar una copia para una referencia futura. Al acceder, realizar b\u00fasquedas o usar de cualquier otra forma esta P\u00e1gina Web, usted confirma haber le\u00eddo, entendido y aceptado est\u00e1 Pol\u00edtica de Privacidad en su totalidad. Si no est\u00e1 de acuerdo con esta pol\u00edtica de privacidad en su totalidad, no deber\u00e1 usar esta P\u00e1gina Web.<\/p>\n\n\n\n<h3 class=\"wp-block-heading\">COMPROMISO<\/h3>\n\n\n\n<p>Por medio de la presente Pol\u00edtica de Tratamiento de Datos Personales, SYNTHEC demuestra una pr\u00e1ctica de alto nivel aparejada de medidas de seguridad apropiadas para garantizar la privacidad y seguridad de los datos personales que administra.<\/p>\n\n\n\n<p>Para ello nos comprometemos a:<\/p>\n\n\n\n<p>\u2022 Guardar confidencialidad salvo consentimiento previo del titular de los datos personales o resoluci\u00f3n judicial, sin perjuicio del derecho a guardar el secreto profesional.<br>\u2022 Efectuar el tratamiento de datos personales, s\u00f3lo previo consentimiento informado, expreso e inequ\u00edvoco del titular de los datos personales, salvo ley autoritativa, con excepci\u00f3n de los supuestos consignados en el art\u00edculo 14 de la Ley.<br>\u2022 Recopilar datos personales que sean necesarios, pertinentes, adecuados, y en la medida de lo posible actualizados, con relaci\u00f3n a las finalidades expl\u00edcitas, l\u00edcitas y determinadas e informadas previamente.<br>\u2022 No utilizar los datos personales objeto de tratamiento para finalidades distintas de aquellas que motivaron su recopilaci\u00f3n, salvo que medie procedimiento de anonimizaci\u00f3n o disociaci\u00f3n, conforme a Ley.<br>\u2022 Tratar los datos personales de manera que se respete los derechos fundamentales del titular y se posibilite el ejercicio de sus derechos.<br>\u2022 Suprimir y sustituir o, en su caso, completar los datos personales objeto de tratamiento cuando se tenga conocimiento de su car\u00e1cter inexacto, incompleto, sin perjuicio de los derechos del titular al respecto.<br>\u2022 Suprimir los datos personales objeto de tratamiento cuando hayan dejado de ser necesarios o pertinentes a la finalidad para la cual hubiesen sido recopilados o hubiese vencido el plazo para su tratamiento, salvo que medie procedimiento de anonimizaci\u00f3n o disociaci\u00f3n, conforme a Ley.<br>\u2022 Proporcionar a la Autoridad Nacional de Protecci\u00f3n de Datos Personales la informaci\u00f3n relativa al tratamiento de datos personales que esta le requiera y permitirle el acceso a los bancos de datos personales que administramos, para el ejercicio de sus funciones, en el marco de un procedimiento administrativo en curso solicitado por la parte afectada o iniciado de oficio.<\/p>\n\n\n\n<h3 class=\"wp-block-heading\">FINALIDAD DEL TRATAMIENTO<\/h3>\n\n\n\n<p>SYNTHEC realiza el tratamiento de datos personales de clientes, que tengan alguna relaci\u00f3n jur\u00eddica o comercial con la empresa con la finalidad de cumplir con la legislaci\u00f3n vigente, ejecutar la relaci\u00f3n jur\u00eddica que los titulares de los datos personales mantengan con SYNTHEC, as\u00ed como cualquier otra finalidad l\u00edcita debidamente informada a dichos titulares de datos personales.<\/p>\n\n\n\n<p>Asimismo, se informa que los datos ser\u00e1n eliminados cuando hayan dejado de ser necesarios o pertinentes a los fines para los cuales hubieren sido recolectados, no exista un mandato legal para su conservaci\u00f3n o exigencia contractual de la cual es parte SYNTHEC.<\/p>\n\n\n\n<h3 class=\"wp-block-heading\">CONSENTIMIENTO<\/h3>\n\n\n\n<p>Le informamos que para el tratamiento de sus datos personales, requerimos de su consentimiento previo, libre, inequ\u00edvoco y expreso, salvo en los casos de excepci\u00f3n expresamente establecidos por Ley.<\/p>\n\n\n\n<h3 class=\"wp-block-heading\">MENORES DE EDAD<\/h3>\n\n\n\n<p>Nosotros no recogemos intencionalmente en el presente ni en el futuro informaci\u00f3n de ninguna persona menor de 18 a\u00f1os sin supervisi\u00f3n. Si usted tiene menos de 18 a\u00f1os, no deber\u00e1 usar est\u00e1 P\u00e1gina Web ni enviarnos informaci\u00f3n personal, a menos que tenga el consentimiento expreso y la supervisi\u00f3n de un padre o tutor.<\/p>\n\n\n\n<h3 class=\"wp-block-heading\">DATOS PERSONALES<\/h3>\n\n\n\n<p>Nosotros no recogemos intencionalmente en el presente ni en el futuro informaci\u00f3n de ninguna persona menor de 18 a\u00f1os sin supervisi\u00f3n. Si usted tiene menos de 18 a\u00f1os, no deber\u00e1 usar est\u00e1 P\u00e1gina Web ni enviarnos informaci\u00f3n personal, a menos que tenga el consentimiento expreso y la supervisi\u00f3n de un padre o tutor.<\/p>\n\n\n\n<p>\u2022 Nombre<br>\u2022 N\u00famero de documento de identidad<br>\u2022 Tel\u00e9fono y correo electr\u00f3nico<br>\u2022 Direcci\u00f3n al lugar donde se entregar\u00e1 el pedido<br>\u2022 Datos de tarjetas de pago<\/p>\n\n\n\n<p>Le informaremos previamente, y de ser el caso solicitaremos su consentimiento, cuando recolectemos datos personales para fines diferentes a la atenci\u00f3n de su compra.<\/p>\n\n\n\n<h3 class=\"wp-block-heading\">\u00bfC\u00d3MO PODEMOS ALMACENAR Y PROCESAR SU INFORMACI\u00d3N?<\/h3>\n\n\n\n<p>SYNTHEC, a trav\u00e9s de socios y procesadores de informaci\u00f3n de propiedad de terceros, actuando en nuestro nombre, puede encargar parte de los datos personales de los que es responsable del tratamiento o los que forman parte de los Bancos de Datos de nuestra titularidad, con los siguientes fines:<\/p>\n\n\n\n<p>\u2022 A fin de poner esta P\u00e1gina Web a su disposici\u00f3n y proporcionarle el contenido que se ajuste a sus gustos personales.<br>\u2022 Con su consentimiento, enviarle comunicaciones (incluyendo mensajes de texto y correos electr\u00f3nicos) sobre ofertas promocionales y productos y servicios que creemos le puedan interesar, adem\u00e1s para prop\u00f3sitos de satisfacci\u00f3n del cliente y de investigaci\u00f3n de mercado<br>\u2022 Proporcionarle los bienes y servicios de SYNTHEC y para fines relacionados a su compra, incluyendo verificaci\u00f3n de su identidad<br>\u2022 Para fines de investigaci\u00f3n, an\u00e1lisis, pruebas, monitoreo, gesti\u00f3n de riesgos y fines administrativos<\/p>\n\n\n\n<p>Le informamos que encargamos parte del tratamiento de sus datos personales a las siguientes empresas:<br>MercadoLibre Per\u00fa S.R.L., con domicilio en CAL.GERMAN SCHREIBER GULSMANCO NRO. 276 &#8211; SAN ISIDRO, Lima, Per\u00fa quien nos proporciona la pasarela de pagos, con fines de gestionar, procesar los pagos y validar las transacciones que usted realice.<\/p>\n\n\n\n<p>Entrega Creativa S.A.C, con domicilio en Calle Salvador Allende 470, Surquillo, quien nos proporciona el servicio de entrega y distribuci\u00f3n de los productos.<\/p>\n\n\n\n<h3 class=\"wp-block-heading\">TRANSFERENCIAS INTERNACIONALES<\/h3>\n\n\n\n<p>Siempre con su consentimiento, podremos transferir sus datos personales (obtenidos en el proceso de compra), a SYNTHEC o a las empresas detalladas en los p\u00e1rrafos precedentes.<\/p>\n\n\n\n<p>Las transferencias internacionales de datos personales realizadas ser\u00e1n formalizadas mediante contrato, el cual definir\u00e1 las obligaciones legales para la protecci\u00f3n de datos personales establecidos en la legislaci\u00f3n peruana, adem\u00e1s de otras recomendaciones adecuadas a la legislaci\u00f3n nacional e internacional en caso aplique.<\/p>\n\n\n\n<h3 class=\"wp-block-heading\">TRANSFERENCIAS DE DATOS PERSONALES<\/h3>\n\n\n\n<p>Podremos transferir nacional e internacionalmente sus datos personales a terceras empresas o entidades p\u00fablicas, siempre que nos encontremos legitimados para ello o cuando por disposiciones legales o mandato judicial o administrativo efectuado por autoridades competentes seamos requeridos para ello.<br>En el caso de que terceros adquieran todo o parte de nuestro negocio y\/o activos, nosotros podemos revelar sus datos personales relacionados con la adquisici\u00f3n a dicho tercero, para lo cual el nuevo titular del banco de datos le informar\u00e1 sobre su nueva condici\u00f3n de titular de Banco de Datos Personales.<\/p>\n\n\n\n<h3 class=\"wp-block-heading\">PUBLICIDAD EN ANUNCIOS PERSONALIZADOS<\/h3>\n\n\n\n<p>Si navega en esta P\u00e1gina Web, usted podr\u00eda recibir anuncios publicitarios personalizados (banner) mientas explora otras p\u00e1ginas web confiables cuando nos haya dado su consentimiento para ello.<\/p>\n\n\n\n<h3 class=\"wp-block-heading\">ACTUALIZACIONES Y MARKETING DIRIGIDO<\/h3>\n\n\n\n<p>Si usted ha aceptado que podamos contactarlo con fines publicitarios, podr\u00edamos enviarle correos electr\u00f3nicos y otras comunicaciones relacionadas con los productos y servicios que pensamos ser\u00e1n de su inter\u00e9s y relevancia de forma individual, lo cual lograremos siguiendo los h\u00e1bitos de compra y navegaci\u00f3n de los clientes y proporcion\u00e1ndoles informaci\u00f3n sobre los productos que han visto y productos relacionados.<\/p>\n\n\n\n<h3 class=\"wp-block-heading\">SEGURIDAD<\/h3>\n\n\n\n<p>En cumplimiento de la normativa vigente, SYNTHEC adopta las medidas jur\u00eddicas, organizativas y t\u00e9cnicas apropiadas para garantizar la seguridad de los datos personales, evitando su alteraci\u00f3n, p\u00e9rdida, tratamiento indebido o acceso no autorizado.<\/p>\n\n\n\n<p>Para este prop\u00f3sito, pone a disposici\u00f3n todos los recursos humanos y tecnol\u00f3gicos necesarios, aplic\u00e1ndolos en proporci\u00f3n a la naturaleza de los datos almacenados y los riesgos a los que se encuentran expuestos.<\/p>\n\n\n\n<p>SYNTHEC s\u00f3lo realizar\u00e1 tratamiento sobre datos personales que est\u00e9n almacenados en repositorios que re\u00fanan las condiciones de seguridad exigidas por la normativa vigente en protecci\u00f3n de datos personales.<\/p>\n\n\n\n<p>Sin embargo, considere que si bien nosotros adoptamos las medidas adecuadas para salvaguardar los datos personales que usted nos proporcione, no se podr\u00e1 garantizar que toda transmisi\u00f3n a trav\u00e9s de Internet sea siempre segura.<\/p>\n\n\n\n<p>Si usted est\u00e1 utilizando una computadora o terminal en una ubicaci\u00f3n p\u00fablica, le recomendamos que siempre cierre sesi\u00f3n y cierre el navegador de la p\u00e1gina web cuando complete su sesi\u00f3n en l\u00ednea para su seguridad. Adem\u00e1s, le recomendamos las siguientes medidas para mejorar su seguridad en l\u00ednea:<\/p>\n\n\n\n<p>\u2022 En caso corresponda, conserve la contrase\u00f1a de su cuenta en privado. Recuerde que cualquier persona que conozca su contrase\u00f1a podr\u00e1 acceder a su cuenta.<br>\u2022 Al crear una contrase\u00f1a utilice por lo menos 8 caracteres. Es mejor una combinaci\u00f3n de letras y n\u00fameros.<br>\u2022 No utilice palabras de diccionario, su nombre, correo electr\u00f3nico, u otros datos personales que pueden obtenerse f\u00e1cilmente.<br>\u2022 Evite utilizar la misma contrase\u00f1a para varias cuentas en l\u00ednea.<\/p>\n\n\n\n<h3 class=\"wp-block-heading\">SEGURIDAD<\/h3>\n\n\n\n<p>Nunca le pediremos que confirme alg\u00fan detalle de su cuenta o tarjeta de cr\u00e9dito mediante correo electr\u00f3nico. Si usted recibe un correo electr\u00f3nico alegando ser de nosotros, cualquier proveedor externo, pidiendo hacerlo, s\u00edrvase ignorarlo, no abra el correo electr\u00f3nico y no responda.<\/p>\n\n\n\n<h3 class=\"wp-block-heading\">SUS DERECHOS<\/h3>\n\n\n\n<p>Usted tiene los siguientes derechos:<\/p>\n\n\n\n<p>\u2022 Derecho de Acceso e informaci\u00f3n: El titular de datos personales tiene derecho a obtener la informaci\u00f3n que sobre s\u00ed mismo sea objeto de tratamiento en bancos de datos de titularidad de SYNTHEC.<br>\u2022 Derecho de rectificaci\u00f3n, actualizaci\u00f3n e inclusi\u00f3n: El titular de datos personales tiene derecho a la actualizaci\u00f3n, inclusi\u00f3n y rectificaci\u00f3n de sus datos personales materia de tratamiento por parte de SYNTHEC cuando estos sean parcial o totalmente inexactos, incompletos o cuando se hubiere advertido omisi\u00f3n, error o falsedad.<br>\u2022 Derecho de Cancelaci\u00f3n o Supresi\u00f3n: El titular de datos personales podr\u00e1 solicitar la cancelaci\u00f3n o supresi\u00f3n de sus datos personales no relacionados o necesarios para la ejecuci\u00f3n de las obligaciones de cargo de SYNTHEC previstas en los contratos suscritos o las dispuestas por la normativa vigente.<br>\u2022 Derecho de Oposici\u00f3n: El titular de datos personales puede oponerse al tratamiento de sus datos personales en cualquier momento. La oposici\u00f3n proceder\u00e1 en la medida que el tratamiento no tenga justificaci\u00f3n contractual o legal.<\/p>\n\n\n\n<h3 class=\"wp-block-heading\">PROCEDIMIENTO PARA EL EJERCICIO DE LOS DERECHOS DEL TITULAR DE LOS DATOS PERSONALES<\/h3>\n\n\n\n<p>Los Titulares de los datos personales podr\u00e1n revocar su consentimiento o ejercer sus derechos de Ley, mediante la presentaci\u00f3n de su DNI u otro documento oficial de identidad y enviando su solicitud y\/o consultas a:<br>\u2022 Correo electr\u00f3nico: ecommerce@synthec.com.pe<br>\u2022 Oficina Central: Av. Mcal. La Mar N\u00ba 638 Of. 506, Miraflores, Lima &#8211; Per\u00fa- Lima. Telf: +51 985648747<\/p>\n\n\n\n<p>En caso que el titular del dato personal requiera ejercer sus derechos mediante un representante, \u00e9ste deber\u00e1 presentar carta poder legalizada por notario p\u00fablico que lo faculte como tal y su documento de identidad.<\/p>\n\n\n\n<p>Sin embargo, si desea cancelar la suscripci\u00f3n de las comunicaciones de marketing por correo electr\u00f3nico que nosotros le enviamos, usted puede hacerlo f\u00e1cilmente haciendo clic en el enlace de cancelar suscripci\u00f3n en la parte inferior de cualquier bolet\u00edn informativo que podamos haberle enviado o comunic\u00e1ndose con nosotros a nuestras oficinas en Lima.<\/p>\n\n\n\n<h3 class=\"wp-block-heading\">P\u00c1GINAS WEB DE TERCEROS<\/h3>\n\n\n\n<p>Esta P\u00e1gina Web podr\u00e1 contener enlaces que dirijan a otras p\u00e1ginas web administradas por terceros. S\u00edrvase considerar que esta pol\u00edtica de privacidad aplica solo a los datos personales que recolectamos a trav\u00e9s de esta p\u00e1gina web y no podemos ser responsables de los datos personales que terceros puedan recolectar, almacenar y utilizar a trav\u00e9s de sus p\u00e1ginas web (incluso micrositios). Se aconseja leer siempre la pol\u00edtica de privacidad de cada p\u00e1gina web que visite cuidadosamente.<\/p>\n\n\n\n<h3 class=\"wp-block-heading\">ACTUALIZACIONES A ESTA POL\u00cdTICA<\/h3>\n\n\n\n<p>Esta pol\u00edtica de privacidad surte efecto a partir del 15 de Marzo de 2021. S\u00edrvase revisar la p\u00e1gina web regularmente para mantenerse informado de las actualizaciones.<\/p>\n\n\n\n<h3 class=\"wp-block-heading\">CONT\u00c1CTENOS<\/h3>\n\n\n\n<p>Si tiene alguna pregunta, s\u00edrvase contactarnos a: ecommerce@synthec.com.pe o al Telef. +51 985648747<\/p>\n","protected":false},"excerpt":{"rendered":"<p>RESPONSABLE DEL TRATAMIENTO DE LOS DATOS PERSONALES SYNTHEC SOLUTIONS S.A.C (en adelante SYNTHEC), con registro \u00fanico de contribuyente N\u00ba 20509587958 y domicilio en Av. Mcal. La Mar N\u00ba 638 Of. 506, Miraflores, Lima &#8211; Per\u00fa, es una empresa dedicada a la importaci\u00f3n y comercializaci\u00f3n de bienes, entre ellos productos de la marca SYNTHEC salvo que [&hellip;]<\/p>\n","protected":false},"author":1,"featured_media":0,"parent":0,"menu_order":0,"comment_status":"closed","ping_status":"closed","template":"","meta":{"_acf_changed":false,"footnotes":""},"class_list":["post-3","page","type-page","status-publish","hentry"],"acf":[],"yoast_head":"<!-- This site is optimized with the Yoast SEO plugin v27.0 - https:\/\/yoast.com\/product\/yoast-seo-wordpress\/ -->\n<title>Pol\u00edtica de Privacidad y Tratamiento de Datos Personales - Synthec.com<\/title>\n<meta name=\"robots\" content=\"index, follow, max-snippet:-1, max-image-preview:large, max-video-preview:-1\" \/>\n<link rel=\"canonical\" href=\"https:\/\/www.synthec.com\/ecuador\/politica-privacidad\/\" \/>\n<meta property=\"og:locale\" content=\"es_ES\" \/>\n<meta property=\"og:type\" content=\"article\" \/>\n<meta property=\"og:title\" content=\"Pol\u00edtica de Privacidad y Tratamiento de Datos Personales - Synthec.com\" \/>\n<meta property=\"og:description\" content=\"RESPONSABLE DEL TRATAMIENTO DE LOS DATOS PERSONALES SYNTHEC SOLUTIONS S.A.C (en adelante SYNTHEC), con registro \u00fanico de contribuyente N\u00ba 20509587958 y domicilio en Av. Mcal. La Mar N\u00ba 638 Of. 506, Miraflores, Lima &#8211; Per\u00fa, es una empresa dedicada a la importaci\u00f3n y comercializaci\u00f3n de bienes, entre ellos productos de la marca SYNTHEC salvo que [&hellip;]\" \/>\n<meta property=\"og:url\" content=\"https:\/\/www.synthec.com\/ecuador\/politica-privacidad\/\" \/>\n<meta property=\"og:site_name\" content=\"Synthec.com\" \/>\n<meta property=\"article:modified_time\" content=\"2023-09-20T16:58:31+00:00\" \/>\n<meta name=\"twitter:card\" content=\"summary_large_image\" \/>\n<meta name=\"twitter:label1\" content=\"Est. reading time\" \/>\n\t<meta name=\"twitter:data1\" content=\"10 minutos\" \/>\n<script type=\"application\/ld+json\" class=\"yoast-schema-graph\">{\"@context\":\"https:\/\/schema.org\",\"@graph\":[{\"@type\":\"WebPage\",\"@id\":\"https:\/\/www.synthec.com\/ecuador\/politica-privacidad\/\",\"url\":\"https:\/\/www.synthec.com\/ecuador\/politica-privacidad\/\",\"name\":\"Pol\u00edtica de Privacidad y Tratamiento de Datos Personales - Synthec.com\",\"isPartOf\":{\"@id\":\"https:\/\/www.synthec.com\/ecuador\/#website\"},\"datePublished\":\"2023-04-19T23:07:45+00:00\",\"dateModified\":\"2023-09-20T16:58:31+00:00\",\"breadcrumb\":{\"@id\":\"https:\/\/www.synthec.com\/ecuador\/politica-privacidad\/#breadcrumb\"},\"inLanguage\":\"es-PE\",\"potentialAction\":[{\"@type\":\"ReadAction\",\"target\":[\"https:\/\/www.synthec.com\/ecuador\/politica-privacidad\/\"]}]},{\"@type\":\"BreadcrumbList\",\"@id\":\"https:\/\/www.synthec.com\/ecuador\/politica-privacidad\/#breadcrumb\",\"itemListElement\":[{\"@type\":\"ListItem\",\"position\":1,\"name\":\"Home\",\"item\":\"https:\/\/www.synthec.com\/ecuador\/\"},{\"@type\":\"ListItem\",\"position\":2,\"name\":\"Pol\u00edtica de Privacidad y Tratamiento de Datos Personales\"}]},{\"@type\":\"WebSite\",\"@id\":\"https:\/\/www.synthec.com\/ecuador\/#website\",\"url\":\"https:\/\/www.synthec.com\/ecuador\/\",\"name\":\"Synthec.com\",\"description\":\"Contribuimos con soluciones y productos de alta especialidad a la generaci\u00f3n de un futuro sostenible.\",\"potentialAction\":[{\"@type\":\"SearchAction\",\"target\":{\"@type\":\"EntryPoint\",\"urlTemplate\":\"https:\/\/www.synthec.com\/ecuador\/?s={search_term_string}\"},\"query-input\":{\"@type\":\"PropertyValueSpecification\",\"valueRequired\":true,\"valueName\":\"search_term_string\"}}],\"inLanguage\":\"es-PE\"}]}<\/script>\n<!-- \/ Yoast SEO plugin. -->","yoast_head_json":{"title":"Pol\u00edtica de Privacidad y Tratamiento de Datos Personales - Synthec.com","robots":{"index":"index","follow":"follow","max-snippet":"max-snippet:-1","max-image-preview":"max-image-preview:large","max-video-preview":"max-video-preview:-1"},"canonical":"https:\/\/www.synthec.com\/ecuador\/politica-privacidad\/","og_locale":"es_ES","og_type":"article","og_title":"Pol\u00edtica de Privacidad y Tratamiento de Datos Personales - Synthec.com","og_description":"RESPONSABLE DEL TRATAMIENTO DE LOS DATOS PERSONALES SYNTHEC SOLUTIONS S.A.C (en adelante SYNTHEC), con registro \u00fanico de contribuyente N\u00ba 20509587958 y domicilio en Av. Mcal. La Mar N\u00ba 638 Of. 506, Miraflores, Lima &#8211; Per\u00fa, es una empresa dedicada a la importaci\u00f3n y comercializaci\u00f3n de bienes, entre ellos productos de la marca SYNTHEC salvo que [&hellip;]","og_url":"https:\/\/www.synthec.com\/ecuador\/politica-privacidad\/","og_site_name":"Synthec.com","article_modified_time":"2023-09-20T16:58:31+00:00","twitter_card":"summary_large_image","twitter_misc":{"Est. reading time":"10 minutos"},"schema":{"@context":"https:\/\/schema.org","@graph":[{"@type":"WebPage","@id":"https:\/\/www.synthec.com\/ecuador\/politica-privacidad\/","url":"https:\/\/www.synthec.com\/ecuador\/politica-privacidad\/","name":"Pol\u00edtica de Privacidad y Tratamiento de Datos Personales - Synthec.com","isPartOf":{"@id":"https:\/\/www.synthec.com\/ecuador\/#website"},"datePublished":"2023-04-19T23:07:45+00:00","dateModified":"2023-09-20T16:58:31+00:00","breadcrumb":{"@id":"https:\/\/www.synthec.com\/ecuador\/politica-privacidad\/#breadcrumb"},"inLanguage":"es-PE","potentialAction":[{"@type":"ReadAction","target":["https:\/\/www.synthec.com\/ecuador\/politica-privacidad\/"]}]},{"@type":"BreadcrumbList","@id":"https:\/\/www.synthec.com\/ecuador\/politica-privacidad\/#breadcrumb","itemListElement":[{"@type":"ListItem","position":1,"name":"Home","item":"https:\/\/www.synthec.com\/ecuador\/"},{"@type":"ListItem","position":2,"name":"Pol\u00edtica de Privacidad y Tratamiento de Datos Personales"}]},{"@type":"WebSite","@id":"https:\/\/www.synthec.com\/ecuador\/#website","url":"https:\/\/www.synthec.com\/ecuador\/","name":"Synthec.com","description":"Contribuimos con soluciones y productos de alta especialidad a la generaci\u00f3n de un futuro sostenible.","potentialAction":[{"@type":"SearchAction","target":{"@type":"EntryPoint","urlTemplate":"https:\/\/www.synthec.com\/ecuador\/?s={search_term_string}"},"query-input":{"@type":"PropertyValueSpecification","valueRequired":true,"valueName":"search_term_string"}}],"inLanguage":"es-PE"}]}},"_links":{"self":[{"href":"https:\/\/www.synthec.com\/ecuador\/wp-json\/wp\/v2\/pages\/3","targetHints":{"allow":["GET"]}}],"collection":[{"href":"https:\/\/www.synthec.com\/ecuador\/wp-json\/wp\/v2\/pages"}],"about":[{"href":"https:\/\/www.synthec.com\/ecuador\/wp-json\/wp\/v2\/types\/page"}],"author":[{"embeddable":true,"href":"https:\/\/www.synthec.com\/ecuador\/wp-json\/wp\/v2\/users\/1"}],"replies":[{"embeddable":true,"href":"https:\/\/www.synthec.com\/ecuador\/wp-json\/wp\/v2\/comments?post=3"}],"version-history":[{"count":0,"href":"https:\/\/www.synthec.com\/ecuador\/wp-json\/wp\/v2\/pages\/3\/revisions"}],"wp:attachment":[{"href":"https:\/\/www.synthec.com\/ecuador\/wp-json\/wp\/v2\/media?parent=3"}],"curies":[{"name":"wp","href":"https:\/\/api.w.org\/{rel}","templated":true}]}}