{"id":5321,"date":"2023-11-03T21:44:09","date_gmt":"2023-11-04T02:44:09","guid":{"rendered":"https:\/\/35.193.255.18\/synthec\/colombia\/producto\/super-lube-o-ring-silicone-grease\/"},"modified":"2023-11-14T17:00:00","modified_gmt":"2023-11-14T22:00:00","slug":"super-lube-o-ring-silicone-grease","status":"publish","type":"product","link":"https:\/\/www.synthec.com\/colombia\/producto\/super-lube-o-ring-silicone-grease\/","title":{"rendered":"SUPER LUBE O -Ring Silicone Grease"},"content":{"rendered":"<p>Super Lube\u00ae O-Ring Silicone Grease es un compuesto de silicona no curable especialmente formulado que est\u00e1 dise\u00f1ado para lubricar, sellar y acondicionar O-rings y otros reguladores, aspiradoras y componentes del sistema de v\u00e1lvulas.<\/p>\n<p>Usando Super Lube\u00ae O-Ring Silicone Grease durante la instalaci\u00f3n, ayuda a proteger las juntas t\u00f3ricas de da\u00f1os por abrasi\u00f3n, pellizcos o cortes. Tambi\u00e9n ayuda a asentar las juntas t\u00f3ricas correctamente, acelera las operaciones de montaje y mejora el montaje automatizado.<\/p>\n","protected":false},"excerpt":{"rendered":"<p>Super Lube\u00ae O-Ring Silicone Grease es un compuesto de silicona no curable especialmente formulado que est\u00e1 dise\u00f1ado para lubricar, sellar y acondicionar O-rings y otros reguladores, aspiradoras y componentes del sistema de v\u00e1lvulas. Usando Super Lube\u00ae O-Ring Silicone Grease durante la instalaci\u00f3n, ayuda a proteger las juntas t\u00f3ricas de da\u00f1os por abrasi\u00f3n, pellizcos o cortes. [&hellip;]<\/p>\n","protected":false},"featured_media":5647,"comment_status":"open","ping_status":"closed","template":"","meta":{"_acf_changed":false},"product_brand":[],"product_cat":[30,33],"product_tag":[],"product_line":[],"brand":[220],"class_list":{"0":"post-5321","1":"product","2":"type-product","3":"status-publish","4":"has-post-thumbnail","6":"product_cat-lubricacion","7":"product_cat-lubricantes-de-alto-desempeno","8":"brand-super-lube","10":"first","11":"instock","12":"shipping-taxable","13":"product-type-simple"},"acf":[],"yoast_head":"<!-- This site is optimized with the Yoast SEO plugin v25.4 - https:\/\/yoast.com\/wordpress\/plugins\/seo\/ -->\n<title>SUPER LUBE O -Ring Silicone Grease - Synthec<\/title>\n<meta name=\"robots\" content=\"index, follow, max-snippet:-1, max-image-preview:large, max-video-preview:-1\" \/>\n<link rel=\"canonical\" href=\"https:\/\/www.synthec.com\/colombia\/producto\/super-lube-o-ring-silicone-grease\/\" \/>\n<meta property=\"og:locale\" content=\"es_ES\" \/>\n<meta property=\"og:type\" content=\"article\" \/>\n<meta property=\"og:title\" content=\"SUPER LUBE O -Ring Silicone Grease - Synthec\" \/>\n<meta property=\"og:description\" content=\"Super Lube\u00ae O-Ring Silicone Grease es un compuesto de silicona no curable especialmente formulado que est\u00e1 dise\u00f1ado para lubricar, sellar y acondicionar O-rings y otros reguladores, aspiradoras y componentes del sistema de v\u00e1lvulas. Usando Super Lube\u00ae O-Ring Silicone Grease durante la instalaci\u00f3n, ayuda a proteger las juntas t\u00f3ricas de da\u00f1os por abrasi\u00f3n, pellizcos o cortes. [&hellip;]\" \/>\n<meta property=\"og:url\" content=\"https:\/\/www.synthec.com\/colombia\/producto\/super-lube-o-ring-silicone-grease\/\" \/>\n<meta property=\"og:site_name\" content=\"Synthec\" \/>\n<meta property=\"article:modified_time\" content=\"2023-11-14T22:00:00+00:00\" \/>\n<meta property=\"og:image\" content=\"https:\/\/www.synthec.com\/colombia\/wp-content\/uploads\/2023\/11\/SL-93003.png\" \/>\n\t<meta property=\"og:image:width\" content=\"564\" \/>\n\t<meta property=\"og:image:height\" content=\"544\" \/>\n\t<meta property=\"og:image:type\" content=\"image\/png\" \/>\n<meta name=\"twitter:card\" content=\"summary_large_image\" \/>\n<script type=\"application\/ld+json\" class=\"yoast-schema-graph\">{\"@context\":\"https:\/\/schema.org\",\"@graph\":[{\"@type\":\"WebPage\",\"@id\":\"https:\/\/www.synthec.com\/colombia\/producto\/super-lube-o-ring-silicone-grease\/\",\"url\":\"https:\/\/www.synthec.com\/colombia\/producto\/super-lube-o-ring-silicone-grease\/\",\"name\":\"SUPER LUBE O -Ring Silicone Grease - Synthec\",\"isPartOf\":{\"@id\":\"https:\/\/www.synthec.com\/colombia\/#website\"},\"primaryImageOfPage\":{\"@id\":\"https:\/\/www.synthec.com\/colombia\/producto\/super-lube-o-ring-silicone-grease\/#primaryimage\"},\"image\":{\"@id\":\"https:\/\/www.synthec.com\/colombia\/producto\/super-lube-o-ring-silicone-grease\/#primaryimage\"},\"thumbnailUrl\":\"https:\/\/www.synthec.com\/colombia\/wp-content\/uploads\/2023\/11\/SL-93003.png\",\"datePublished\":\"2023-11-04T02:44:09+00:00\",\"dateModified\":\"2023-11-14T22:00:00+00:00\",\"breadcrumb\":{\"@id\":\"https:\/\/www.synthec.com\/colombia\/producto\/super-lube-o-ring-silicone-grease\/#breadcrumb\"},\"inLanguage\":\"es-PE\",\"potentialAction\":[{\"@type\":\"ReadAction\",\"target\":[\"https:\/\/www.synthec.com\/colombia\/producto\/super-lube-o-ring-silicone-grease\/\"]}]},{\"@type\":\"ImageObject\",\"inLanguage\":\"es-PE\",\"@id\":\"https:\/\/www.synthec.com\/colombia\/producto\/super-lube-o-ring-silicone-grease\/#primaryimage\",\"url\":\"https:\/\/www.synthec.com\/colombia\/wp-content\/uploads\/2023\/11\/SL-93003.png\",\"contentUrl\":\"https:\/\/www.synthec.com\/colombia\/wp-content\/uploads\/2023\/11\/SL-93003.png\",\"width\":564,\"height\":544},{\"@type\":\"BreadcrumbList\",\"@id\":\"https:\/\/www.synthec.com\/colombia\/producto\/super-lube-o-ring-silicone-grease\/#breadcrumb\",\"itemListElement\":[{\"@type\":\"ListItem\",\"position\":1,\"name\":\"Home\",\"item\":\"https:\/\/www.synthec.com\/colombia\/\"},{\"@type\":\"ListItem\",\"position\":2,\"name\":\"Shop\",\"item\":\"https:\/\/www.synthec.com\/colombia\/shop\/\"},{\"@type\":\"ListItem\",\"position\":3,\"name\":\"SUPER LUBE O -Ring Silicone Grease\"}]},{\"@type\":\"WebSite\",\"@id\":\"https:\/\/www.synthec.com\/colombia\/#website\",\"url\":\"https:\/\/www.synthec.com\/colombia\/\",\"name\":\"Synthec\",\"description\":\"Contribuimos con soluciones y productos de alta especialidad a la generaci\u00f3n de un futuro sostenible.\",\"potentialAction\":[{\"@type\":\"SearchAction\",\"target\":{\"@type\":\"EntryPoint\",\"urlTemplate\":\"https:\/\/www.synthec.com\/colombia\/?s={search_term_string}\"},\"query-input\":{\"@type\":\"PropertyValueSpecification\",\"valueRequired\":true,\"valueName\":\"search_term_string\"}}],\"inLanguage\":\"es-PE\"}]}<\/script>\n<!-- \/ Yoast SEO plugin. -->","yoast_head_json":{"title":"SUPER LUBE O -Ring Silicone Grease - Synthec","robots":{"index":"index","follow":"follow","max-snippet":"max-snippet:-1","max-image-preview":"max-image-preview:large","max-video-preview":"max-video-preview:-1"},"canonical":"https:\/\/www.synthec.com\/colombia\/producto\/super-lube-o-ring-silicone-grease\/","og_locale":"es_ES","og_type":"article","og_title":"SUPER LUBE O -Ring Silicone Grease - Synthec","og_description":"Super Lube\u00ae O-Ring Silicone Grease es un compuesto de silicona no curable especialmente formulado que est\u00e1 dise\u00f1ado para lubricar, sellar y acondicionar O-rings y otros reguladores, aspiradoras y componentes del sistema de v\u00e1lvulas. Usando Super Lube\u00ae O-Ring Silicone Grease durante la instalaci\u00f3n, ayuda a proteger las juntas t\u00f3ricas de da\u00f1os por abrasi\u00f3n, pellizcos o cortes. [&hellip;]","og_url":"https:\/\/www.synthec.com\/colombia\/producto\/super-lube-o-ring-silicone-grease\/","og_site_name":"Synthec","article_modified_time":"2023-11-14T22:00:00+00:00","og_image":[{"width":564,"height":544,"url":"https:\/\/www.synthec.com\/colombia\/wp-content\/uploads\/2023\/11\/SL-93003.png","type":"image\/png"}],"twitter_card":"summary_large_image","schema":{"@context":"https:\/\/schema.org","@graph":[{"@type":"WebPage","@id":"https:\/\/www.synthec.com\/colombia\/producto\/super-lube-o-ring-silicone-grease\/","url":"https:\/\/www.synthec.com\/colombia\/producto\/super-lube-o-ring-silicone-grease\/","name":"SUPER LUBE O -Ring Silicone Grease - Synthec","isPartOf":{"@id":"https:\/\/www.synthec.com\/colombia\/#website"},"primaryImageOfPage":{"@id":"https:\/\/www.synthec.com\/colombia\/producto\/super-lube-o-ring-silicone-grease\/#primaryimage"},"image":{"@id":"https:\/\/www.synthec.com\/colombia\/producto\/super-lube-o-ring-silicone-grease\/#primaryimage"},"thumbnailUrl":"https:\/\/www.synthec.com\/colombia\/wp-content\/uploads\/2023\/11\/SL-93003.png","datePublished":"2023-11-04T02:44:09+00:00","dateModified":"2023-11-14T22:00:00+00:00","breadcrumb":{"@id":"https:\/\/www.synthec.com\/colombia\/producto\/super-lube-o-ring-silicone-grease\/#breadcrumb"},"inLanguage":"es-PE","potentialAction":[{"@type":"ReadAction","target":["https:\/\/www.synthec.com\/colombia\/producto\/super-lube-o-ring-silicone-grease\/"]}]},{"@type":"ImageObject","inLanguage":"es-PE","@id":"https:\/\/www.synthec.com\/colombia\/producto\/super-lube-o-ring-silicone-grease\/#primaryimage","url":"https:\/\/www.synthec.com\/colombia\/wp-content\/uploads\/2023\/11\/SL-93003.png","contentUrl":"https:\/\/www.synthec.com\/colombia\/wp-content\/uploads\/2023\/11\/SL-93003.png","width":564,"height":544},{"@type":"BreadcrumbList","@id":"https:\/\/www.synthec.com\/colombia\/producto\/super-lube-o-ring-silicone-grease\/#breadcrumb","itemListElement":[{"@type":"ListItem","position":1,"name":"Home","item":"https:\/\/www.synthec.com\/colombia\/"},{"@type":"ListItem","position":2,"name":"Shop","item":"https:\/\/www.synthec.com\/colombia\/shop\/"},{"@type":"ListItem","position":3,"name":"SUPER LUBE O -Ring Silicone Grease"}]},{"@type":"WebSite","@id":"https:\/\/www.synthec.com\/colombia\/#website","url":"https:\/\/www.synthec.com\/colombia\/","name":"Synthec","description":"Contribuimos con soluciones y productos de alta especialidad a la generaci\u00f3n de un futuro sostenible.","potentialAction":[{"@type":"SearchAction","target":{"@type":"EntryPoint","urlTemplate":"https:\/\/www.synthec.com\/colombia\/?s={search_term_string}"},"query-input":{"@type":"PropertyValueSpecification","valueRequired":true,"valueName":"search_term_string"}}],"inLanguage":"es-PE"}]}},"_links":{"self":[{"href":"https:\/\/www.synthec.com\/colombia\/wp-json\/wp\/v2\/product\/5321","targetHints":{"allow":["GET"]}}],"collection":[{"href":"https:\/\/www.synthec.com\/colombia\/wp-json\/wp\/v2\/product"}],"about":[{"href":"https:\/\/www.synthec.com\/colombia\/wp-json\/wp\/v2\/types\/product"}],"replies":[{"embeddable":true,"href":"https:\/\/www.synthec.com\/colombia\/wp-json\/wp\/v2\/comments?post=5321"}],"wp:featuredmedia":[{"embeddable":true,"href":"https:\/\/www.synthec.com\/colombia\/wp-json\/wp\/v2\/media\/5647"}],"wp:attachment":[{"href":"https:\/\/www.synthec.com\/colombia\/wp-json\/wp\/v2\/media?parent=5321"}],"wp:term":[{"taxonomy":"product_brand","embeddable":true,"href":"https:\/\/www.synthec.com\/colombia\/wp-json\/wp\/v2\/product_brand?post=5321"},{"taxonomy":"product_cat","embeddable":true,"href":"https:\/\/www.synthec.com\/colombia\/wp-json\/wp\/v2\/product_cat?post=5321"},{"taxonomy":"product_tag","embeddable":true,"href":"https:\/\/www.synthec.com\/colombia\/wp-json\/wp\/v2\/product_tag?post=5321"},{"taxonomy":"product_line","embeddable":true,"href":"https:\/\/www.synthec.com\/colombia\/wp-json\/wp\/v2\/product_line?post=5321"},{"taxonomy":"brand","embeddable":true,"href":"https:\/\/www.synthec.com\/colombia\/wp-json\/wp\/v2\/brand?post=5321"}],"curies":[{"name":"wp","href":"https:\/\/api.w.org\/{rel}","templated":true}]}}